{"id":17860,"date":"2023-12-10T13:10:42","date_gmt":"2023-12-10T13:10:42","guid":{"rendered":"https:\/\/softcode-development1.eu\/?page_id=17860"},"modified":"2025-01-28T13:27:35","modified_gmt":"2025-01-28T13:27:35","slug":"verslo-kelioniu-ir-renginiu-organizavimas","status":"publish","type":"page","link":"https:\/\/bpctravel.lt\/en\/verslo-kelioniu-ir-renginiu-organizavimas\/","title":{"rendered":"Verslo kelioni\u0173 ir rengini\u0173 organizavimas"},"content":{"rendered":"<div data-elementor-type=\"wp-page\" data-elementor-id=\"17860\" class=\"elementor elementor-17860\">\n\t\t\t\t\t\t<section class=\"elementor-section elementor-top-section elementor-element elementor-element-2f96d59 elementor-section-boxed elementor-section-height-default elementor-section-height-default\" data-id=\"2f96d59\" data-element_type=\"section\" data-e-type=\"section\" data-settings=\"{&quot;background_background&quot;:&quot;classic&quot;,&quot;shape_divider_bottom&quot;:&quot;curve&quot;,&quot;shape_divider_bottom_negative&quot;:&quot;yes&quot;}\">\n\t\t\t\t\t<div class=\"elementor-shape elementor-shape-bottom\" aria-hidden=\"true\" data-negative=\"true\">\n\t\t\t<svg xmlns=\"http:\/\/www.w3.org\/2000\/svg\" viewbox=\"0 0 1000 100\" preserveaspectratio=\"none\">\n\t<path class=\"elementor-shape-fill\" d=\"M500,97C126.7,96.3,0.8,19.8,0,0v100l1000,0V1C1000,19.4,873.3,97.8,500,97z\"\/>\n<\/svg>\t\t<\/div>\n\t\t\t\t\t<div class=\"elementor-container elementor-column-gap-default\">\n\t\t\t\t\t<div class=\"elementor-column elementor-col-100 elementor-top-column elementor-element elementor-element-d7d2c5f\" data-id=\"d7d2c5f\" data-element_type=\"column\" data-e-type=\"column\">\n\t\t\t<div class=\"elementor-widget-wrap elementor-element-populated\">\n\t\t\t\t\t\t<div class=\"elementor-element elementor-element-ec8ee22 display-1 elementor-widget elementor-widget-heading\" data-id=\"ec8ee22\" data-element_type=\"widget\" data-e-type=\"widget\" data-widget_type=\"heading.default\">\n\t\t\t\t<div class=\"elementor-widget-container\">\n\t\t\t\t\t<h1 class=\"elementor-heading-title elementor-size-default\">Verslo kelioni\u0173 ir rengini\u0173 organizavimas<\/h1>\t\t\t\t<\/div>\n\t\t\t\t<\/div>\n\t\t\t\t\t<\/div>\n\t\t<\/div>\n\t\t\t\t\t<\/div>\n\t\t<\/section>\n\t\t\t\t<section class=\"elementor-section elementor-top-section elementor-element elementor-element-d4765c9 elementor-section-boxed elementor-section-height-default elementor-section-height-default\" data-id=\"d4765c9\" data-element_type=\"section\" data-e-type=\"section\">\n\t\t\t\t\t\t<div class=\"elementor-container elementor-column-gap-default\">\n\t\t\t\t\t<div class=\"elementor-column elementor-col-100 elementor-top-column elementor-element elementor-element-4facc3d\" data-id=\"4facc3d\" data-element_type=\"column\" data-e-type=\"column\">\n\t\t\t<div class=\"elementor-widget-wrap elementor-element-populated\">\n\t\t\t\t\t\t<section class=\"elementor-section elementor-inner-section elementor-element elementor-element-da612a6 elementor-section-boxed elementor-section-height-default elementor-section-height-default\" data-id=\"da612a6\" data-element_type=\"section\" data-e-type=\"section\">\n\t\t\t\t\t\t<div class=\"elementor-container elementor-column-gap-default\">\n\t\t\t\t\t<div class=\"elementor-column elementor-col-50 elementor-inner-column elementor-element elementor-element-2937929\" data-id=\"2937929\" data-element_type=\"column\" data-e-type=\"column\">\n\t\t\t<div class=\"elementor-widget-wrap elementor-element-populated\">\n\t\t\t\t\t\t<div class=\"elementor-element elementor-element-bcf9429 lift ot-view-default ot-position-top elementor-widget elementor-widget-ot-iconbox\" data-id=\"bcf9429\" data-element_type=\"widget\" data-e-type=\"widget\" data-widget_type=\"ot-iconbox.default\">\n\t\t\t\t<div class=\"elementor-widget-container\">\n\t\t\t\t\t\t\t<div class=\"ot-icon-box box-content\">\r\n\t\t\t\t\t\t<div class=\"ot-icon-box__icon\">\r\n\t\t\t\t<svg aria-hidden=\"true\" class=\"e-font-icon-svg e-fas-suitcase\" viewbox=\"0 0 512 512\" xmlns=\"http:\/\/www.w3.org\/2000\/svg\"><path d=\"M128 480h256V80c0-26.5-21.5-48-48-48H176c-26.5 0-48 21.5-48 48v400zm64-384h128v32H192V96zm320 80v256c0 26.5-21.5 48-48 48h-48V128h48c26.5 0 48 21.5 48 48zM96 480H48c-26.5 0-48-21.5-48-48V176c0-26.5 21.5-48 48-48h48v352z\"><\/path><\/svg>\t        <\/div>\r\n\t        \t        <div class=\"ot-icon-box__content\">\r\n\t        \t<h3 class=\"icon-box-title\">Verslo kelioni\u0173 organizavimas<\/h3>\t\t\t\t<div class=\"icon-box-des\">Verslo kelioni\u0173 organizavimas \u2013 m\u016bs\u0173 DNR. Efektyvus kelioni\u0173 planavimas, skryd\u017ei\u0173 bilietai, vie\u0161bu\u010diai ir perve\u017eimai, kurie pad\u0117s sutaupyti iki 15% kelioni\u0173 i\u0161laid\u0173. Mes r\u016bpinam\u0117s kiekvienu kelion\u0117s etapu, kad J\u016bs gal\u0117tum\u0117te skirti daugiau laiko svarbiems \u012fmon\u0117s tikslams. Atraskite, kaip mes galime optimizuoti verslo keliones ir padidinti j\u016bs\u0173 kelioni\u0173 efektyvum\u0105 \u2013 u\u017esisakykite dabar!<\/div>\t\t\t\t\t        \t<div class=\"icon-box-btn\">\r\n\t        \t\t<a href=\"https:\/\/bpctravel.lt\/en\/kontaktai\/\" class=\"more hover\">U\u017esakyti<\/a>\r\n\t        \t<\/div>\r\n\t        \t\t\t\t<\/div>\t\r\n\t    <\/div>\r\n\t    \t\t\t\t<\/div>\n\t\t\t\t<\/div>\n\t\t\t\t\t<\/div>\n\t\t<\/div>\n\t\t\t\t<div class=\"elementor-column elementor-col-50 elementor-inner-column elementor-element elementor-element-cb3a1eb\" data-id=\"cb3a1eb\" data-element_type=\"column\" data-e-type=\"column\">\n\t\t\t<div class=\"elementor-widget-wrap elementor-element-populated\">\n\t\t\t\t\t\t<div class=\"elementor-element elementor-element-81b95fe lift ot-view-default ot-position-top elementor-widget elementor-widget-ot-iconbox\" data-id=\"81b95fe\" data-element_type=\"widget\" data-e-type=\"widget\" data-widget_type=\"ot-iconbox.default\">\n\t\t\t\t<div class=\"elementor-widget-container\">\n\t\t\t\t\t\t\t<div class=\"ot-icon-box box-content\">\r\n\t\t\t\t\t\t<div class=\"ot-icon-box__icon\">\r\n\t\t\t\t<svg aria-hidden=\"true\" class=\"e-font-icon-svg e-fas-hotel\" viewbox=\"0 0 576 512\" xmlns=\"http:\/\/www.w3.org\/2000\/svg\"><path d=\"M560 64c8.84 0 16-7.16 16-16V16c0-8.84-7.16-16-16-16H16C7.16 0 0 7.16 0 16v32c0 8.84 7.16 16 16 16h15.98v384H16c-8.84 0-16 7.16-16 16v32c0 8.84 7.16 16 16 16h240v-80c0-8.8 7.2-16 16-16h32c8.8 0 16 7.2 16 16v80h240c8.84 0 16-7.16 16-16v-32c0-8.84-7.16-16-16-16h-16V64h16zm-304 44.8c0-6.4 6.4-12.8 12.8-12.8h38.4c6.4 0 12.8 6.4 12.8 12.8v38.4c0 6.4-6.4 12.8-12.8 12.8h-38.4c-6.4 0-12.8-6.4-12.8-12.8v-38.4zm0 96c0-6.4 6.4-12.8 12.8-12.8h38.4c6.4 0 12.8 6.4 12.8 12.8v38.4c0 6.4-6.4 12.8-12.8 12.8h-38.4c-6.4 0-12.8-6.4-12.8-12.8v-38.4zm-128-96c0-6.4 6.4-12.8 12.8-12.8h38.4c6.4 0 12.8 6.4 12.8 12.8v38.4c0 6.4-6.4 12.8-12.8 12.8h-38.4c-6.4 0-12.8-6.4-12.8-12.8v-38.4zM179.2 256h-38.4c-6.4 0-12.8-6.4-12.8-12.8v-38.4c0-6.4 6.4-12.8 12.8-12.8h38.4c6.4 0 12.8 6.4 12.8 12.8v38.4c0 6.4-6.4 12.8-12.8 12.8zM192 384c0-53.02 42.98-96 96-96s96 42.98 96 96H192zm256-140.8c0 6.4-6.4 12.8-12.8 12.8h-38.4c-6.4 0-12.8-6.4-12.8-12.8v-38.4c0-6.4 6.4-12.8 12.8-12.8h38.4c6.4 0 12.8 6.4 12.8 12.8v38.4zm0-96c0 6.4-6.4 12.8-12.8 12.8h-38.4c-6.4 0-12.8-6.4-12.8-12.8v-38.4c0-6.4 6.4-12.8 12.8-12.8h38.4c6.4 0 12.8 6.4 12.8 12.8v38.4z\"><\/path><\/svg>\t        <\/div>\r\n\t        \t        <div class=\"ot-icon-box__content\">\r\n\t        \t<h3 class=\"icon-box-title\">I\u0161vyk\u0173 ir rengini\u0173 organizavimas su verslo partneriais<\/h3>\t\t\t\t<div class=\"icon-box-des\">Organizuosime unikalius potyrius: nuo Amazon\u0117s d\u017eiungli\u0173 Brazilijoje iki Materhorno vir\u0161\u016bni\u0173 \u0160veicarijoje ar Vidur\u017eemio j\u016bros pakrant\u0117s prabangos Rixos vie\u0161butyje Antalijoje. Patik\u0117kite i\u0161vyk\u0173 ir rengini\u0173 planavim\u0105 profesionalams ir sustiprinkite ry\u0161ius su partneriais.<\/div>\t\t\t\t\t        \t<div class=\"icon-box-btn\">\r\n\t        \t\t<a href=\"https:\/\/bpctravel.lt\/en\/kontaktai\/\" class=\"more hover\">U\u017esakyti<\/a>\r\n\t        \t<\/div>\r\n\t        \t\t\t\t<\/div>\t\r\n\t    <\/div>\r\n\t    \t\t\t\t<\/div>\n\t\t\t\t<\/div>\n\t\t\t\t\t<\/div>\n\t\t<\/div>\n\t\t\t\t\t<\/div>\n\t\t<\/section>\n\t\t\t\t<section class=\"elementor-section elementor-inner-section elementor-element elementor-element-3793995 elementor-section-boxed elementor-section-height-default elementor-section-height-default\" data-id=\"3793995\" data-element_type=\"section\" data-e-type=\"section\">\n\t\t\t\t\t\t<div class=\"elementor-container elementor-column-gap-default\">\n\t\t\t\t\t<div class=\"elementor-column elementor-col-50 elementor-inner-column elementor-element elementor-element-0d40547\" data-id=\"0d40547\" data-element_type=\"column\" data-e-type=\"column\">\n\t\t\t<div class=\"elementor-widget-wrap elementor-element-populated\">\n\t\t\t\t\t\t<div class=\"elementor-element elementor-element-446053a lift ot-view-default ot-position-top elementor-widget elementor-widget-ot-iconbox\" data-id=\"446053a\" data-element_type=\"widget\" data-e-type=\"widget\" data-widget_type=\"ot-iconbox.default\">\n\t\t\t\t<div class=\"elementor-widget-container\">\n\t\t\t\t\t\t\t<div class=\"ot-icon-box box-content\">\r\n\t\t\t\t\t\t<div class=\"ot-icon-box__icon\">\r\n\t\t\t\t<svg aria-hidden=\"true\" class=\"e-font-icon-svg e-fas-lightbulb\" viewbox=\"0 0 352 512\" xmlns=\"http:\/\/www.w3.org\/2000\/svg\"><path d=\"M96.06 454.35c.01 6.29 1.87 12.45 5.36 17.69l17.09 25.69a31.99 31.99 0 0 0 26.64 14.28h61.71a31.99 31.99 0 0 0 26.64-14.28l17.09-25.69a31.989 31.989 0 0 0 5.36-17.69l.04-38.35H96.01l.05 38.35zM0 176c0 44.37 16.45 84.85 43.56 115.78 16.52 18.85 42.36 58.23 52.21 91.45.04.26.07.52.11.78h160.24c.04-.26.07-.51.11-.78 9.85-33.22 35.69-72.6 52.21-91.45C335.55 260.85 352 220.37 352 176 352 78.61 272.91-.3 175.45 0 73.44.31 0 82.97 0 176zm176-80c-44.11 0-80 35.89-80 80 0 8.84-7.16 16-16 16s-16-7.16-16-16c0-61.76 50.24-112 112-112 8.84 0 16 7.16 16 16s-7.16 16-16 16z\"><\/path><\/svg>\t        <\/div>\r\n\t        \t        <div class=\"ot-icon-box__content\">\r\n\t        \t<h3 class=\"icon-box-title\">Parodos bei konferencijos u\u017esienyje<\/h3>\t\t\t\t<div class=\"icon-box-des\">Ar \u017einote, jog r\u016bpintis J\u016bs\u0173 m\u0117gstama konferencija kitais metais mes prad\u0117sime Jums dar negr\u012f\u017eus i\u0161 esamos? Bendradarbiaudami su mumis r\u016bpintis, kad ka\u017eko nepamir\u0161tum\u0117te nebereiks \u2013 tam esame mes. Viskas, ko Jums reikia, tai r\u016bpintis savo verslu, o kelione pasir\u016bpinsime mes.<\/div>\t\t\t\t\t        \t<div class=\"icon-box-btn\">\r\n\t        \t\t<a href=\"https:\/\/bpctravel.lt\/en\/kontaktai\/\" class=\"more hover\">U\u017esakyti<\/a>\r\n\t        \t<\/div>\r\n\t        \t\t\t\t<\/div>\t\r\n\t    <\/div>\r\n\t    \t\t\t\t<\/div>\n\t\t\t\t<\/div>\n\t\t\t\t\t<\/div>\n\t\t<\/div>\n\t\t\t\t<div class=\"elementor-column elementor-col-50 elementor-inner-column elementor-element elementor-element-79b8a06\" data-id=\"79b8a06\" data-element_type=\"column\" data-e-type=\"column\">\n\t\t\t<div class=\"elementor-widget-wrap elementor-element-populated\">\n\t\t\t\t\t\t<div class=\"elementor-element elementor-element-2a0a962 lift ot-view-default ot-position-top elementor-widget elementor-widget-ot-iconbox\" data-id=\"2a0a962\" data-element_type=\"widget\" data-e-type=\"widget\" data-widget_type=\"ot-iconbox.default\">\n\t\t\t\t<div class=\"elementor-widget-container\">\n\t\t\t\t\t\t\t<div class=\"ot-icon-box box-content\">\r\n\t\t\t\t\t\t<div class=\"ot-icon-box__icon\">\r\n\t\t\t\t<svg aria-hidden=\"true\" class=\"e-font-icon-svg e-fas-people-arrows\" viewbox=\"0 0 576 512\" xmlns=\"http:\/\/www.w3.org\/2000\/svg\"><path d=\"M96,128A64,64,0,1,0,32,64,64,64,0,0,0,96,128Zm0,176.08a44.11,44.11,0,0,1,13.64-32L181.77,204c1.65-1.55,3.77-2.31,5.61-3.57A63.91,63.91,0,0,0,128,160H64A64,64,0,0,0,0,224v96a32,32,0,0,0,32,32V480a32,32,0,0,0,32,32h64a32,32,0,0,0,32-32V383.61l-50.36-47.53A44.08,44.08,0,0,1,96,304.08ZM480,128a64,64,0,1,0-64-64A64,64,0,0,0,480,128Zm32,32H448a63.91,63.91,0,0,0-59.38,40.42c1.84,1.27,4,2,5.62,3.59l72.12,68.06a44.37,44.37,0,0,1,0,64L416,383.62V480a32,32,0,0,0,32,32h64a32,32,0,0,0,32-32V352a32,32,0,0,0,32-32V224A64,64,0,0,0,512,160ZM444.4,295.34l-72.12-68.06A12,12,0,0,0,352,236v36H224V236a12,12,0,0,0-20.28-8.73L131.6,295.34a12.4,12.4,0,0,0,0,17.47l72.12,68.07A12,12,0,0,0,224,372.14V336H352v36.14a12,12,0,0,0,20.28,8.74l72.12-68.07A12.4,12.4,0,0,0,444.4,295.34Z\"><\/path><\/svg>\t        <\/div>\r\n\t        \t        <div class=\"ot-icon-box__content\">\r\n\t        \t<h3 class=\"icon-box-title\">Motyvacin\u0117s kelion\u0117s<\/h3>\t\t\t\t<div class=\"icon-box-des\">\u012emon\u0117je turite tradicij\u0105 organizuoti teambuildingus ar motyvacines keliones u\u017esienyje? Nesvarbu, ar tai 10, ar 1000 darbuotoj\u0173 \u2013 mes pasir\u016bpinsime viskuo. Nuo kelioni\u0173 organizavimo iki u\u017esi\u0117mim\u0173 ir programos, kad Jums likt\u0173 tik m\u0117gautis laiku su komanda. BPC Travel \u2013 patikimas partneris komandiruot\u0117ms ir rengini\u0173 organizavimui u\u017esienyje!<\/div>\t\t\t\t\t        \t<div class=\"icon-box-btn\">\r\n\t        \t\t<a href=\"https:\/\/bpctravel.lt\/en\/kontaktai\/\" class=\"more hover\">U\u017esakyti<\/a>\r\n\t        \t<\/div>\r\n\t        \t\t\t\t<\/div>\t\r\n\t    <\/div>\r\n\t    \t\t\t\t<\/div>\n\t\t\t\t<\/div>\n\t\t\t\t\t<\/div>\n\t\t<\/div>\n\t\t\t\t\t<\/div>\n\t\t<\/section>\n\t\t\t\t\t<\/div>\n\t\t<\/div>\n\t\t\t\t\t<\/div>\n\t\t<\/section>\n\t\t\t\t<section class=\"elementor-section elementor-top-section elementor-element elementor-element-e525cd6 elementor-section-content-top elementor-section-boxed elementor-section-height-default elementor-section-height-default\" data-id=\"e525cd6\" data-element_type=\"section\" data-e-type=\"section\">\n\t\t\t\t\t\t<div class=\"elementor-container elementor-column-gap-default\">\n\t\t\t\t\t<div class=\"elementor-column elementor-col-100 elementor-top-column elementor-element elementor-element-e2c252e\" data-id=\"e2c252e\" data-element_type=\"column\" data-e-type=\"column\">\n\t\t\t<div class=\"elementor-widget-wrap elementor-element-populated\">\n\t\t\t\t\t\t<section class=\"elementor-section elementor-inner-section elementor-element elementor-element-9823044 elementor-section-content-middle elementor-section-boxed elementor-section-height-default elementor-section-height-default\" data-id=\"9823044\" data-element_type=\"section\" data-e-type=\"section\">\n\t\t\t\t\t\t<div class=\"elementor-container elementor-column-gap-default\">\n\t\t\t\t\t<div class=\"elementor-column elementor-col-100 elementor-inner-column elementor-element elementor-element-20cc30d\" data-id=\"20cc30d\" data-element_type=\"column\" data-e-type=\"column\">\n\t\t\t<div class=\"elementor-widget-wrap elementor-element-populated\">\n\t\t\t\t\t\t<section class=\"elementor-section elementor-inner-section elementor-element elementor-element-7445799 elementor-section-boxed elementor-section-height-default elementor-section-height-default\" data-id=\"7445799\" data-element_type=\"section\" data-e-type=\"section\">\n\t\t\t\t\t\t<div class=\"elementor-container elementor-column-gap-default\">\n\t\t\t\t\t<div class=\"elementor-column elementor-col-100 elementor-inner-column elementor-element elementor-element-bac169d\" data-id=\"bac169d\" data-element_type=\"column\" data-e-type=\"column\">\n\t\t\t<div class=\"elementor-widget-wrap elementor-element-populated\">\n\t\t\t\t\t\t<div class=\"elementor-element elementor-element-31c48bf display-6 elementor-widget elementor-widget-heading\" data-id=\"31c48bf\" data-element_type=\"widget\" data-e-type=\"widget\" data-widget_type=\"heading.default\">\n\t\t\t\t<div class=\"elementor-widget-container\">\n\t\t\t\t\t<h2 class=\"elementor-heading-title elementor-size-default\">Si\u0173sti u\u017eklaus\u0105<\/h2>\t\t\t\t<\/div>\n\t\t\t\t<\/div>\n\t\t\t\t<div class=\"elementor-element elementor-element-7ca5abe elementor-widget elementor-widget-text-editor\" data-id=\"7ca5abe\" data-element_type=\"widget\" data-e-type=\"widget\" data-widget_type=\"text-editor.default\">\n\t\t\t\t<div class=\"elementor-widget-container\">\n\t\t\t\t\t\t\t\t\t<p>Susisiekite su BPC Travel, kad gal\u0117tume patenkinti net ir sud\u0117tingiausius J\u016bs\u0173 <strong>\u012fmon\u0117s verslo kelioni\u0173 ir rengini\u0173 organizavimo poreikius.<\/strong> Mes u\u017etikrinsime efektyv\u0173 verslo kelioni\u0173 valdym\u0105 ir kelioni\u0173 organizavim\u0105, atitinkant\u012f J\u016bs\u0173 reikalavimus bei padedant\u012f optimizuoti kelioni\u0173 i\u0161laidas<\/p>\t\t\t\t\t\t\t\t<\/div>\n\t\t\t\t<\/div>\n\t\t\t\t<div class=\"elementor-element elementor-element-2bc4ecc elementor-align-center elementor-widget elementor-widget-ot-btn\" data-id=\"2bc4ecc\" data-element_type=\"widget\" data-e-type=\"widget\" data-widget_type=\"ot-btn.default\">\n\t\t\t\t<div class=\"elementor-widget-container\">\n\t\t\t\t\t\t\t<div class=\"ot-button-wrapper\">\r\n\t\t\t<a href=\"https:\/\/bpctravel.lt\/en\/kontaktai\/\" class=\"octf-btn\">\r\n\t\t\t\tSusisiekti\t\t\t\t\t\t\t<\/a>\r\n\t    <\/div>\r\n\t    \t\t\t\t<\/div>\n\t\t\t\t<\/div>\n\t\t\t\t\t<\/div>\n\t\t<\/div>\n\t\t\t\t\t<\/div>\n\t\t<\/section>\n\t\t\t\t\t<\/div>\n\t\t<\/div>\n\t\t\t\t\t<\/div>\n\t\t<\/section>\n\t\t\t\t\t<\/div>\n\t\t<\/div>\n\t\t\t\t\t<\/div>\n\t\t<\/section>\n\t\t\t\t<\/div>","protected":false},"excerpt":{"rendered":"<p>Verslo kelioni\u0173 ir rengini\u0173 organizavimas Verslo kelioni\u0173 organizavimas Verslo kelioni\u0173 organizavimas \u2013 m\u016bs\u0173 DNR. Efektyvus kelioni\u0173 planavimas, skryd\u017ei\u0173 bilietai, vie\u0161bu\u010diai ir perve\u017eimai, kurie pad\u0117s sutaupyti iki 15% kelioni\u0173 i\u0161laid\u0173. Mes r\u016bpinam\u0117s kiekvienu kelion\u0117s etapu, kad J\u016bs gal\u0117tum\u0117te skirti daugiau laiko svarbiems \u012fmon\u0117s tikslams. Atraskite, kaip mes galime optimizuoti verslo keliones ir padidinti j\u016bs\u0173 kelioni\u0173 efektyvum\u0105 [&hellip;]<\/p>\n","protected":false},"author":1,"featured_media":19701,"parent":0,"menu_order":0,"comment_status":"closed","ping_status":"closed","template":"","meta":{"footnotes":""},"class_list":["post-17860","page","type-page","status-publish","has-post-thumbnail","hentry"],"yoast_head":"<!-- This site is optimized with the Yoast SEO plugin v27.3 - https:\/\/yoast.com\/product\/yoast-seo-wordpress\/ -->\n<title>Verslo kelioni\u0173 ir rengini\u0173 organizavimas - BPC Travel<\/title>\n<meta name=\"description\" content=\"Verslo kelioni\u0173 ir rengini\u0173 organizavimas - konferencijos, motyvacin\u0117s kelion\u0117s ir unikalios i\u0161vykos su BPC Travel\" \/>\n<meta name=\"robots\" content=\"index, follow, max-snippet:-1, max-image-preview:large, max-video-preview:-1\" \/>\n<link rel=\"canonical\" href=\"https:\/\/bpctravel.lt\/en\/verslo-kelioniu-ir-renginiu-organizavimas\/\" \/>\n<meta property=\"og:locale\" content=\"en_GB\" \/>\n<meta property=\"og:type\" content=\"article\" \/>\n<meta property=\"og:title\" content=\"Verslo kelioni\u0173 ir rengini\u0173 organizavimas - BPC Travel\" \/>\n<meta property=\"og:description\" content=\"Verslo kelioni\u0173 ir rengini\u0173 organizavimas - konferencijos, motyvacin\u0117s kelion\u0117s ir unikalios i\u0161vykos su BPC Travel\" \/>\n<meta property=\"og:url\" content=\"https:\/\/bpctravel.lt\/en\/verslo-kelioniu-ir-renginiu-organizavimas\/\" \/>\n<meta property=\"og:site_name\" content=\"BPC travel\" \/>\n<meta property=\"article:publisher\" content=\"https:\/\/www.facebook.com\/BPCtravelKeliones\" \/>\n<meta property=\"article:modified_time\" content=\"2025-01-28T13:27:35+00:00\" \/>\n<meta property=\"og:image\" content=\"https:\/\/bpctravel.lt\/wp-content\/uploads\/2024\/01\/madeira.jpg\" \/>\n\t<meta property=\"og:image:width\" content=\"737\" \/>\n\t<meta property=\"og:image:height\" content=\"614\" \/>\n\t<meta property=\"og:image:type\" content=\"image\/jpeg\" \/>\n<meta name=\"twitter:card\" content=\"summary_large_image\" \/>\n<meta name=\"twitter:label1\" content=\"Estimated reading time\" \/>\n\t<meta name=\"twitter:data1\" content=\"2 minutes\" \/>\n<script type=\"application\/ld+json\" class=\"yoast-schema-graph\">{\"@context\":\"https:\\\/\\\/schema.org\",\"@graph\":[{\"@type\":\"WebPage\",\"@id\":\"https:\\\/\\\/bpctravel.lt\\\/verslo-kelioniu-ir-renginiu-organizavimas\\\/\",\"url\":\"https:\\\/\\\/bpctravel.lt\\\/verslo-kelioniu-ir-renginiu-organizavimas\\\/\",\"name\":\"Verslo kelioni\u0173 ir rengini\u0173 organizavimas - BPC Travel\",\"isPartOf\":{\"@id\":\"https:\\\/\\\/bpctravel.lt\\\/#website\"},\"primaryImageOfPage\":{\"@id\":\"https:\\\/\\\/bpctravel.lt\\\/verslo-kelioniu-ir-renginiu-organizavimas\\\/#primaryimage\"},\"image\":{\"@id\":\"https:\\\/\\\/bpctravel.lt\\\/verslo-kelioniu-ir-renginiu-organizavimas\\\/#primaryimage\"},\"thumbnailUrl\":\"https:\\\/\\\/bpctravel.lt\\\/wp-content\\\/uploads\\\/2024\\\/01\\\/madeira.jpg\",\"datePublished\":\"2023-12-10T13:10:42+00:00\",\"dateModified\":\"2025-01-28T13:27:35+00:00\",\"description\":\"Verslo kelioni\u0173 ir rengini\u0173 organizavimas - konferencijos, motyvacin\u0117s kelion\u0117s ir unikalios i\u0161vykos su BPC Travel\",\"breadcrumb\":{\"@id\":\"https:\\\/\\\/bpctravel.lt\\\/verslo-kelioniu-ir-renginiu-organizavimas\\\/#breadcrumb\"},\"inLanguage\":\"en-GB\",\"potentialAction\":[{\"@type\":\"ReadAction\",\"target\":[\"https:\\\/\\\/bpctravel.lt\\\/verslo-kelioniu-ir-renginiu-organizavimas\\\/\"]}]},{\"@type\":\"ImageObject\",\"inLanguage\":\"en-GB\",\"@id\":\"https:\\\/\\\/bpctravel.lt\\\/verslo-kelioniu-ir-renginiu-organizavimas\\\/#primaryimage\",\"url\":\"https:\\\/\\\/bpctravel.lt\\\/wp-content\\\/uploads\\\/2024\\\/01\\\/madeira.jpg\",\"contentUrl\":\"https:\\\/\\\/bpctravel.lt\\\/wp-content\\\/uploads\\\/2024\\\/01\\\/madeira.jpg\",\"width\":737,\"height\":614},{\"@type\":\"BreadcrumbList\",\"@id\":\"https:\\\/\\\/bpctravel.lt\\\/verslo-kelioniu-ir-renginiu-organizavimas\\\/#breadcrumb\",\"itemListElement\":[{\"@type\":\"ListItem\",\"position\":1,\"name\":\"Home\",\"item\":\"https:\\\/\\\/bpctravel.lt\\\/\"},{\"@type\":\"ListItem\",\"position\":2,\"name\":\"Verslo kelioni\u0173 ir rengini\u0173 organizavimas\"}]},{\"@type\":\"WebSite\",\"@id\":\"https:\\\/\\\/bpctravel.lt\\\/#website\",\"url\":\"https:\\\/\\\/bpctravel.lt\\\/\",\"name\":\"BPC travel\",\"description\":\"\",\"potentialAction\":[{\"@type\":\"SearchAction\",\"target\":{\"@type\":\"EntryPoint\",\"urlTemplate\":\"https:\\\/\\\/bpctravel.lt\\\/?s={search_term_string}\"},\"query-input\":{\"@type\":\"PropertyValueSpecification\",\"valueRequired\":true,\"valueName\":\"search_term_string\"}}],\"inLanguage\":\"en-GB\"}]}<\/script>\n<!-- \/ Yoast SEO plugin. -->","yoast_head_json":{"title":"Verslo kelioni\u0173 ir rengini\u0173 organizavimas - BPC Travel","description":"Verslo kelioni\u0173 ir rengini\u0173 organizavimas - konferencijos, motyvacin\u0117s kelion\u0117s ir unikalios i\u0161vykos su BPC Travel","robots":{"index":"index","follow":"follow","max-snippet":"max-snippet:-1","max-image-preview":"max-image-preview:large","max-video-preview":"max-video-preview:-1"},"canonical":"https:\/\/bpctravel.lt\/en\/verslo-kelioniu-ir-renginiu-organizavimas\/","og_locale":"en_GB","og_type":"article","og_title":"Verslo kelioni\u0173 ir rengini\u0173 organizavimas - BPC Travel","og_description":"Verslo kelioni\u0173 ir rengini\u0173 organizavimas - konferencijos, motyvacin\u0117s kelion\u0117s ir unikalios i\u0161vykos su BPC Travel","og_url":"https:\/\/bpctravel.lt\/en\/verslo-kelioniu-ir-renginiu-organizavimas\/","og_site_name":"BPC travel","article_publisher":"https:\/\/www.facebook.com\/BPCtravelKeliones","article_modified_time":"2025-01-28T13:27:35+00:00","og_image":[{"width":737,"height":614,"url":"https:\/\/bpctravel.lt\/wp-content\/uploads\/2024\/01\/madeira.jpg","type":"image\/jpeg"}],"twitter_card":"summary_large_image","twitter_misc":{"Estimated reading time":"2 minutes"},"schema":{"@context":"https:\/\/schema.org","@graph":[{"@type":"WebPage","@id":"https:\/\/bpctravel.lt\/verslo-kelioniu-ir-renginiu-organizavimas\/","url":"https:\/\/bpctravel.lt\/verslo-kelioniu-ir-renginiu-organizavimas\/","name":"Verslo kelioni\u0173 ir rengini\u0173 organizavimas - BPC Travel","isPartOf":{"@id":"https:\/\/bpctravel.lt\/#website"},"primaryImageOfPage":{"@id":"https:\/\/bpctravel.lt\/verslo-kelioniu-ir-renginiu-organizavimas\/#primaryimage"},"image":{"@id":"https:\/\/bpctravel.lt\/verslo-kelioniu-ir-renginiu-organizavimas\/#primaryimage"},"thumbnailUrl":"https:\/\/bpctravel.lt\/wp-content\/uploads\/2024\/01\/madeira.jpg","datePublished":"2023-12-10T13:10:42+00:00","dateModified":"2025-01-28T13:27:35+00:00","description":"Verslo kelioni\u0173 ir rengini\u0173 organizavimas - konferencijos, motyvacin\u0117s kelion\u0117s ir unikalios i\u0161vykos su BPC Travel","breadcrumb":{"@id":"https:\/\/bpctravel.lt\/verslo-kelioniu-ir-renginiu-organizavimas\/#breadcrumb"},"inLanguage":"en-GB","potentialAction":[{"@type":"ReadAction","target":["https:\/\/bpctravel.lt\/verslo-kelioniu-ir-renginiu-organizavimas\/"]}]},{"@type":"ImageObject","inLanguage":"en-GB","@id":"https:\/\/bpctravel.lt\/verslo-kelioniu-ir-renginiu-organizavimas\/#primaryimage","url":"https:\/\/bpctravel.lt\/wp-content\/uploads\/2024\/01\/madeira.jpg","contentUrl":"https:\/\/bpctravel.lt\/wp-content\/uploads\/2024\/01\/madeira.jpg","width":737,"height":614},{"@type":"BreadcrumbList","@id":"https:\/\/bpctravel.lt\/verslo-kelioniu-ir-renginiu-organizavimas\/#breadcrumb","itemListElement":[{"@type":"ListItem","position":1,"name":"Home","item":"https:\/\/bpctravel.lt\/"},{"@type":"ListItem","position":2,"name":"Verslo kelioni\u0173 ir rengini\u0173 organizavimas"}]},{"@type":"WebSite","@id":"https:\/\/bpctravel.lt\/#website","url":"https:\/\/bpctravel.lt\/","name":"BPC travel","description":"","potentialAction":[{"@type":"SearchAction","target":{"@type":"EntryPoint","urlTemplate":"https:\/\/bpctravel.lt\/?s={search_term_string}"},"query-input":{"@type":"PropertyValueSpecification","valueRequired":true,"valueName":"search_term_string"}}],"inLanguage":"en-GB"}]}},"_links":{"self":[{"href":"https:\/\/bpctravel.lt\/en\/wp-json\/wp\/v2\/pages\/17860","targetHints":{"allow":["GET"]}}],"collection":[{"href":"https:\/\/bpctravel.lt\/en\/wp-json\/wp\/v2\/pages"}],"about":[{"href":"https:\/\/bpctravel.lt\/en\/wp-json\/wp\/v2\/types\/page"}],"author":[{"embeddable":true,"href":"https:\/\/bpctravel.lt\/en\/wp-json\/wp\/v2\/users\/1"}],"replies":[{"embeddable":true,"href":"https:\/\/bpctravel.lt\/en\/wp-json\/wp\/v2\/comments?post=17860"}],"version-history":[{"count":16,"href":"https:\/\/bpctravel.lt\/en\/wp-json\/wp\/v2\/pages\/17860\/revisions"}],"predecessor-version":[{"id":22293,"href":"https:\/\/bpctravel.lt\/en\/wp-json\/wp\/v2\/pages\/17860\/revisions\/22293"}],"wp:featuredmedia":[{"embeddable":true,"href":"https:\/\/bpctravel.lt\/en\/wp-json\/wp\/v2\/media\/19701"}],"wp:attachment":[{"href":"https:\/\/bpctravel.lt\/en\/wp-json\/wp\/v2\/media?parent=17860"}],"curies":[{"name":"wp","href":"https:\/\/api.w.org\/{rel}","templated":true}]}}