{"id":19857,"date":"2024-01-17T14:03:22","date_gmt":"2024-01-17T14:03:22","guid":{"rendered":"https:\/\/bpctravel.lt\/?page_id=19857"},"modified":"2024-02-07T10:21:39","modified_gmt":"2024-02-07T10:21:39","slug":"poilsiniu-kelioniu-konsultantas","status":"publish","type":"page","link":"https:\/\/bpctravel.lt\/en\/poilsiniu-kelioniu-konsultantas\/","title":{"rendered":"Poilsini\u0173 kelioni\u0173 konsultantas\/-\u0117"},"content":{"rendered":"<div data-elementor-type=\"wp-page\" data-elementor-id=\"19857\" class=\"elementor elementor-19857\">\n\t\t\t\t\t\t<section class=\"elementor-section elementor-top-section elementor-element elementor-element-cddc7f1 elementor-section-boxed elementor-section-height-default elementor-section-height-default\" data-id=\"cddc7f1\" data-element_type=\"section\" data-e-type=\"section\" data-settings=\"{&quot;background_background&quot;:&quot;classic&quot;}\">\n\t\t\t\t\t\t<div class=\"elementor-container elementor-column-gap-default\">\n\t\t\t\t\t<div class=\"elementor-column elementor-col-100 elementor-top-column elementor-element elementor-element-cc2147b\" data-id=\"cc2147b\" data-element_type=\"column\" data-e-type=\"column\">\n\t\t\t<div class=\"elementor-widget-wrap elementor-element-populated\">\n\t\t\t\t\t\t<div class=\"elementor-element elementor-element-cf73279 display-1 elementor-widget elementor-widget-heading\" data-id=\"cf73279\" data-element_type=\"widget\" data-e-type=\"widget\" data-widget_type=\"heading.default\">\n\t\t\t\t<div class=\"elementor-widget-container\">\n\t\t\t\t\t<h1 class=\"elementor-heading-title elementor-size-default\">Poilsini\u0173 kelioni\u0173 konsultantas\/-\u0117<\/h1>\t\t\t\t<\/div>\n\t\t\t\t<\/div>\n\t\t\t\t<div class=\"elementor-element elementor-element-c83dab9 post-meta  ot-view-default elementor-widget elementor-widget-ot-icon-list\" data-id=\"c83dab9\" data-element_type=\"widget\" data-e-type=\"widget\" data-widget_type=\"ot-icon-list.default\">\n\t\t\t\t<div class=\"elementor-widget-container\">\n\t\t\t\t\t\t        <div class=\"ot-icon-list-wrapper\">\r\n\t        \t<ul class=\"unstyle ot-icon-list-items --inline-items\">\r\n\t        \t\t\t        \t\t\t<li class=\"ot-icon-list-item --inline-item\">\r\n\t        \t\t\t\t\r\n\t\t\t\t\t\t\t<span class=\"ot-icon-list-icon\">\r\n\t\t\t\t\t\t\t\t<i aria-hidden=\"true\" class=\"uil-clock\"><\/i>\t\t\t\t\t\t\t<\/span>\r\n\t\t\t\t\t\t\t\t\t\t\t\t\t\t<span class=\"ot-icon-list-text\">Pilnas etatas<\/span>\r\n\t\t\t\t\t\t\t\t        \t\t\t<\/li>\r\n\t        \t\t\t        \t\t\t<li class=\"ot-icon-list-item --inline-item\">\r\n\t        \t\t\t\t\r\n\t\t\t\t\t\t\t<span class=\"ot-icon-list-icon\">\r\n\t\t\t\t\t\t\t\t<i aria-hidden=\"true\" class=\"uil-location-arrow\"><\/i>\t\t\t\t\t\t\t<\/span>\r\n\t\t\t\t\t\t\t\t\t\t\t\t\t\t<span class=\"ot-icon-list-text\">Vilnius<\/span>\r\n\t\t\t\t\t\t\t\t        \t\t\t<\/li>\r\n\t        \t\t\t        \t\t\t<li class=\"ot-icon-list-item --inline-item\">\r\n\t        \t\t\t\t\r\n\t\t\t\t\t\t\t<span class=\"ot-icon-list-icon\">\r\n\t\t\t\t\t\t\t\t<i aria-hidden=\"true\" class=\"uil-suitcase-alt\"><\/i>\t\t\t\t\t\t\t<\/span>\r\n\t\t\t\t\t\t\t\t\t\t\t\t\t\t<span class=\"ot-icon-list-text\">B2B<\/span>\r\n\t\t\t\t\t\t\t\t        \t\t\t<\/li>\r\n\t        \t\t\t        \t<\/ul>\r\n\t        <\/div>\r\n\t    \t\t\t\t<\/div>\n\t\t\t\t<\/div>\n\t\t\t\t\t<\/div>\n\t\t<\/div>\n\t\t\t\t\t<\/div>\n\t\t<\/section>\n\t\t\t\t<section class=\"elementor-section elementor-top-section elementor-element elementor-element-c9b36e9 elementor-section-boxed elementor-section-height-default elementor-section-height-default\" data-id=\"c9b36e9\" data-element_type=\"section\" data-e-type=\"section\">\n\t\t\t\t\t\t<div class=\"elementor-container elementor-column-gap-default\">\n\t\t\t\t\t<div class=\"elementor-column elementor-col-33 elementor-top-column elementor-element elementor-element-c388c08\" data-id=\"c388c08\" data-element_type=\"column\" data-e-type=\"column\">\n\t\t\t<div class=\"elementor-widget-wrap\">\n\t\t\t\t\t\t\t<\/div>\n\t\t<\/div>\n\t\t\t\t<div class=\"elementor-column elementor-col-33 elementor-top-column elementor-element elementor-element-2debd64 card shadow-lg\" data-id=\"2debd64\" data-element_type=\"column\" data-e-type=\"column\" data-settings=\"{&quot;background_background&quot;:&quot;classic&quot;}\">\n\t\t\t<div class=\"elementor-widget-wrap elementor-element-populated\">\n\t\t\t\t\t\t<section class=\"elementor-section elementor-inner-section elementor-element elementor-element-da4a3c6 elementor-section-boxed elementor-section-height-default elementor-section-height-default\" data-id=\"da4a3c6\" data-element_type=\"section\" data-e-type=\"section\">\n\t\t\t\t\t\t<div class=\"elementor-container elementor-column-gap-default\">\n\t\t\t\t\t<div class=\"elementor-column elementor-col-100 elementor-inner-column elementor-element elementor-element-916986c\" data-id=\"916986c\" data-element_type=\"column\" data-e-type=\"column\">\n\t\t\t<div class=\"elementor-widget-wrap elementor-element-populated\">\n\t\t\t\t\t\t<div class=\"elementor-element elementor-element-ec40a14 elementor-widget elementor-widget-heading\" data-id=\"ec40a14\" data-element_type=\"widget\" data-e-type=\"widget\" data-widget_type=\"heading.default\">\n\t\t\t\t<div class=\"elementor-widget-container\">\n\t\t\t\t\t<h2 class=\"elementor-heading-title elementor-size-default\">Darbo pob\u016bdis<\/h2>\t\t\t\t<\/div>\n\t\t\t\t<\/div>\n\t\t\t\t<div class=\"elementor-element elementor-element-cfa92f6 custom-list-padding-24 elementor-widget elementor-widget-text-editor\" data-id=\"cfa92f6\" data-element_type=\"widget\" data-e-type=\"widget\" data-widget_type=\"text-editor.default\">\n\t\t\t\t<div class=\"elementor-widget-container\">\n\t\t\t\t\t\t\t\t\t<ul><li>Vis\u0173 Lietuvoje veikian\u010di\u0173 kelioni\u0173 organizatori\u0173 kelioni\u0173 pardavimais;<\/li><li>Bendravimas su esamais ir b\u016bsimais klientais socialini\u0173 tinkl\u0173 pagalba, telefonu ir el. pa\u0161tu;<\/li><li>Papildom\u0173 paslaug\u0173 pardavimas (draudimas, parkavimas ir kt.);<\/li><li>Nauj\u0173 id\u0117j\u0173 generavimas pardavimo procesams tobulinti.<\/li><\/ul>\t\t\t\t\t\t\t\t<\/div>\n\t\t\t\t<\/div>\n\t\t\t\t<div class=\"elementor-element elementor-element-b410092 elementor-widget elementor-widget-heading\" data-id=\"b410092\" data-element_type=\"widget\" data-e-type=\"widget\" data-widget_type=\"heading.default\">\n\t\t\t\t<div class=\"elementor-widget-container\">\n\t\t\t\t\t<h2 class=\"elementor-heading-title elementor-size-default\">Reikalavimai darbuotojui<\/h2>\t\t\t\t<\/div>\n\t\t\t\t<\/div>\n\t\t\t\t<div class=\"elementor-element elementor-element-1ec594c custom-list-padding-24 elementor-widget elementor-widget-text-editor\" data-id=\"1ec594c\" data-element_type=\"widget\" data-e-type=\"widget\" data-widget_type=\"text-editor.default\">\n\t\t\t\t<div class=\"elementor-widget-container\">\n\t\t\t\t\t\t\t\t\t<ul><li>Analogi\u0161ka darbo patirtis kelioni\u0173 agent\u016broje;<\/li><li>Geb\u0117jimas dirbti su kelioni\u0173 organizatori\u0173 rezervavimo sistemomis;Dalykinio bendravimo \u012fg\u016bd\u017eiai, paslaugumas, greita orientacija;<\/li><li>Organizaciniai \u012fg\u016bd\u017eiai, aktyvumas, atidumas;<\/li><li>Sugeb\u0117jimas valdyti nestandartines situacijas;<\/li><li>Puik\u016bs darbo kompiuteriu \u012fg\u016bd\u017eiai;<\/li><li>Angl\u0173, rus\u0173 kalb\u0173 mok\u0117jimas &#8211; privalumas.<\/li><\/ul>\t\t\t\t\t\t\t\t<\/div>\n\t\t\t\t<\/div>\n\t\t\t\t\t<\/div>\n\t\t<\/div>\n\t\t\t\t\t<\/div>\n\t\t<\/section>\n\t\t\t\t<div class=\"elementor-element elementor-element-70fe01b elementor-widget elementor-widget-heading\" data-id=\"70fe01b\" data-element_type=\"widget\" data-e-type=\"widget\" data-widget_type=\"heading.default\">\n\t\t\t\t<div class=\"elementor-widget-container\">\n\t\t\t\t\t<h2 class=\"elementor-heading-title elementor-size-default\">\u012emon\u0117 si\u016blo<\/h2>\t\t\t\t<\/div>\n\t\t\t\t<\/div>\n\t\t\t\t<section class=\"elementor-section elementor-inner-section elementor-element elementor-element-841d3bd elementor-section-boxed elementor-section-height-default elementor-section-height-default\" data-id=\"841d3bd\" data-element_type=\"section\" data-e-type=\"section\" data-settings=\"{&quot;background_background&quot;:&quot;classic&quot;}\">\n\t\t\t\t\t\t<div class=\"elementor-container elementor-column-gap-default\">\n\t\t\t\t\t<div class=\"elementor-column elementor-col-50 elementor-inner-column elementor-element elementor-element-0dc57bf\" data-id=\"0dc57bf\" data-element_type=\"column\" data-e-type=\"column\" data-settings=\"{&quot;background_background&quot;:&quot;classic&quot;}\">\n\t\t\t<div class=\"elementor-widget-wrap elementor-element-populated\">\n\t\t\t\t\t\t<div class=\"elementor-element elementor-element-48f47b8 ot-view-stacked ot-position-left ot-vertical-align-top elementor-widget elementor-widget-ot-iconbox\" data-id=\"48f47b8\" data-element_type=\"widget\" data-e-type=\"widget\" data-widget_type=\"ot-iconbox.default\">\n\t\t\t\t<div class=\"elementor-widget-container\">\n\t\t\t\t\t\t\t<div class=\"ot-icon-box box-content\">\r\n\t\t\t\t\t\t<div class=\"ot-icon-box__icon flex-gap\">\r\n\t\t\t\t<i aria-hidden=\"true\" class=\"uil-check\"><\/i>\t        <\/div>\r\n\t        \t        <div class=\"ot-icon-box__content\">\r\n\t        \t<span class=\"icon-box-title\">Darb\u0105 biure arba darb\u0105 i\u0161 nam\u0173;<\/span>\t\t\t\t\t\t\t\t\t\t\t<\/div>\t\r\n\t    <\/div>\r\n\t    \t\t\t\t<\/div>\n\t\t\t\t<\/div>\n\t\t\t\t<div class=\"elementor-element elementor-element-80ededc ot-view-stacked ot-position-left ot-vertical-align-top elementor-widget elementor-widget-ot-iconbox\" data-id=\"80ededc\" data-element_type=\"widget\" data-e-type=\"widget\" data-widget_type=\"ot-iconbox.default\">\n\t\t\t\t<div class=\"elementor-widget-container\">\n\t\t\t\t\t\t\t<div class=\"ot-icon-box box-content\">\r\n\t\t\t\t\t\t<div class=\"ot-icon-box__icon flex-gap\">\r\n\t\t\t\t<i aria-hidden=\"true\" class=\"uil-check\"><\/i>\t        <\/div>\r\n\t        \t        <div class=\"ot-icon-box__content\">\r\n\t        \t<span class=\"icon-box-title\">Nemokam\u0105 automobilio parkavim\u0105.<\/span>\t\t\t\t\t\t\t\t\t\t\t<\/div>\t\r\n\t    <\/div>\r\n\t    \t\t\t\t<\/div>\n\t\t\t\t<\/div>\n\t\t\t\t<div class=\"elementor-element elementor-element-93b817a ot-view-stacked ot-position-left ot-vertical-align-top elementor-widget elementor-widget-ot-iconbox\" data-id=\"93b817a\" data-element_type=\"widget\" data-e-type=\"widget\" data-widget_type=\"ot-iconbox.default\">\n\t\t\t\t<div class=\"elementor-widget-container\">\n\t\t\t\t\t\t\t<div class=\"ot-icon-box box-content\">\r\n\t\t\t\t\t\t<div class=\"ot-icon-box__icon flex-gap\">\r\n\t\t\t\t<i aria-hidden=\"true\" class=\"uil-check\"><\/i>\t        <\/div>\r\n\t        \t        <div class=\"ot-icon-box__content\">\r\n\t        \t<span class=\"icon-box-title\">Galimybes tobulinti profesines \u017einias ir \u012fg\u016bd\u017eius;<\/span>\t\t\t\t\t\t\t\t\t\t\t<\/div>\t\r\n\t    <\/div>\r\n\t    \t\t\t\t<\/div>\n\t\t\t\t<\/div>\n\t\t\t\t\t<\/div>\n\t\t<\/div>\n\t\t\t\t<div class=\"elementor-column elementor-col-50 elementor-inner-column elementor-element elementor-element-cd87e22\" data-id=\"cd87e22\" data-element_type=\"column\" data-e-type=\"column\" data-settings=\"{&quot;background_background&quot;:&quot;classic&quot;}\">\n\t\t\t<div class=\"elementor-widget-wrap elementor-element-populated\">\n\t\t\t\t\t\t<div class=\"elementor-element elementor-element-c00edb3 ot-view-stacked ot-position-left ot-vertical-align-top elementor-widget elementor-widget-ot-iconbox\" data-id=\"c00edb3\" data-element_type=\"widget\" data-e-type=\"widget\" data-widget_type=\"ot-iconbox.default\">\n\t\t\t\t<div class=\"elementor-widget-container\">\n\t\t\t\t\t\t\t<div class=\"ot-icon-box box-content\">\r\n\t\t\t\t\t\t<div class=\"ot-icon-box__icon flex-gap\">\r\n\t\t\t\t<i aria-hidden=\"true\" class=\"uil-check\"><\/i>\t        <\/div>\r\n\t        \t        <div class=\"ot-icon-box__content\">\r\n\t        \t<span class=\"icon-box-title\">Motyvuojant\u012f, darbo rezultatus atitinkant\u012f atlyginim\u0105;<\/span>\t\t\t\t\t\t\t\t\t\t\t<\/div>\t\r\n\t    <\/div>\r\n\t    \t\t\t\t<\/div>\n\t\t\t\t<\/div>\n\t\t\t\t<div class=\"elementor-element elementor-element-e9e7bfc ot-view-stacked ot-position-left ot-vertical-align-top elementor-widget elementor-widget-ot-iconbox\" data-id=\"e9e7bfc\" data-element_type=\"widget\" data-e-type=\"widget\" data-widget_type=\"ot-iconbox.default\">\n\t\t\t\t<div class=\"elementor-widget-container\">\n\t\t\t\t\t\t\t<div class=\"ot-icon-box box-content\">\r\n\t\t\t\t\t\t<div class=\"ot-icon-box__icon flex-gap\">\r\n\t\t\t\t<i aria-hidden=\"true\" class=\"uil-check\"><\/i>\t        <\/div>\r\n\t        \t        <div class=\"ot-icon-box__content\">\r\n\t        \t<span class=\"icon-box-title\">Darb\u0105 profesionalioje koleg\u0173 komandoje;<\/span>\t\t\t\t\t\t\t\t\t\t\t<\/div>\t\r\n\t    <\/div>\r\n\t    \t\t\t\t<\/div>\n\t\t\t\t<\/div>\n\t\t\t\t\t<\/div>\n\t\t<\/div>\n\t\t\t\t\t<\/div>\n\t\t<\/section>\n\t\t\t\t<section class=\"elementor-section elementor-inner-section elementor-element elementor-element-596a08e elementor-section-boxed elementor-section-height-default elementor-section-height-default\" data-id=\"596a08e\" data-element_type=\"section\" data-e-type=\"section\" data-settings=\"{&quot;background_background&quot;:&quot;classic&quot;}\">\n\t\t\t\t\t\t<div class=\"elementor-container elementor-column-gap-default\">\n\t\t\t\t\t<div class=\"elementor-column elementor-col-100 elementor-inner-column elementor-element elementor-element-d79948c\" data-id=\"d79948c\" data-element_type=\"column\" data-e-type=\"column\" data-settings=\"{&quot;background_background&quot;:&quot;classic&quot;}\">\n\t\t\t<div class=\"elementor-widget-wrap elementor-element-populated\">\n\t\t\t\t\t\t<div class=\"elementor-element elementor-element-6cece9c elementor-widget elementor-widget-heading\" data-id=\"6cece9c\" data-element_type=\"widget\" data-e-type=\"widget\" data-widget_type=\"heading.default\">\n\t\t\t\t<div class=\"elementor-widget-container\">\n\t\t\t\t\t<h2 class=\"elementor-heading-title elementor-size-default\">Atlyginimas<\/h2>\t\t\t\t<\/div>\n\t\t\t\t<\/div>\n\t\t\t\t<div class=\"elementor-element elementor-element-80b5427 elementor-widget elementor-widget-text-editor\" data-id=\"80b5427\" data-element_type=\"widget\" data-e-type=\"widget\" data-widget_type=\"text-editor.default\">\n\t\t\t\t<div class=\"elementor-widget-container\">\n\t\t\t\t\t\t\t\t\t<p>900-1200 \u20ac\/m\u0117n. \u012f rankas<\/p>\t\t\t\t\t\t\t\t<\/div>\n\t\t\t\t<\/div>\n\t\t\t\t\t<\/div>\n\t\t<\/div>\n\t\t\t\t\t<\/div>\n\t\t<\/section>\n\t\t\t\t<div class=\"elementor-element elementor-element-c6a90a5 sg-popup-id-20202 elementor-widget elementor-widget-ot-btn\" data-id=\"c6a90a5\" data-element_type=\"widget\" data-e-type=\"widget\" data-widget_type=\"ot-btn.default\">\n\t\t\t\t<div class=\"elementor-widget-container\">\n\t\t\t\t\t\t\t<div class=\"ot-button-wrapper\">\r\n\t\t\t<a class=\"octf-btn\">\r\n\t\t\t\tAplikuoti\t\t\t\t\t\t\t<\/a>\r\n\t    <\/div>\r\n\t    \t\t\t\t<\/div>\n\t\t\t\t<\/div>\n\t\t\t\t\t<\/div>\n\t\t<\/div>\n\t\t\t\t<div class=\"elementor-column elementor-col-33 elementor-top-column elementor-element elementor-element-4939241\" data-id=\"4939241\" data-element_type=\"column\" data-e-type=\"column\">\n\t\t\t<div class=\"elementor-widget-wrap\">\n\t\t\t\t\t\t\t<\/div>\n\t\t<\/div>\n\t\t\t\t\t<\/div>\n\t\t<\/section>\n\t\t\t\t<\/div>","protected":false},"excerpt":{"rendered":"<p>Poilsini\u0173 kelioni\u0173 konsultantas\/-\u0117 Pilnas etatas Vilnius B2B Darbo pob\u016bdis Vis\u0173 Lietuvoje veikian\u010di\u0173 kelioni\u0173 organizatori\u0173 kelioni\u0173 pardavimais; Bendravimas su esamais ir b\u016bsimais klientais socialini\u0173 tinkl\u0173 pagalba, telefonu ir el. pa\u0161tu; Papildom\u0173 paslaug\u0173 pardavimas (draudimas, parkavimas ir kt.); Nauj\u0173 id\u0117j\u0173 generavimas pardavimo procesams tobulinti. Reikalavimai darbuotojui Analogi\u0161ka darbo patirtis kelioni\u0173 agent\u016broje; Geb\u0117jimas dirbti su kelioni\u0173 organizatori\u0173 rezervavimo [&hellip;]<\/p>\n","protected":false},"author":1,"featured_media":0,"parent":0,"menu_order":0,"comment_status":"closed","ping_status":"closed","template":"","meta":{"footnotes":""},"class_list":["post-19857","page","type-page","status-publish","hentry"],"yoast_head":"<!-- This site is optimized with the Yoast SEO plugin v27.3 - https:\/\/yoast.com\/product\/yoast-seo-wordpress\/ -->\n<title>Poilsini\u0173 kelioni\u0173 konsultantas\/-\u0117 - BPC travel<\/title>\n<meta name=\"description\" content=\"Vis\u0173 Lietuvoje veikian\u010di\u0173 kelioni\u0173 organizatori\u0173 kelioni\u0173 pardavimais. Bendravimas su esamais ir b\u016bsimais klientais socialini\u0173 tinkl\u0173 pagalba, telefonu ir el. pa\u0161tu. Papildom\u0173 paslaug\u0173 pardavimas (draudimas, parkavimas ir kt.. ;Nauj\u0173 id\u0117j\u0173 generavimas pardavimo procesams tobulinti.\" \/>\n<meta name=\"robots\" content=\"index, follow, max-snippet:-1, max-image-preview:large, max-video-preview:-1\" \/>\n<link rel=\"canonical\" href=\"https:\/\/bpctravel.lt\/en\/poilsiniu-kelioniu-konsultantas\/\" \/>\n<meta property=\"og:locale\" content=\"en_GB\" \/>\n<meta property=\"og:type\" content=\"article\" \/>\n<meta property=\"og:title\" content=\"Poilsini\u0173 kelioni\u0173 konsultantas\/-\u0117 - BPC travel\" \/>\n<meta property=\"og:description\" content=\"Vis\u0173 Lietuvoje veikian\u010di\u0173 kelioni\u0173 organizatori\u0173 kelioni\u0173 pardavimais. Bendravimas su esamais ir b\u016bsimais klientais socialini\u0173 tinkl\u0173 pagalba, telefonu ir el. pa\u0161tu. Papildom\u0173 paslaug\u0173 pardavimas (draudimas, parkavimas ir kt.. ;Nauj\u0173 id\u0117j\u0173 generavimas pardavimo procesams tobulinti.\" \/>\n<meta property=\"og:url\" content=\"https:\/\/bpctravel.lt\/en\/poilsiniu-kelioniu-konsultantas\/\" \/>\n<meta property=\"og:site_name\" content=\"BPC travel\" \/>\n<meta property=\"article:publisher\" content=\"https:\/\/www.facebook.com\/BPCtravelKeliones\" \/>\n<meta property=\"article:modified_time\" content=\"2024-02-07T10:21:39+00:00\" \/>\n<meta name=\"twitter:card\" content=\"summary_large_image\" \/>\n<meta name=\"twitter:label1\" content=\"Estimated reading time\" \/>\n\t<meta name=\"twitter:data1\" content=\"1 minute\" \/>\n<script type=\"application\/ld+json\" class=\"yoast-schema-graph\">{\"@context\":\"https:\\\/\\\/schema.org\",\"@graph\":[{\"@type\":\"WebPage\",\"@id\":\"https:\\\/\\\/bpctravel.lt\\\/poilsiniu-kelioniu-konsultantas\\\/\",\"url\":\"https:\\\/\\\/bpctravel.lt\\\/poilsiniu-kelioniu-konsultantas\\\/\",\"name\":\"Poilsini\u0173 kelioni\u0173 konsultantas\\\/-\u0117 - BPC travel\",\"isPartOf\":{\"@id\":\"https:\\\/\\\/bpctravel.lt\\\/#website\"},\"datePublished\":\"2024-01-17T14:03:22+00:00\",\"dateModified\":\"2024-02-07T10:21:39+00:00\",\"description\":\"Vis\u0173 Lietuvoje veikian\u010di\u0173 kelioni\u0173 organizatori\u0173 kelioni\u0173 pardavimais. Bendravimas su esamais ir b\u016bsimais klientais socialini\u0173 tinkl\u0173 pagalba, telefonu ir el. pa\u0161tu. Papildom\u0173 paslaug\u0173 pardavimas (draudimas, parkavimas ir kt.. ;Nauj\u0173 id\u0117j\u0173 generavimas pardavimo procesams tobulinti.\",\"breadcrumb\":{\"@id\":\"https:\\\/\\\/bpctravel.lt\\\/poilsiniu-kelioniu-konsultantas\\\/#breadcrumb\"},\"inLanguage\":\"en-GB\",\"potentialAction\":[{\"@type\":\"ReadAction\",\"target\":[\"https:\\\/\\\/bpctravel.lt\\\/poilsiniu-kelioniu-konsultantas\\\/\"]}]},{\"@type\":\"BreadcrumbList\",\"@id\":\"https:\\\/\\\/bpctravel.lt\\\/poilsiniu-kelioniu-konsultantas\\\/#breadcrumb\",\"itemListElement\":[{\"@type\":\"ListItem\",\"position\":1,\"name\":\"Home\",\"item\":\"https:\\\/\\\/bpctravel.lt\\\/\"},{\"@type\":\"ListItem\",\"position\":2,\"name\":\"Poilsini\u0173 kelioni\u0173 konsultantas\\\/-\u0117\"}]},{\"@type\":\"WebSite\",\"@id\":\"https:\\\/\\\/bpctravel.lt\\\/#website\",\"url\":\"https:\\\/\\\/bpctravel.lt\\\/\",\"name\":\"BPC travel\",\"description\":\"\",\"potentialAction\":[{\"@type\":\"SearchAction\",\"target\":{\"@type\":\"EntryPoint\",\"urlTemplate\":\"https:\\\/\\\/bpctravel.lt\\\/?s={search_term_string}\"},\"query-input\":{\"@type\":\"PropertyValueSpecification\",\"valueRequired\":true,\"valueName\":\"search_term_string\"}}],\"inLanguage\":\"en-GB\"}]}<\/script>\n<!-- \/ Yoast SEO plugin. -->","yoast_head_json":{"title":"Poilsini\u0173 kelioni\u0173 konsultantas\/-\u0117 - BPC travel","description":"Vis\u0173 Lietuvoje veikian\u010di\u0173 kelioni\u0173 organizatori\u0173 kelioni\u0173 pardavimais. Bendravimas su esamais ir b\u016bsimais klientais socialini\u0173 tinkl\u0173 pagalba, telefonu ir el. pa\u0161tu. Papildom\u0173 paslaug\u0173 pardavimas (draudimas, parkavimas ir kt.. ;Nauj\u0173 id\u0117j\u0173 generavimas pardavimo procesams tobulinti.","robots":{"index":"index","follow":"follow","max-snippet":"max-snippet:-1","max-image-preview":"max-image-preview:large","max-video-preview":"max-video-preview:-1"},"canonical":"https:\/\/bpctravel.lt\/en\/poilsiniu-kelioniu-konsultantas\/","og_locale":"en_GB","og_type":"article","og_title":"Poilsini\u0173 kelioni\u0173 konsultantas\/-\u0117 - BPC travel","og_description":"Vis\u0173 Lietuvoje veikian\u010di\u0173 kelioni\u0173 organizatori\u0173 kelioni\u0173 pardavimais. Bendravimas su esamais ir b\u016bsimais klientais socialini\u0173 tinkl\u0173 pagalba, telefonu ir el. pa\u0161tu. Papildom\u0173 paslaug\u0173 pardavimas (draudimas, parkavimas ir kt.. ;Nauj\u0173 id\u0117j\u0173 generavimas pardavimo procesams tobulinti.","og_url":"https:\/\/bpctravel.lt\/en\/poilsiniu-kelioniu-konsultantas\/","og_site_name":"BPC travel","article_publisher":"https:\/\/www.facebook.com\/BPCtravelKeliones","article_modified_time":"2024-02-07T10:21:39+00:00","twitter_card":"summary_large_image","twitter_misc":{"Estimated reading time":"1 minute"},"schema":{"@context":"https:\/\/schema.org","@graph":[{"@type":"WebPage","@id":"https:\/\/bpctravel.lt\/poilsiniu-kelioniu-konsultantas\/","url":"https:\/\/bpctravel.lt\/poilsiniu-kelioniu-konsultantas\/","name":"Poilsini\u0173 kelioni\u0173 konsultantas\/-\u0117 - BPC travel","isPartOf":{"@id":"https:\/\/bpctravel.lt\/#website"},"datePublished":"2024-01-17T14:03:22+00:00","dateModified":"2024-02-07T10:21:39+00:00","description":"Vis\u0173 Lietuvoje veikian\u010di\u0173 kelioni\u0173 organizatori\u0173 kelioni\u0173 pardavimais. Bendravimas su esamais ir b\u016bsimais klientais socialini\u0173 tinkl\u0173 pagalba, telefonu ir el. pa\u0161tu. Papildom\u0173 paslaug\u0173 pardavimas (draudimas, parkavimas ir kt.. ;Nauj\u0173 id\u0117j\u0173 generavimas pardavimo procesams tobulinti.","breadcrumb":{"@id":"https:\/\/bpctravel.lt\/poilsiniu-kelioniu-konsultantas\/#breadcrumb"},"inLanguage":"en-GB","potentialAction":[{"@type":"ReadAction","target":["https:\/\/bpctravel.lt\/poilsiniu-kelioniu-konsultantas\/"]}]},{"@type":"BreadcrumbList","@id":"https:\/\/bpctravel.lt\/poilsiniu-kelioniu-konsultantas\/#breadcrumb","itemListElement":[{"@type":"ListItem","position":1,"name":"Home","item":"https:\/\/bpctravel.lt\/"},{"@type":"ListItem","position":2,"name":"Poilsini\u0173 kelioni\u0173 konsultantas\/-\u0117"}]},{"@type":"WebSite","@id":"https:\/\/bpctravel.lt\/#website","url":"https:\/\/bpctravel.lt\/","name":"BPC travel","description":"","potentialAction":[{"@type":"SearchAction","target":{"@type":"EntryPoint","urlTemplate":"https:\/\/bpctravel.lt\/?s={search_term_string}"},"query-input":{"@type":"PropertyValueSpecification","valueRequired":true,"valueName":"search_term_string"}}],"inLanguage":"en-GB"}]}},"_links":{"self":[{"href":"https:\/\/bpctravel.lt\/en\/wp-json\/wp\/v2\/pages\/19857","targetHints":{"allow":["GET"]}}],"collection":[{"href":"https:\/\/bpctravel.lt\/en\/wp-json\/wp\/v2\/pages"}],"about":[{"href":"https:\/\/bpctravel.lt\/en\/wp-json\/wp\/v2\/types\/page"}],"author":[{"embeddable":true,"href":"https:\/\/bpctravel.lt\/en\/wp-json\/wp\/v2\/users\/1"}],"replies":[{"embeddable":true,"href":"https:\/\/bpctravel.lt\/en\/wp-json\/wp\/v2\/comments?post=19857"}],"version-history":[{"count":0,"href":"https:\/\/bpctravel.lt\/en\/wp-json\/wp\/v2\/pages\/19857\/revisions"}],"wp:attachment":[{"href":"https:\/\/bpctravel.lt\/en\/wp-json\/wp\/v2\/media?parent=19857"}],"curies":[{"name":"wp","href":"https:\/\/api.w.org\/{rel}","templated":true}]}}