{"id":19862,"date":"2024-01-17T14:10:35","date_gmt":"2024-01-17T14:10:35","guid":{"rendered":"https:\/\/bpctravel.lt\/?page_id=19862"},"modified":"2024-02-07T10:21:49","modified_gmt":"2024-02-07T10:21:49","slug":"pagalbos-linijos-vadybininkas","status":"publish","type":"page","link":"https:\/\/bpctravel.lt\/en\/pagalbos-linijos-vadybininkas\/","title":{"rendered":"Pagalbos linijos vadybininkas\/-\u0117"},"content":{"rendered":"<div data-elementor-type=\"wp-page\" data-elementor-id=\"19862\" class=\"elementor elementor-19862\">\n\t\t\t\t\t\t<section class=\"elementor-section elementor-top-section elementor-element elementor-element-fc58873 elementor-section-boxed elementor-section-height-default elementor-section-height-default\" data-id=\"fc58873\" data-element_type=\"section\" data-e-type=\"section\" data-settings=\"{&quot;background_background&quot;:&quot;classic&quot;}\">\n\t\t\t\t\t\t<div class=\"elementor-container elementor-column-gap-default\">\n\t\t\t\t\t<div class=\"elementor-column elementor-col-100 elementor-top-column elementor-element elementor-element-69d98d8\" data-id=\"69d98d8\" data-element_type=\"column\" data-e-type=\"column\">\n\t\t\t<div class=\"elementor-widget-wrap elementor-element-populated\">\n\t\t\t\t\t\t<div class=\"elementor-element elementor-element-f03d56c display-1 elementor-widget elementor-widget-heading\" data-id=\"f03d56c\" data-element_type=\"widget\" data-e-type=\"widget\" data-widget_type=\"heading.default\">\n\t\t\t\t<div class=\"elementor-widget-container\">\n\t\t\t\t\t<h1 class=\"elementor-heading-title elementor-size-default\">Pagalbos linijos vadybininkas\/-\u0117<\/h1>\t\t\t\t<\/div>\n\t\t\t\t<\/div>\n\t\t\t\t<div class=\"elementor-element elementor-element-d5c11a9 post-meta  ot-view-default elementor-widget elementor-widget-ot-icon-list\" data-id=\"d5c11a9\" data-element_type=\"widget\" data-e-type=\"widget\" data-widget_type=\"ot-icon-list.default\">\n\t\t\t\t<div class=\"elementor-widget-container\">\n\t\t\t\t\t\t        <div class=\"ot-icon-list-wrapper\">\r\n\t        \t<ul class=\"unstyle ot-icon-list-items --inline-items\">\r\n\t        \t\t\t        \t\t\t<li class=\"ot-icon-list-item --inline-item\">\r\n\t        \t\t\t\t\r\n\t\t\t\t\t\t\t<span class=\"ot-icon-list-icon\">\r\n\t\t\t\t\t\t\t\t<i aria-hidden=\"true\" class=\"uil-clock\"><\/i>\t\t\t\t\t\t\t<\/span>\r\n\t\t\t\t\t\t\t\t\t\t\t\t\t\t<span class=\"ot-icon-list-text\">Pilnas etatas<\/span>\r\n\t\t\t\t\t\t\t\t        \t\t\t<\/li>\r\n\t        \t\t\t        \t\t\t<li class=\"ot-icon-list-item --inline-item\">\r\n\t        \t\t\t\t\r\n\t\t\t\t\t\t\t<span class=\"ot-icon-list-icon\">\r\n\t\t\t\t\t\t\t\t<i aria-hidden=\"true\" class=\"uil-location-arrow\"><\/i>\t\t\t\t\t\t\t<\/span>\r\n\t\t\t\t\t\t\t\t\t\t\t\t\t\t<span class=\"ot-icon-list-text\">Vilnius<\/span>\r\n\t\t\t\t\t\t\t\t        \t\t\t<\/li>\r\n\t        \t\t\t        \t\t\t<li class=\"ot-icon-list-item --inline-item\">\r\n\t        \t\t\t\t\r\n\t\t\t\t\t\t\t<span class=\"ot-icon-list-icon\">\r\n\t\t\t\t\t\t\t\t<i aria-hidden=\"true\" class=\"uil-suitcase-alt\"><\/i>\t\t\t\t\t\t\t<\/span>\r\n\t\t\t\t\t\t\t\t\t\t\t\t\t\t<span class=\"ot-icon-list-text\">B2B<\/span>\r\n\t\t\t\t\t\t\t\t        \t\t\t<\/li>\r\n\t        \t\t\t        \t<\/ul>\r\n\t        <\/div>\r\n\t    \t\t\t\t<\/div>\n\t\t\t\t<\/div>\n\t\t\t\t\t<\/div>\n\t\t<\/div>\n\t\t\t\t\t<\/div>\n\t\t<\/section>\n\t\t\t\t<section class=\"elementor-section elementor-top-section elementor-element elementor-element-1fc0adb elementor-section-boxed elementor-section-height-default elementor-section-height-default\" data-id=\"1fc0adb\" data-element_type=\"section\" data-e-type=\"section\">\n\t\t\t\t\t\t<div class=\"elementor-container elementor-column-gap-default\">\n\t\t\t\t\t<div class=\"elementor-column elementor-col-33 elementor-top-column elementor-element elementor-element-b33b497\" data-id=\"b33b497\" data-element_type=\"column\" data-e-type=\"column\">\n\t\t\t<div class=\"elementor-widget-wrap\">\n\t\t\t\t\t\t\t<\/div>\n\t\t<\/div>\n\t\t\t\t<div class=\"elementor-column elementor-col-33 elementor-top-column elementor-element elementor-element-9ba44a6 card shadow-lg\" data-id=\"9ba44a6\" data-element_type=\"column\" data-e-type=\"column\" data-settings=\"{&quot;background_background&quot;:&quot;classic&quot;}\">\n\t\t\t<div class=\"elementor-widget-wrap elementor-element-populated\">\n\t\t\t\t\t\t<section class=\"elementor-section elementor-inner-section elementor-element elementor-element-2dc85a0 elementor-section-boxed elementor-section-height-default elementor-section-height-default\" data-id=\"2dc85a0\" data-element_type=\"section\" data-e-type=\"section\">\n\t\t\t\t\t\t<div class=\"elementor-container elementor-column-gap-default\">\n\t\t\t\t\t<div class=\"elementor-column elementor-col-100 elementor-inner-column elementor-element elementor-element-524e63c\" data-id=\"524e63c\" data-element_type=\"column\" data-e-type=\"column\">\n\t\t\t<div class=\"elementor-widget-wrap elementor-element-populated\">\n\t\t\t\t\t\t<div class=\"elementor-element elementor-element-17aaaad elementor-widget elementor-widget-heading\" data-id=\"17aaaad\" data-element_type=\"widget\" data-e-type=\"widget\" data-widget_type=\"heading.default\">\n\t\t\t\t<div class=\"elementor-widget-container\">\n\t\t\t\t\t<h2 class=\"elementor-heading-title elementor-size-default\">Darbo pob\u016bdis<\/h2>\t\t\t\t<\/div>\n\t\t\t\t<\/div>\n\t\t\t\t<div class=\"elementor-element elementor-element-c57a010 custom-list-padding-24 elementor-widget elementor-widget-text-editor\" data-id=\"c57a010\" data-element_type=\"widget\" data-e-type=\"widget\" data-widget_type=\"text-editor.default\">\n\t\t\t\t<div class=\"elementor-widget-container\">\n\t\t\t\t\t\t\t\t\t<ul><li>Operatyvus klient\u0173 aptarnavimas telefonu ir el. pa\u0161tu;<\/li><li>Darbas su l\u0117ktuvo biliet\u0173 rezervacine sistema &#8211; Amadeus;<\/li><li>Konsultavimas bei reikiamos informacijos suteikimas.<\/li><\/ul>\t\t\t\t\t\t\t\t<\/div>\n\t\t\t\t<\/div>\n\t\t\t\t<div class=\"elementor-element elementor-element-9849e69 elementor-widget elementor-widget-heading\" data-id=\"9849e69\" data-element_type=\"widget\" data-e-type=\"widget\" data-widget_type=\"heading.default\">\n\t\t\t\t<div class=\"elementor-widget-container\">\n\t\t\t\t\t<h2 class=\"elementor-heading-title elementor-size-default\">Reikalavimai darbuotojui<\/h2>\t\t\t\t<\/div>\n\t\t\t\t<\/div>\n\t\t\t\t<div class=\"elementor-element elementor-element-a75931f custom-list-padding-24 elementor-widget elementor-widget-text-editor\" data-id=\"a75931f\" data-element_type=\"widget\" data-e-type=\"widget\" data-widget_type=\"text-editor.default\">\n\t\t\t\t<div class=\"elementor-widget-container\">\n\t\t\t\t\t\t\t\t\t<ul><li>Analogi\u0161ka darbo patirtis kelioni\u0173 agent\u016broje;<\/li><li>Dalykinio bendravimo \u012fg\u016bd\u017eiai, paslaugumas, greita orientacija;<\/li><li>Sugeb\u0117jimas valdyti nestandartines situacijas;<\/li><li>Geros angl\u0173 kalbos \u017einios.<\/li><\/ul>\t\t\t\t\t\t\t\t<\/div>\n\t\t\t\t<\/div>\n\t\t\t\t\t<\/div>\n\t\t<\/div>\n\t\t\t\t\t<\/div>\n\t\t<\/section>\n\t\t\t\t<div class=\"elementor-element elementor-element-2be7022 elementor-widget elementor-widget-heading\" data-id=\"2be7022\" data-element_type=\"widget\" data-e-type=\"widget\" data-widget_type=\"heading.default\">\n\t\t\t\t<div class=\"elementor-widget-container\">\n\t\t\t\t\t<h2 class=\"elementor-heading-title elementor-size-default\">\u012emon\u0117 si\u016blo<\/h2>\t\t\t\t<\/div>\n\t\t\t\t<\/div>\n\t\t\t\t<section class=\"elementor-section elementor-inner-section elementor-element elementor-element-6e3b45c elementor-section-boxed elementor-section-height-default elementor-section-height-default\" data-id=\"6e3b45c\" data-element_type=\"section\" data-e-type=\"section\" data-settings=\"{&quot;background_background&quot;:&quot;classic&quot;}\">\n\t\t\t\t\t\t<div class=\"elementor-container elementor-column-gap-default\">\n\t\t\t\t\t<div class=\"elementor-column elementor-col-50 elementor-inner-column elementor-element elementor-element-ec31b15\" data-id=\"ec31b15\" data-element_type=\"column\" data-e-type=\"column\" data-settings=\"{&quot;background_background&quot;:&quot;classic&quot;}\">\n\t\t\t<div class=\"elementor-widget-wrap elementor-element-populated\">\n\t\t\t\t\t\t<div class=\"elementor-element elementor-element-50220da ot-view-stacked ot-position-left ot-vertical-align-top elementor-widget elementor-widget-ot-iconbox\" data-id=\"50220da\" data-element_type=\"widget\" data-e-type=\"widget\" data-widget_type=\"ot-iconbox.default\">\n\t\t\t\t<div class=\"elementor-widget-container\">\n\t\t\t\t\t\t\t<div class=\"ot-icon-box box-content\">\r\n\t\t\t\t\t\t<div class=\"ot-icon-box__icon flex-gap\">\r\n\t\t\t\t<i aria-hidden=\"true\" class=\"uil-check\"><\/i>\t        <\/div>\r\n\t        \t        <div class=\"ot-icon-box__content\">\r\n\t        \t<span class=\"icon-box-title\">Stabil\u0173 ir laiku mokam\u0105 atlyginim\u0105;<\/span>\t\t\t\t\t\t\t\t\t\t\t<\/div>\t\r\n\t    <\/div>\r\n\t    \t\t\t\t<\/div>\n\t\t\t\t<\/div>\n\t\t\t\t<div class=\"elementor-element elementor-element-03a7742 ot-view-stacked ot-position-left ot-vertical-align-top elementor-widget elementor-widget-ot-iconbox\" data-id=\"03a7742\" data-element_type=\"widget\" data-e-type=\"widget\" data-widget_type=\"ot-iconbox.default\">\n\t\t\t\t<div class=\"elementor-widget-container\">\n\t\t\t\t\t\t\t<div class=\"ot-icon-box box-content\">\r\n\t\t\t\t\t\t<div class=\"ot-icon-box__icon flex-gap\">\r\n\t\t\t\t<i aria-hidden=\"true\" class=\"uil-check\"><\/i>\t        <\/div>\r\n\t        \t        <div class=\"ot-icon-box__content\">\r\n\t        \t<span class=\"icon-box-title\">Galimyb\u0117 dirbti nuotoliniu b\u016bdu;<\/span>\t\t\t\t\t\t\t\t\t\t\t<\/div>\t\r\n\t    <\/div>\r\n\t    \t\t\t\t<\/div>\n\t\t\t\t<\/div>\n\t\t\t\t<div class=\"elementor-element elementor-element-7e20b58 ot-view-stacked ot-position-left ot-vertical-align-top elementor-widget elementor-widget-ot-iconbox\" data-id=\"7e20b58\" data-element_type=\"widget\" data-e-type=\"widget\" data-widget_type=\"ot-iconbox.default\">\n\t\t\t\t<div class=\"elementor-widget-container\">\n\t\t\t\t\t\t\t<div class=\"ot-icon-box box-content\">\r\n\t\t\t\t\t\t<div class=\"ot-icon-box__icon flex-gap\">\r\n\t\t\t\t<i aria-hidden=\"true\" class=\"uil-check\"><\/i>\t        <\/div>\r\n\t        \t        <div class=\"ot-icon-box__content\">\r\n\t        \t<span class=\"icon-box-title\">Nemokam\u0105 automobilio parkavim\u0105;<\/span>\t\t\t\t\t\t\t\t\t\t\t<\/div>\t\r\n\t    <\/div>\r\n\t    \t\t\t\t<\/div>\n\t\t\t\t<\/div>\n\t\t\t\t<div class=\"elementor-element elementor-element-855c995 ot-view-stacked ot-position-left ot-vertical-align-top elementor-widget elementor-widget-ot-iconbox\" data-id=\"855c995\" data-element_type=\"widget\" data-e-type=\"widget\" data-widget_type=\"ot-iconbox.default\">\n\t\t\t\t<div class=\"elementor-widget-container\">\n\t\t\t\t\t\t\t<div class=\"ot-icon-box box-content\">\r\n\t\t\t\t\t\t<div class=\"ot-icon-box__icon flex-gap\">\r\n\t\t\t\t<i aria-hidden=\"true\" class=\"uil-check\"><\/i>\t        <\/div>\r\n\t        \t        <div class=\"ot-icon-box__content\">\r\n\t        \t<span class=\"icon-box-title\">Galimyb\u0119 darb\u0105 derinti su studijomis\/pagrindiniu darbu (galima dirbti pilnu, 0,75 arba 0,5 etatu);<\/span>\t\t\t\t\t\t\t\t\t\t\t<\/div>\t\r\n\t    <\/div>\r\n\t    \t\t\t\t<\/div>\n\t\t\t\t<\/div>\n\t\t\t\t\t<\/div>\n\t\t<\/div>\n\t\t\t\t<div class=\"elementor-column elementor-col-50 elementor-inner-column elementor-element elementor-element-ff4db00\" data-id=\"ff4db00\" data-element_type=\"column\" data-e-type=\"column\" data-settings=\"{&quot;background_background&quot;:&quot;classic&quot;}\">\n\t\t\t<div class=\"elementor-widget-wrap elementor-element-populated\">\n\t\t\t\t\t\t<div class=\"elementor-element elementor-element-e843ef2 ot-view-stacked ot-position-left ot-vertical-align-top elementor-widget elementor-widget-ot-iconbox\" data-id=\"e843ef2\" data-element_type=\"widget\" data-e-type=\"widget\" data-widget_type=\"ot-iconbox.default\">\n\t\t\t\t<div class=\"elementor-widget-container\">\n\t\t\t\t\t\t\t<div class=\"ot-icon-box box-content\">\r\n\t\t\t\t\t\t<div class=\"ot-icon-box__icon flex-gap\">\r\n\t\t\t\t<i aria-hidden=\"true\" class=\"uil-check\"><\/i>\t        <\/div>\r\n\t        \t        <div class=\"ot-icon-box__content\">\r\n\t        \t<span class=\"icon-box-title\">Patirt\u012f klient\u0173 aptarnavimo srityje;<\/span>\t\t\t\t\t\t\t\t\t\t\t<\/div>\t\r\n\t    <\/div>\r\n\t    \t\t\t\t<\/div>\n\t\t\t\t<\/div>\n\t\t\t\t<div class=\"elementor-element elementor-element-7e610a0 ot-view-stacked ot-position-left ot-vertical-align-top elementor-widget elementor-widget-ot-iconbox\" data-id=\"7e610a0\" data-element_type=\"widget\" data-e-type=\"widget\" data-widget_type=\"ot-iconbox.default\">\n\t\t\t\t<div class=\"elementor-widget-container\">\n\t\t\t\t\t\t\t<div class=\"ot-icon-box box-content\">\r\n\t\t\t\t\t\t<div class=\"ot-icon-box__icon flex-gap\">\r\n\t\t\t\t<i aria-hidden=\"true\" class=\"uil-check\"><\/i>\t        <\/div>\r\n\t        \t        <div class=\"ot-icon-box__content\">\r\n\t        \t<span class=\"icon-box-title\">Visas socialines garantijas;<\/span>\t\t\t\t\t\t\t\t\t\t\t<\/div>\t\r\n\t    <\/div>\r\n\t    \t\t\t\t<\/div>\n\t\t\t\t<\/div>\n\t\t\t\t<div class=\"elementor-element elementor-element-9bca2f1 ot-view-stacked ot-position-left ot-vertical-align-top elementor-widget elementor-widget-ot-iconbox\" data-id=\"9bca2f1\" data-element_type=\"widget\" data-e-type=\"widget\" data-widget_type=\"ot-iconbox.default\">\n\t\t\t\t<div class=\"elementor-widget-container\">\n\t\t\t\t\t\t\t<div class=\"ot-icon-box box-content\">\r\n\t\t\t\t\t\t<div class=\"ot-icon-box__icon flex-gap\">\r\n\t\t\t\t<i aria-hidden=\"true\" class=\"uil-check\"><\/i>\t        <\/div>\r\n\t        \t        <div class=\"ot-icon-box__content\">\r\n\t        \t<span class=\"icon-box-title\">Lankst\u0173 darbo grafik\u0105;<\/span>\t\t\t\t\t\t\t\t\t\t\t<\/div>\t\r\n\t    <\/div>\r\n\t    \t\t\t\t<\/div>\n\t\t\t\t<\/div>\n\t\t\t\t<div class=\"elementor-element elementor-element-5cbec21 ot-view-stacked ot-position-left ot-vertical-align-top elementor-widget elementor-widget-ot-iconbox\" data-id=\"5cbec21\" data-element_type=\"widget\" data-e-type=\"widget\" data-widget_type=\"ot-iconbox.default\">\n\t\t\t\t<div class=\"elementor-widget-container\">\n\t\t\t\t\t\t\t<div class=\"ot-icon-box box-content\">\r\n\t\t\t\t\t\t<div class=\"ot-icon-box__icon flex-gap\">\r\n\t\t\t\t<i aria-hidden=\"true\" class=\"uil-check\"><\/i>\t        <\/div>\r\n\t        \t        <div class=\"ot-icon-box__content\">\r\n\t        \t<span class=\"icon-box-title\">Pagalb\u0105 ir patarimus;<\/span>\t\t\t\t\t\t\t\t\t\t\t<\/div>\t\r\n\t    <\/div>\r\n\t    \t\t\t\t<\/div>\n\t\t\t\t<\/div>\n\t\t\t\t<div class=\"elementor-element elementor-element-9658570 ot-view-stacked ot-position-left ot-vertical-align-top elementor-widget elementor-widget-ot-iconbox\" data-id=\"9658570\" data-element_type=\"widget\" data-e-type=\"widget\" data-widget_type=\"ot-iconbox.default\">\n\t\t\t\t<div class=\"elementor-widget-container\">\n\t\t\t\t\t\t\t<div class=\"ot-icon-box box-content\">\r\n\t\t\t\t\t\t<div class=\"ot-icon-box__icon flex-gap\">\r\n\t\t\t\t<i aria-hidden=\"true\" class=\"uil-check\"><\/i>\t        <\/div>\r\n\t        \t        <div class=\"ot-icon-box__content\">\r\n\t        \t<span class=\"icon-box-title\">Mokymus ir \u012fg\u016bd\u017ei\u0173 tobulinim\u0105.<\/span>\t\t\t\t\t\t\t\t\t\t\t<\/div>\t\r\n\t    <\/div>\r\n\t    \t\t\t\t<\/div>\n\t\t\t\t<\/div>\n\t\t\t\t\t<\/div>\n\t\t<\/div>\n\t\t\t\t\t<\/div>\n\t\t<\/section>\n\t\t\t\t<section class=\"elementor-section elementor-inner-section elementor-element elementor-element-2daaf6a elementor-section-boxed elementor-section-height-default elementor-section-height-default\" data-id=\"2daaf6a\" data-element_type=\"section\" data-e-type=\"section\" data-settings=\"{&quot;background_background&quot;:&quot;classic&quot;}\">\n\t\t\t\t\t\t<div class=\"elementor-container elementor-column-gap-default\">\n\t\t\t\t\t<div class=\"elementor-column elementor-col-100 elementor-inner-column elementor-element elementor-element-1c10854\" data-id=\"1c10854\" data-element_type=\"column\" data-e-type=\"column\" data-settings=\"{&quot;background_background&quot;:&quot;classic&quot;}\">\n\t\t\t<div class=\"elementor-widget-wrap elementor-element-populated\">\n\t\t\t\t\t\t<div class=\"elementor-element elementor-element-f668ff8 elementor-widget elementor-widget-heading\" data-id=\"f668ff8\" data-element_type=\"widget\" data-e-type=\"widget\" data-widget_type=\"heading.default\">\n\t\t\t\t<div class=\"elementor-widget-container\">\n\t\t\t\t\t<h2 class=\"elementor-heading-title elementor-size-default\">Atlyginimas<\/h2>\t\t\t\t<\/div>\n\t\t\t\t<\/div>\n\t\t\t\t<div class=\"elementor-element elementor-element-1f6acde elementor-widget elementor-widget-text-editor\" data-id=\"1f6acde\" data-element_type=\"widget\" data-e-type=\"widget\" data-widget_type=\"text-editor.default\">\n\t\t\t\t<div class=\"elementor-widget-container\">\n\t\t\t\t\t\t\t\t\t<p>700-1100 \u20ac\/m\u0117n. \u012f rankas<\/p>\t\t\t\t\t\t\t\t<\/div>\n\t\t\t\t<\/div>\n\t\t\t\t\t<\/div>\n\t\t<\/div>\n\t\t\t\t\t<\/div>\n\t\t<\/section>\n\t\t\t\t<div class=\"elementor-element elementor-element-6244f11 sg-popup-id-20203 elementor-widget elementor-widget-ot-btn\" data-id=\"6244f11\" data-element_type=\"widget\" data-e-type=\"widget\" data-widget_type=\"ot-btn.default\">\n\t\t\t\t<div class=\"elementor-widget-container\">\n\t\t\t\t\t\t\t<div class=\"ot-button-wrapper\">\r\n\t\t\t<a class=\"octf-btn\">\r\n\t\t\t\tAplikuoti\t\t\t\t\t\t\t<\/a>\r\n\t    <\/div>\r\n\t    \t\t\t\t<\/div>\n\t\t\t\t<\/div>\n\t\t\t\t\t<\/div>\n\t\t<\/div>\n\t\t\t\t<div class=\"elementor-column elementor-col-33 elementor-top-column elementor-element elementor-element-ddd1b54\" data-id=\"ddd1b54\" data-element_type=\"column\" data-e-type=\"column\">\n\t\t\t<div class=\"elementor-widget-wrap\">\n\t\t\t\t\t\t\t<\/div>\n\t\t<\/div>\n\t\t\t\t\t<\/div>\n\t\t<\/section>\n\t\t\t\t<\/div>","protected":false},"excerpt":{"rendered":"<p>Pagalbos linijos vadybininkas\/-\u0117 Pilnas etatas Vilnius B2B Darbo pob\u016bdis Operatyvus klient\u0173 aptarnavimas telefonu ir el. pa\u0161tu; Darbas su l\u0117ktuvo biliet\u0173 rezervacine sistema &#8211; Amadeus; Konsultavimas bei reikiamos informacijos suteikimas. Reikalavimai darbuotojui Analogi\u0161ka darbo patirtis kelioni\u0173 agent\u016broje; Dalykinio bendravimo \u012fg\u016bd\u017eiai, paslaugumas, greita orientacija; Sugeb\u0117jimas valdyti nestandartines situacijas; Geros angl\u0173 kalbos \u017einios. \u012emon\u0117 si\u016blo Stabil\u0173 ir laiku [&hellip;]<\/p>\n","protected":false},"author":1,"featured_media":0,"parent":0,"menu_order":0,"comment_status":"closed","ping_status":"closed","template":"","meta":{"footnotes":""},"class_list":["post-19862","page","type-page","status-publish","hentry"],"yoast_head":"<!-- This site is optimized with the Yoast SEO plugin v27.3 - https:\/\/yoast.com\/product\/yoast-seo-wordpress\/ -->\n<title>Pagalbos linijos vadybininkas\/-\u0117 - BPC travel<\/title>\n<meta name=\"description\" content=\"Operatyvus klient\u0173 aptarnavimas telefonu ir el. pa\u0161tu. Darbas su l\u0117ktuvo biliet\u0173 rezervacine sistema - Amadeus. Konsultavimas bei reikiamos informacijos suteikimas.\" \/>\n<meta name=\"robots\" content=\"index, follow, max-snippet:-1, max-image-preview:large, max-video-preview:-1\" \/>\n<link rel=\"canonical\" href=\"https:\/\/bpctravel.lt\/en\/pagalbos-linijos-vadybininkas\/\" \/>\n<meta property=\"og:locale\" content=\"en_GB\" \/>\n<meta property=\"og:type\" content=\"article\" \/>\n<meta property=\"og:title\" content=\"Pagalbos linijos vadybininkas\/-\u0117 - BPC travel\" \/>\n<meta property=\"og:description\" content=\"Operatyvus klient\u0173 aptarnavimas telefonu ir el. pa\u0161tu. Darbas su l\u0117ktuvo biliet\u0173 rezervacine sistema - Amadeus. Konsultavimas bei reikiamos informacijos suteikimas.\" \/>\n<meta property=\"og:url\" content=\"https:\/\/bpctravel.lt\/en\/pagalbos-linijos-vadybininkas\/\" \/>\n<meta property=\"og:site_name\" content=\"BPC travel\" \/>\n<meta property=\"article:publisher\" content=\"https:\/\/www.facebook.com\/BPCtravelKeliones\" \/>\n<meta property=\"article:modified_time\" content=\"2024-02-07T10:21:49+00:00\" \/>\n<meta name=\"twitter:card\" content=\"summary_large_image\" \/>\n<meta name=\"twitter:label1\" content=\"Estimated reading time\" \/>\n\t<meta name=\"twitter:data1\" content=\"1 minute\" \/>\n<script type=\"application\/ld+json\" class=\"yoast-schema-graph\">{\"@context\":\"https:\\\/\\\/schema.org\",\"@graph\":[{\"@type\":\"WebPage\",\"@id\":\"https:\\\/\\\/bpctravel.lt\\\/pagalbos-linijos-vadybininkas\\\/\",\"url\":\"https:\\\/\\\/bpctravel.lt\\\/pagalbos-linijos-vadybininkas\\\/\",\"name\":\"Pagalbos linijos vadybininkas\\\/-\u0117 - BPC travel\",\"isPartOf\":{\"@id\":\"https:\\\/\\\/bpctravel.lt\\\/#website\"},\"datePublished\":\"2024-01-17T14:10:35+00:00\",\"dateModified\":\"2024-02-07T10:21:49+00:00\",\"description\":\"Operatyvus klient\u0173 aptarnavimas telefonu ir el. pa\u0161tu. Darbas su l\u0117ktuvo biliet\u0173 rezervacine sistema - Amadeus. Konsultavimas bei reikiamos informacijos suteikimas.\",\"breadcrumb\":{\"@id\":\"https:\\\/\\\/bpctravel.lt\\\/pagalbos-linijos-vadybininkas\\\/#breadcrumb\"},\"inLanguage\":\"en-GB\",\"potentialAction\":[{\"@type\":\"ReadAction\",\"target\":[\"https:\\\/\\\/bpctravel.lt\\\/pagalbos-linijos-vadybininkas\\\/\"]}]},{\"@type\":\"BreadcrumbList\",\"@id\":\"https:\\\/\\\/bpctravel.lt\\\/pagalbos-linijos-vadybininkas\\\/#breadcrumb\",\"itemListElement\":[{\"@type\":\"ListItem\",\"position\":1,\"name\":\"Home\",\"item\":\"https:\\\/\\\/bpctravel.lt\\\/\"},{\"@type\":\"ListItem\",\"position\":2,\"name\":\"Pagalbos linijos vadybininkas\\\/-\u0117\"}]},{\"@type\":\"WebSite\",\"@id\":\"https:\\\/\\\/bpctravel.lt\\\/#website\",\"url\":\"https:\\\/\\\/bpctravel.lt\\\/\",\"name\":\"BPC travel\",\"description\":\"\",\"potentialAction\":[{\"@type\":\"SearchAction\",\"target\":{\"@type\":\"EntryPoint\",\"urlTemplate\":\"https:\\\/\\\/bpctravel.lt\\\/?s={search_term_string}\"},\"query-input\":{\"@type\":\"PropertyValueSpecification\",\"valueRequired\":true,\"valueName\":\"search_term_string\"}}],\"inLanguage\":\"en-GB\"}]}<\/script>\n<!-- \/ Yoast SEO plugin. -->","yoast_head_json":{"title":"Pagalbos linijos vadybininkas\/-\u0117 - BPC travel","description":"Operatyvus klient\u0173 aptarnavimas telefonu ir el. pa\u0161tu. Darbas su l\u0117ktuvo biliet\u0173 rezervacine sistema - Amadeus. Konsultavimas bei reikiamos informacijos suteikimas.","robots":{"index":"index","follow":"follow","max-snippet":"max-snippet:-1","max-image-preview":"max-image-preview:large","max-video-preview":"max-video-preview:-1"},"canonical":"https:\/\/bpctravel.lt\/en\/pagalbos-linijos-vadybininkas\/","og_locale":"en_GB","og_type":"article","og_title":"Pagalbos linijos vadybininkas\/-\u0117 - BPC travel","og_description":"Operatyvus klient\u0173 aptarnavimas telefonu ir el. pa\u0161tu. Darbas su l\u0117ktuvo biliet\u0173 rezervacine sistema - Amadeus. Konsultavimas bei reikiamos informacijos suteikimas.","og_url":"https:\/\/bpctravel.lt\/en\/pagalbos-linijos-vadybininkas\/","og_site_name":"BPC travel","article_publisher":"https:\/\/www.facebook.com\/BPCtravelKeliones","article_modified_time":"2024-02-07T10:21:49+00:00","twitter_card":"summary_large_image","twitter_misc":{"Estimated reading time":"1 minute"},"schema":{"@context":"https:\/\/schema.org","@graph":[{"@type":"WebPage","@id":"https:\/\/bpctravel.lt\/pagalbos-linijos-vadybininkas\/","url":"https:\/\/bpctravel.lt\/pagalbos-linijos-vadybininkas\/","name":"Pagalbos linijos vadybininkas\/-\u0117 - BPC travel","isPartOf":{"@id":"https:\/\/bpctravel.lt\/#website"},"datePublished":"2024-01-17T14:10:35+00:00","dateModified":"2024-02-07T10:21:49+00:00","description":"Operatyvus klient\u0173 aptarnavimas telefonu ir el. pa\u0161tu. Darbas su l\u0117ktuvo biliet\u0173 rezervacine sistema - Amadeus. Konsultavimas bei reikiamos informacijos suteikimas.","breadcrumb":{"@id":"https:\/\/bpctravel.lt\/pagalbos-linijos-vadybininkas\/#breadcrumb"},"inLanguage":"en-GB","potentialAction":[{"@type":"ReadAction","target":["https:\/\/bpctravel.lt\/pagalbos-linijos-vadybininkas\/"]}]},{"@type":"BreadcrumbList","@id":"https:\/\/bpctravel.lt\/pagalbos-linijos-vadybininkas\/#breadcrumb","itemListElement":[{"@type":"ListItem","position":1,"name":"Home","item":"https:\/\/bpctravel.lt\/"},{"@type":"ListItem","position":2,"name":"Pagalbos linijos vadybininkas\/-\u0117"}]},{"@type":"WebSite","@id":"https:\/\/bpctravel.lt\/#website","url":"https:\/\/bpctravel.lt\/","name":"BPC travel","description":"","potentialAction":[{"@type":"SearchAction","target":{"@type":"EntryPoint","urlTemplate":"https:\/\/bpctravel.lt\/?s={search_term_string}"},"query-input":{"@type":"PropertyValueSpecification","valueRequired":true,"valueName":"search_term_string"}}],"inLanguage":"en-GB"}]}},"_links":{"self":[{"href":"https:\/\/bpctravel.lt\/en\/wp-json\/wp\/v2\/pages\/19862","targetHints":{"allow":["GET"]}}],"collection":[{"href":"https:\/\/bpctravel.lt\/en\/wp-json\/wp\/v2\/pages"}],"about":[{"href":"https:\/\/bpctravel.lt\/en\/wp-json\/wp\/v2\/types\/page"}],"author":[{"embeddable":true,"href":"https:\/\/bpctravel.lt\/en\/wp-json\/wp\/v2\/users\/1"}],"replies":[{"embeddable":true,"href":"https:\/\/bpctravel.lt\/en\/wp-json\/wp\/v2\/comments?post=19862"}],"version-history":[{"count":0,"href":"https:\/\/bpctravel.lt\/en\/wp-json\/wp\/v2\/pages\/19862\/revisions"}],"wp:attachment":[{"href":"https:\/\/bpctravel.lt\/en\/wp-json\/wp\/v2\/media?parent=19862"}],"curies":[{"name":"wp","href":"https:\/\/api.w.org\/{rel}","templated":true}]}}