{"id":21527,"date":"2024-08-16T08:02:49","date_gmt":"2024-08-16T08:02:49","guid":{"rendered":"https:\/\/bpctravel.lt\/?page_id=21527"},"modified":"2024-10-31T11:01:42","modified_gmt":"2024-10-31T11:01:42","slug":"keliones-atmintine-keleiviui","status":"publish","type":"page","link":"https:\/\/bpctravel.lt\/en\/keliones-atmintine-keleiviui\/","title":{"rendered":"Kelion\u0117s atmintin\u0117 keleiviui"},"content":{"rendered":"<div data-elementor-type=\"wp-page\" data-elementor-id=\"21527\" class=\"elementor elementor-21527\">\n\t\t\t\t\t\t<section class=\"elementor-section elementor-top-section elementor-element elementor-element-7229605 elementor-section-boxed elementor-section-height-default elementor-section-height-default\" data-id=\"7229605\" data-element_type=\"section\" data-e-type=\"section\" data-settings=\"{&quot;background_background&quot;:&quot;classic&quot;,&quot;shape_divider_bottom&quot;:&quot;tilt&quot;}\">\n\t\t\t\t\t<div class=\"elementor-shape elementor-shape-bottom\" aria-hidden=\"true\" data-negative=\"false\">\n\t\t\t<svg xmlns=\"http:\/\/www.w3.org\/2000\/svg\" viewbox=\"0 0 1000 100\" preserveaspectratio=\"none\">\n\t<path class=\"elementor-shape-fill\" d=\"M0,6V0h1000v100L0,6z\"\/>\n<\/svg>\t\t<\/div>\n\t\t\t\t\t<div class=\"elementor-container elementor-column-gap-default\">\n\t\t\t\t\t<div class=\"elementor-column elementor-col-100 elementor-top-column elementor-element elementor-element-97447d3\" data-id=\"97447d3\" data-element_type=\"column\" data-e-type=\"column\">\n\t\t\t<div class=\"elementor-widget-wrap elementor-element-populated\">\n\t\t\t\t\t\t<div class=\"elementor-element elementor-element-27cfc98 display-1 elementor-widget elementor-widget-heading\" data-id=\"27cfc98\" data-element_type=\"widget\" data-e-type=\"widget\" data-widget_type=\"heading.default\">\n\t\t\t\t<div class=\"elementor-widget-container\">\n\t\t\t\t\t<h1 class=\"elementor-heading-title elementor-size-default\">Kelion\u0117s atmintin\u0117 keleiviui<\/h1>\t\t\t\t<\/div>\n\t\t\t\t<\/div>\n\t\t\t\t\t<\/div>\n\t\t<\/div>\n\t\t\t\t\t<\/div>\n\t\t<\/section>\n\t\t\t\t<section class=\"elementor-section elementor-top-section elementor-element elementor-element-baad0c1 elementor-section-boxed elementor-section-height-default elementor-section-height-default\" data-id=\"baad0c1\" data-element_type=\"section\" data-e-type=\"section\">\n\t\t\t\t\t\t<div class=\"elementor-container elementor-column-gap-default\">\n\t\t\t\t\t<div class=\"elementor-column elementor-col-100 elementor-top-column elementor-element elementor-element-4b525a4\" data-id=\"4b525a4\" data-element_type=\"column\" data-e-type=\"column\">\n\t\t\t<div class=\"elementor-widget-wrap elementor-element-populated\">\n\t\t\t\t\t\t<section class=\"elementor-section elementor-inner-section elementor-element elementor-element-250641a elementor-section-boxed elementor-section-height-default elementor-section-height-default\" data-id=\"250641a\" data-element_type=\"section\" data-e-type=\"section\">\n\t\t\t\t\t\t<div class=\"elementor-container elementor-column-gap-default\">\n\t\t\t\t\t<div class=\"elementor-column elementor-col-100 elementor-inner-column elementor-element elementor-element-40ddc65 custom-text-page\" data-id=\"40ddc65\" data-element_type=\"column\" data-e-type=\"column\" data-settings=\"{&quot;background_background&quot;:&quot;classic&quot;}\">\n\t\t\t<div class=\"elementor-widget-wrap elementor-element-populated\">\n\t\t\t\t\t\t<div class=\"elementor-element elementor-element-242db58 ot-view-stacked align-top-elements elementor-widget elementor-widget-ot-icon-list\" data-id=\"242db58\" data-element_type=\"widget\" data-e-type=\"widget\" data-widget_type=\"ot-icon-list.default\">\n\t\t\t\t<div class=\"elementor-widget-container\">\n\t\t\t\t\t\t        <div class=\"ot-icon-list-wrapper\">\r\n\t        \t<ul class=\"unstyle ot-icon-list-items\">\r\n\t        \t\t\t        \t\t\t<li class=\"ot-icon-list-item\">\r\n\t        \t\t\t\t\r\n\t\t\t\t\t\t\t<span class=\"ot-icon-list-icon\">\r\n\t\t\t\t\t\t\t\t<svg aria-hidden=\"true\" class=\"e-font-icon-svg e-far-sticky-note\" viewbox=\"0 0 448 512\" xmlns=\"http:\/\/www.w3.org\/2000\/svg\"><path d=\"M448 348.106V80c0-26.51-21.49-48-48-48H48C21.49 32 0 53.49 0 80v351.988c0 26.51 21.49 48 48 48h268.118a48 48 0 0 0 33.941-14.059l83.882-83.882A48 48 0 0 0 448 348.106zm-128 80v-76.118h76.118L320 428.106zM400 80v223.988H296c-13.255 0-24 10.745-24 24v104H48V80h352z\"><\/path><\/svg>\t\t\t\t\t\t\t<\/span>\r\n\t\t\t\t\t\t\t\t\t\t\t\t\t\t<span class=\"ot-icon-list-text\">Bilietai ir skryd\u017eiai turi b\u016bti naudojami eil\u0117s tvarka. Jei nesinaudosite nors vienu skryd\u017eiu ar bilietu, informuokite vadybinink\u0105 ne v\u0117liau  nei 24 val. iki kelion\u0117s prad\u017eios.<\/span>\r\n\t\t\t\t\t\t\t\t        \t\t\t<\/li>\r\n\t        \t\t\t        \t\t\t<li class=\"ot-icon-list-item\">\r\n\t        \t\t\t\t\r\n\t\t\t\t\t\t\t<span class=\"ot-icon-list-icon\">\r\n\t\t\t\t\t\t\t\t<svg aria-hidden=\"true\" class=\"e-font-icon-svg e-far-sticky-note\" viewbox=\"0 0 448 512\" xmlns=\"http:\/\/www.w3.org\/2000\/svg\"><path d=\"M448 348.106V80c0-26.51-21.49-48-48-48H48C21.49 32 0 53.49 0 80v351.988c0 26.51 21.49 48 48 48h268.118a48 48 0 0 0 33.941-14.059l83.882-83.882A48 48 0 0 0 448 348.106zm-128 80v-76.118h76.118L320 428.106zM400 80v223.988H296c-13.255 0-24 10.745-24 24v104H48V80h352z\"><\/path><\/svg>\t\t\t\t\t\t\t<\/span>\r\n\t\t\t\t\t\t\t\t\t\t\t\t\t\t<span class=\"ot-icon-list-text\">\u012esitikinkite, ar turite visus reikalingus kelion\u0117s dokumentus: u\u017esienyje galiojant\u012f pas\u0105, viz\u0105, draudim\u0105 ir t.t. Informacij\u0105 apie asmens  tapatyb\u0117s kortel\u0117s galiojim\u0105 rasite www.urm.lt. Paso galiojimo laikas tur\u0117t\u0173 b\u016bti ne ma\u017eiau nei 6 m\u0117nesiai nuo kelion\u0117s pabaigos.<\/span>\r\n\t\t\t\t\t\t\t\t        \t\t\t<\/li>\r\n\t        \t\t\t        \t\t\t<li class=\"ot-icon-list-item\">\r\n\t        \t\t\t\t\r\n\t\t\t\t\t\t\t<span class=\"ot-icon-list-icon\">\r\n\t\t\t\t\t\t\t\t<svg aria-hidden=\"true\" class=\"e-font-icon-svg e-far-sticky-note\" viewbox=\"0 0 448 512\" xmlns=\"http:\/\/www.w3.org\/2000\/svg\"><path d=\"M448 348.106V80c0-26.51-21.49-48-48-48H48C21.49 32 0 53.49 0 80v351.988c0 26.51 21.49 48 48 48h268.118a48 48 0 0 0 33.941-14.059l83.882-83.882A48 48 0 0 0 448 348.106zm-128 80v-76.118h76.118L320 428.106zM400 80v223.988H296c-13.255 0-24 10.745-24 24v104H48V80h352z\"><\/path><\/svg>\t\t\t\t\t\t\t<\/span>\r\n\t\t\t\t\t\t\t\t\t\t\t\t\t\t<span class=\"ot-icon-list-text\">Rekomenduojame \u012f oro uost\u0105 atvykti: Europoje \u2013 2 val., kitur \u2013 3 val. iki skryd\u017eio. Jeigu tik \u012fmanoma, registruokit\u0117s internetu, kad  i\u0161vengtum\u0117te galim\u0173 mokes\u010di\u0173 oro uos te bei sutaupytum\u0117te laik\u0105.<\/span>\r\n\t\t\t\t\t\t\t\t        \t\t\t<\/li>\r\n\t        \t\t\t        \t<\/ul>\r\n\t        <\/div>\r\n\t    \t\t\t\t<\/div>\n\t\t\t\t<\/div>\n\t\t\t\t<div class=\"elementor-element elementor-element-4b85aba display-6 elementor-widget elementor-widget-heading\" data-id=\"4b85aba\" data-element_type=\"widget\" data-e-type=\"widget\" data-widget_type=\"heading.default\">\n\t\t\t\t<div class=\"elementor-widget-container\">\n\t\t\t\t\t<h6 class=\"elementor-heading-title elementor-size-default\">______________________________<\/h6>\t\t\t\t<\/div>\n\t\t\t\t<\/div>\n\t\t\t\t<div class=\"elementor-element elementor-element-c33463b ot-view-stacked align-top-elements elementor-widget elementor-widget-ot-icon-list\" data-id=\"c33463b\" data-element_type=\"widget\" data-e-type=\"widget\" data-widget_type=\"ot-icon-list.default\">\n\t\t\t\t<div class=\"elementor-widget-container\">\n\t\t\t\t\t\t        <div class=\"ot-icon-list-wrapper\">\r\n\t        \t<ul class=\"unstyle ot-icon-list-items\">\r\n\t        \t\t\t        \t\t\t<li class=\"ot-icon-list-item\">\r\n\t        \t\t\t\t\r\n\t\t\t\t\t\t\t<span class=\"ot-icon-list-icon\">\r\n\t\t\t\t\t\t\t\t<svg aria-hidden=\"true\" class=\"e-font-icon-svg e-far-sticky-note\" viewbox=\"0 0 448 512\" xmlns=\"http:\/\/www.w3.org\/2000\/svg\"><path d=\"M448 348.106V80c0-26.51-21.49-48-48-48H48C21.49 32 0 53.49 0 80v351.988c0 26.51 21.49 48 48 48h268.118a48 48 0 0 0 33.941-14.059l83.882-83.882A48 48 0 0 0 448 348.106zm-128 80v-76.118h76.118L320 428.106zM400 80v223.988H296c-13.255 0-24 10.745-24 24v104H48V80h352z\"><\/path><\/svg>\t\t\t\t\t\t\t<\/span>\r\n\t\t\t\t\t\t\t\t\t\t\t\t\t\t<span class=\"ot-icon-list-text\">Tickets and flights must be used in numerical order. Should you refuse using a flight or ticket, notify the manager thereof no later than 24 hours before the flight. <\/span>\r\n\t\t\t\t\t\t\t\t        \t\t\t<\/li>\r\n\t        \t\t\t        \t\t\t<li class=\"ot-icon-list-item\">\r\n\t        \t\t\t\t\r\n\t\t\t\t\t\t\t<span class=\"ot-icon-list-icon\">\r\n\t\t\t\t\t\t\t\t<svg aria-hidden=\"true\" class=\"e-font-icon-svg e-far-sticky-note\" viewbox=\"0 0 448 512\" xmlns=\"http:\/\/www.w3.org\/2000\/svg\"><path d=\"M448 348.106V80c0-26.51-21.49-48-48-48H48C21.49 32 0 53.49 0 80v351.988c0 26.51 21.49 48 48 48h268.118a48 48 0 0 0 33.941-14.059l83.882-83.882A48 48 0 0 0 448 348.106zm-128 80v-76.118h76.118L320 428.106zM400 80v223.988H296c-13.255 0-24 10.745-24 24v104H48V80h352z\"><\/path><\/svg>\t\t\t\t\t\t\t<\/span>\r\n\t\t\t\t\t\t\t\t\t\t\t\t\t\t<span class=\"ot-icon-list-text\">Make sure you have all necessary travel documents: a valid passport acceptable abroad, a visa, an insurance, etc.  Information on the validity of ID is available on www.urm.lt. Your passport must be valid no less than 6 months after the flight.<\/span>\r\n\t\t\t\t\t\t\t\t        \t\t\t<\/li>\r\n\t        \t\t\t        \t\t\t<li class=\"ot-icon-list-item\">\r\n\t        \t\t\t\t\r\n\t\t\t\t\t\t\t<span class=\"ot-icon-list-icon\">\r\n\t\t\t\t\t\t\t\t<svg aria-hidden=\"true\" class=\"e-font-icon-svg e-far-sticky-note\" viewbox=\"0 0 448 512\" xmlns=\"http:\/\/www.w3.org\/2000\/svg\"><path d=\"M448 348.106V80c0-26.51-21.49-48-48-48H48C21.49 32 0 53.49 0 80v351.988c0 26.51 21.49 48 48 48h268.118a48 48 0 0 0 33.941-14.059l83.882-83.882A48 48 0 0 0 448 348.106zm-128 80v-76.118h76.118L320 428.106zM400 80v223.988H296c-13.255 0-24 10.745-24 24v104H48V80h352z\"><\/path><\/svg>\t\t\t\t\t\t\t<\/span>\r\n\t\t\t\t\t\t\t\t\t\t\t\t\t\t<span class=\"ot-icon-list-text\">It is recommended that you arrive at the airport: for Europe \u2013 2 hours,  elsewhere  \u2013 3 hours before the flight. If possible, please check-in online so as to avoid any additional fees at the airport and save your time.<\/span>\r\n\t\t\t\t\t\t\t\t        \t\t\t<\/li>\r\n\t        \t\t\t        \t<\/ul>\r\n\t        <\/div>\r\n\t    \t\t\t\t<\/div>\n\t\t\t\t<\/div>\n\t\t\t\t\t<\/div>\n\t\t<\/div>\n\t\t\t\t\t<\/div>\n\t\t<\/section>\n\t\t\t\t\t<\/div>\n\t\t<\/div>\n\t\t\t\t\t<\/div>\n\t\t<\/section>\n\t\t\t\t<\/div>","protected":false},"excerpt":{"rendered":"<p>Kelion\u0117s atmintin\u0117 keleiviui Bilietai ir skryd\u017eiai turi b\u016bti naudojami eil\u0117s tvarka. Jei nesinaudosite nors vienu skryd\u017eiu ar bilietu, informuokite vadybinink\u0105 ne v\u0117liau nei 24 val. iki kelion\u0117s prad\u017eios. \u012esitikinkite, ar turite visus reikalingus kelion\u0117s dokumentus: u\u017esienyje galiojant\u012f pas\u0105, viz\u0105, draudim\u0105 ir t.t. Informacij\u0105 apie asmens tapatyb\u0117s kortel\u0117s galiojim\u0105 rasite www.urm.lt. Paso galiojimo laikas tur\u0117t\u0173 b\u016bti [&hellip;]<\/p>\n","protected":false},"author":1,"featured_media":0,"parent":0,"menu_order":0,"comment_status":"closed","ping_status":"closed","template":"","meta":{"footnotes":""},"class_list":["post-21527","page","type-page","status-publish","hentry"],"yoast_head":"<!-- This site is optimized with the Yoast SEO plugin v27.3 - https:\/\/yoast.com\/product\/yoast-seo-wordpress\/ -->\n<title>Kelion\u0117s atmintin\u0117 keleiviui - BPC travel<\/title>\n<meta name=\"robots\" content=\"index, follow, max-snippet:-1, max-image-preview:large, max-video-preview:-1\" \/>\n<link rel=\"canonical\" href=\"https:\/\/bpctravel.lt\/en\/keliones-atmintine-keleiviui\/\" \/>\n<meta property=\"og:locale\" content=\"en_GB\" \/>\n<meta property=\"og:type\" content=\"article\" \/>\n<meta property=\"og:title\" content=\"Kelion\u0117s atmintin\u0117 keleiviui - BPC travel\" \/>\n<meta property=\"og:description\" content=\"Kelion\u0117s atmintin\u0117 keleiviui Bilietai ir skryd\u017eiai turi b\u016bti naudojami eil\u0117s tvarka. Jei nesinaudosite nors vienu skryd\u017eiu ar bilietu, informuokite vadybinink\u0105 ne v\u0117liau nei 24 val. iki kelion\u0117s prad\u017eios. \u012esitikinkite, ar turite visus reikalingus kelion\u0117s dokumentus: u\u017esienyje galiojant\u012f pas\u0105, viz\u0105, draudim\u0105 ir t.t. Informacij\u0105 apie asmens tapatyb\u0117s kortel\u0117s galiojim\u0105 rasite www.urm.lt. Paso galiojimo laikas tur\u0117t\u0173 b\u016bti [&hellip;]\" \/>\n<meta property=\"og:url\" content=\"https:\/\/bpctravel.lt\/en\/keliones-atmintine-keleiviui\/\" \/>\n<meta property=\"og:site_name\" content=\"BPC travel\" \/>\n<meta property=\"article:publisher\" content=\"https:\/\/www.facebook.com\/BPCtravelKeliones\" \/>\n<meta property=\"article:modified_time\" content=\"2024-10-31T11:01:42+00:00\" \/>\n<meta name=\"twitter:card\" content=\"summary_large_image\" \/>\n<meta name=\"twitter:label1\" content=\"Estimated reading time\" \/>\n\t<meta name=\"twitter:data1\" content=\"2 minutes\" \/>\n<script type=\"application\/ld+json\" class=\"yoast-schema-graph\">{\"@context\":\"https:\\\/\\\/schema.org\",\"@graph\":[{\"@type\":\"WebPage\",\"@id\":\"https:\\\/\\\/bpctravel.lt\\\/keliones-atmintine-keleiviui\\\/\",\"url\":\"https:\\\/\\\/bpctravel.lt\\\/keliones-atmintine-keleiviui\\\/\",\"name\":\"Kelion\u0117s atmintin\u0117 keleiviui - BPC travel\",\"isPartOf\":{\"@id\":\"https:\\\/\\\/bpctravel.lt\\\/#website\"},\"datePublished\":\"2024-08-16T08:02:49+00:00\",\"dateModified\":\"2024-10-31T11:01:42+00:00\",\"breadcrumb\":{\"@id\":\"https:\\\/\\\/bpctravel.lt\\\/keliones-atmintine-keleiviui\\\/#breadcrumb\"},\"inLanguage\":\"en-GB\",\"potentialAction\":[{\"@type\":\"ReadAction\",\"target\":[\"https:\\\/\\\/bpctravel.lt\\\/keliones-atmintine-keleiviui\\\/\"]}]},{\"@type\":\"BreadcrumbList\",\"@id\":\"https:\\\/\\\/bpctravel.lt\\\/keliones-atmintine-keleiviui\\\/#breadcrumb\",\"itemListElement\":[{\"@type\":\"ListItem\",\"position\":1,\"name\":\"Home\",\"item\":\"https:\\\/\\\/bpctravel.lt\\\/\"},{\"@type\":\"ListItem\",\"position\":2,\"name\":\"Kelion\u0117s atmintin\u0117 keleiviui\"}]},{\"@type\":\"WebSite\",\"@id\":\"https:\\\/\\\/bpctravel.lt\\\/#website\",\"url\":\"https:\\\/\\\/bpctravel.lt\\\/\",\"name\":\"BPC travel\",\"description\":\"\",\"potentialAction\":[{\"@type\":\"SearchAction\",\"target\":{\"@type\":\"EntryPoint\",\"urlTemplate\":\"https:\\\/\\\/bpctravel.lt\\\/?s={search_term_string}\"},\"query-input\":{\"@type\":\"PropertyValueSpecification\",\"valueRequired\":true,\"valueName\":\"search_term_string\"}}],\"inLanguage\":\"en-GB\"}]}<\/script>\n<!-- \/ Yoast SEO plugin. -->","yoast_head_json":{"title":"Kelion\u0117s atmintin\u0117 keleiviui - BPC travel","robots":{"index":"index","follow":"follow","max-snippet":"max-snippet:-1","max-image-preview":"max-image-preview:large","max-video-preview":"max-video-preview:-1"},"canonical":"https:\/\/bpctravel.lt\/en\/keliones-atmintine-keleiviui\/","og_locale":"en_GB","og_type":"article","og_title":"Kelion\u0117s atmintin\u0117 keleiviui - BPC travel","og_description":"Kelion\u0117s atmintin\u0117 keleiviui Bilietai ir skryd\u017eiai turi b\u016bti naudojami eil\u0117s tvarka. Jei nesinaudosite nors vienu skryd\u017eiu ar bilietu, informuokite vadybinink\u0105 ne v\u0117liau nei 24 val. iki kelion\u0117s prad\u017eios. \u012esitikinkite, ar turite visus reikalingus kelion\u0117s dokumentus: u\u017esienyje galiojant\u012f pas\u0105, viz\u0105, draudim\u0105 ir t.t. Informacij\u0105 apie asmens tapatyb\u0117s kortel\u0117s galiojim\u0105 rasite www.urm.lt. Paso galiojimo laikas tur\u0117t\u0173 b\u016bti [&hellip;]","og_url":"https:\/\/bpctravel.lt\/en\/keliones-atmintine-keleiviui\/","og_site_name":"BPC travel","article_publisher":"https:\/\/www.facebook.com\/BPCtravelKeliones","article_modified_time":"2024-10-31T11:01:42+00:00","twitter_card":"summary_large_image","twitter_misc":{"Estimated reading time":"2 minutes"},"schema":{"@context":"https:\/\/schema.org","@graph":[{"@type":"WebPage","@id":"https:\/\/bpctravel.lt\/keliones-atmintine-keleiviui\/","url":"https:\/\/bpctravel.lt\/keliones-atmintine-keleiviui\/","name":"Kelion\u0117s atmintin\u0117 keleiviui - BPC travel","isPartOf":{"@id":"https:\/\/bpctravel.lt\/#website"},"datePublished":"2024-08-16T08:02:49+00:00","dateModified":"2024-10-31T11:01:42+00:00","breadcrumb":{"@id":"https:\/\/bpctravel.lt\/keliones-atmintine-keleiviui\/#breadcrumb"},"inLanguage":"en-GB","potentialAction":[{"@type":"ReadAction","target":["https:\/\/bpctravel.lt\/keliones-atmintine-keleiviui\/"]}]},{"@type":"BreadcrumbList","@id":"https:\/\/bpctravel.lt\/keliones-atmintine-keleiviui\/#breadcrumb","itemListElement":[{"@type":"ListItem","position":1,"name":"Home","item":"https:\/\/bpctravel.lt\/"},{"@type":"ListItem","position":2,"name":"Kelion\u0117s atmintin\u0117 keleiviui"}]},{"@type":"WebSite","@id":"https:\/\/bpctravel.lt\/#website","url":"https:\/\/bpctravel.lt\/","name":"BPC travel","description":"","potentialAction":[{"@type":"SearchAction","target":{"@type":"EntryPoint","urlTemplate":"https:\/\/bpctravel.lt\/?s={search_term_string}"},"query-input":{"@type":"PropertyValueSpecification","valueRequired":true,"valueName":"search_term_string"}}],"inLanguage":"en-GB"}]}},"_links":{"self":[{"href":"https:\/\/bpctravel.lt\/en\/wp-json\/wp\/v2\/pages\/21527","targetHints":{"allow":["GET"]}}],"collection":[{"href":"https:\/\/bpctravel.lt\/en\/wp-json\/wp\/v2\/pages"}],"about":[{"href":"https:\/\/bpctravel.lt\/en\/wp-json\/wp\/v2\/types\/page"}],"author":[{"embeddable":true,"href":"https:\/\/bpctravel.lt\/en\/wp-json\/wp\/v2\/users\/1"}],"replies":[{"embeddable":true,"href":"https:\/\/bpctravel.lt\/en\/wp-json\/wp\/v2\/comments?post=21527"}],"version-history":[{"count":0,"href":"https:\/\/bpctravel.lt\/en\/wp-json\/wp\/v2\/pages\/21527\/revisions"}],"wp:attachment":[{"href":"https:\/\/bpctravel.lt\/en\/wp-json\/wp\/v2\/media?parent=21527"}],"curies":[{"name":"wp","href":"https:\/\/api.w.org\/{rel}","templated":true}]}}