{"id":22334,"date":"2025-01-25T08:27:17","date_gmt":"2025-01-25T08:27:17","guid":{"rendered":"https:\/\/bpctravel.lt\/?page_id=22334"},"modified":"2026-03-02T13:23:37","modified_gmt":"2026-03-02T13:23:37","slug":"verslo-kelioniu-uzsakymas","status":"publish","type":"page","link":"https:\/\/bpctravel.lt\/en\/verslo-kelioniu-uzsakymas\/","title":{"rendered":"Verslo kelioni\u0173 u\u017esakymas"},"content":{"rendered":"<div data-elementor-type=\"wp-page\" data-elementor-id=\"22334\" class=\"elementor elementor-22334\">\n\t\t\t\t\t\t<section class=\"elementor-section elementor-top-section elementor-element elementor-element-0fa890e elementor-section-boxed elementor-section-height-default elementor-section-height-default\" data-id=\"0fa890e\" data-element_type=\"section\" data-e-type=\"section\" data-settings=\"{&quot;background_background&quot;:&quot;classic&quot;}\">\n\t\t\t\t\t\t<div class=\"elementor-container elementor-column-gap-default\">\n\t\t\t\t\t<div class=\"elementor-column elementor-col-100 elementor-top-column elementor-element elementor-element-6819189\" data-id=\"6819189\" data-element_type=\"column\" data-e-type=\"column\">\n\t\t\t<div class=\"elementor-widget-wrap elementor-element-populated\">\n\t\t\t\t\t\t<div class=\"elementor-element elementor-element-65eb7a0 display-1 elementor-widget elementor-widget-ot-heading\" data-id=\"65eb7a0\" data-element_type=\"widget\" data-e-type=\"widget\" data-widget_type=\"ot-heading.default\">\n\t\t\t\t<div class=\"elementor-widget-container\">\n\t\t\t\t\t\t\t<div class=\"ot-heading\">\r\n\t        \t        <h1 class=\"ot-heading__title h1\">Verslo kelioni\u0173 u\u017esakymas<\/h1>\t    <\/div>\r\n\t    \t\t\t\t<\/div>\n\t\t\t\t<\/div>\n\t\t\t\t<div class=\"elementor-element elementor-element-cd2d838 display-1 elementor-widget elementor-widget-ot-heading\" data-id=\"cd2d838\" data-element_type=\"widget\" data-e-type=\"widget\" data-widget_type=\"ot-heading.default\">\n\t\t\t\t<div class=\"elementor-widget-container\">\n\t\t\t\t\t\t\t<div class=\"ot-heading\">\r\n\t        \t        <h2 class=\"ot-heading__title h1\">U\u017esakykite verslo kelion\u0119 pagal savo poreikius \u2013 patog\u016bs ir lankst\u016bs kelioni\u0173 u\u017esakymo metodai<\/h2>\t    <\/div>\r\n\t    \t\t\t\t<\/div>\n\t\t\t\t<\/div>\n\t\t\t\t<div class=\"elementor-element elementor-element-f8a38ea elementor-widget__width-initial elementor-widget elementor-widget-text-editor\" data-id=\"f8a38ea\" data-element_type=\"widget\" data-e-type=\"widget\" data-widget_type=\"text-editor.default\">\n\t\t\t\t<div class=\"elementor-widget-container\">\n\t\t\t\t\t\t\t\t\t<p><strong>Verslo kelioni\u0173 u\u017esakymas per BPC TRAVEL<\/strong> sujungia agent\u016bros pagalb\u0105 su savaranki\u0161ku u\u017esakymu per<br \/><a href=\"https:\/\/bpctravel.lt\/en\/verslui\/ismanus-kelioniu-valdymas\/\">BPC Travel kelioni\u0173 valdymo sistem\u0105 (Atriis)<\/a>, <strong>mobiliaj\u0105 program\u0117l\u0119<\/strong> arba <strong>asmenin\u012f kelioni\u0173 vadybinink\u0105<\/strong>.<br \/>Tai suteikia \u012fmon\u0117ms lankstum\u0105 ir kontrol\u0119: darbuotojai gali u\u017esakyti keliones patys, o prireikus \u2013 greitai gauti 24\/7 pagalb\u0105.<\/p><p>Vienoje vietoje turite tai, kas svarbiausia komandiruot\u0117ms: <strong>kelioni\u0173 politik\u0105<\/strong>, <strong>tvirtinim\u0173 proces\u0105<\/strong>,<br \/><strong>biud\u017eet\u0173 ir i\u0161laid\u0173 kontrol\u0119<\/strong>, <strong>kelioni\u0173 dokumentus<\/strong> ir <strong>ataskaitas realiu laiku<\/strong>.<br \/><a href=\"https:\/\/bpctravel.lt\/en\/24-7-pagalba-verslo-kelionese\/\">24\/7 pagalba verslo kelion\u0117se<\/a> u\u017etikrina, kad kei\u010diantis planams<br \/>neprarasite laiko ir sprendimai bus priimti greitai.<\/p>\t\t\t\t\t\t\t\t<\/div>\n\t\t\t\t<\/div>\n\t\t\t\t\t<\/div>\n\t\t<\/div>\n\t\t\t\t\t<\/div>\n\t\t<\/section>\n\t\t<div class=\"elementor-element elementor-element-5661065 e-grid e-con-boxed e-con e-parent\" data-id=\"5661065\" data-element_type=\"container\" data-e-type=\"container\">\n\t\t\t\t\t<div class=\"e-con-inner\">\n\t\t\t\t<div class=\"elementor-element elementor-element-38ba137f lift ot-view-default elementor-widget elementor-widget-ot-iconbox\" data-id=\"38ba137f\" data-element_type=\"widget\" data-e-type=\"widget\" data-widget_type=\"ot-iconbox.default\">\n\t\t\t\t<div class=\"elementor-widget-container\">\n\t\t\t\t\t\t\t<div class=\"ot-icon-box box-content\">\r\n\t\t\t\t        <div class=\"ot-icon-box__content\">\r\n\t        \t<h2 class=\"icon-box-title\">Asmeninis BPC Travel vadybininkas<\/h2>\t\t\t\t<div class=\"icon-box-des\">U\u017esakydami verslo kelion\u0119 per Asmenin\u012f BPC Travel vadybinink\u0105, mes suplanuosime J\u016bs\u0173 kelion\u0119 nuo A iki Z \u2013 nuo skryd\u017eio ir apgyvendinimo u\u017esakymo iki transporto ir kit\u0173 paslaug\u0173. Visais kelion\u0117s aspektais pasir\u016bpins m\u016bs\u0173 profesional\u016bs vadybininkai, kad J\u016bs gal\u0117tum\u0117te sutelkti d\u0117mes\u012f \u012f svarbiausius darbus. Greitas reagavimas ir individual\u016bs pasi\u016blymai u\u017etikrins, kad kelion\u0117 b\u016bt\u0173 suorganizuota pagal J\u016bs\u0173 poreikius, o J\u016bs \u2013 be joki\u0173 r\u016bpes\u010di\u0173.<\/div>\t\t\t\t\t        \t<div class=\"icon-box-btn\">\r\n\t        \t\t<a href=\"mailto:E.Zvonkovaite@bpctravel.lt?subject=Verslo%20kelion\u0117s%20u\u017eklausa&#038;body=Nor\u0117\u010diau%20su\u017einoti%20daugiau%20apie%20J\u016bs\u0173%20paslaugas.\" class=\"more hover\">I\u0161bandyti<\/a>\r\n\t        \t<\/div>\r\n\t        \t\t\t\t<\/div>\t\r\n\t    <\/div>\r\n\t    \t\t\t\t<\/div>\n\t\t\t\t<\/div>\n\t\t\t\t<div class=\"elementor-element elementor-element-fb7a5e6 lift elementor-widget elementor-widget-image\" data-id=\"fb7a5e6\" data-element_type=\"widget\" data-e-type=\"widget\" data-widget_type=\"image.default\">\n\t\t\t\t<div class=\"elementor-widget-container\">\n\t\t\t\t\t\t\t\t\t\t\t\t\t\t\t<img fetchpriority=\"high\" decoding=\"async\" width=\"768\" height=\"738\" src=\"https:\/\/bpctravel.lt\/wp-content\/uploads\/2025\/01\/DSC8894-copy-768x738.jpg\" class=\"attachment-medium_large size-medium_large wp-image-22647\" alt=\"\" srcset=\"https:\/\/bpctravel.lt\/wp-content\/uploads\/2025\/01\/DSC8894-copy-768x738.jpg 768w, https:\/\/bpctravel.lt\/wp-content\/uploads\/2025\/01\/DSC8894-copy-300x288.jpg 300w, https:\/\/bpctravel.lt\/wp-content\/uploads\/2025\/01\/DSC8894-copy-1024x984.jpg 1024w, https:\/\/bpctravel.lt\/wp-content\/uploads\/2025\/01\/DSC8894-copy-1536x1476.jpg 1536w, https:\/\/bpctravel.lt\/wp-content\/uploads\/2025\/01\/DSC8894-copy-2048x1968.jpg 2048w, https:\/\/bpctravel.lt\/wp-content\/uploads\/2025\/01\/DSC8894-copy-12x12.jpg 12w\" sizes=\"(max-width: 768px) 100vw, 768px\" \/>\t\t\t\t\t\t\t\t\t\t\t\t\t\t\t<\/div>\n\t\t\t\t<\/div>\n\t\t\t\t\t<\/div>\n\t\t\t\t<\/div>\n\t\t<div class=\"elementor-element elementor-element-0db6e2c e-grid e-con-boxed e-con e-parent\" data-id=\"0db6e2c\" data-element_type=\"container\" data-e-type=\"container\">\n\t\t\t\t\t<div class=\"e-con-inner\">\n\t\t\t\t<div class=\"elementor-element elementor-element-75d809f lift ot-view-default elementor-widget elementor-widget-ot-iconbox\" data-id=\"75d809f\" data-element_type=\"widget\" data-e-type=\"widget\" data-widget_type=\"ot-iconbox.default\">\n\t\t\t\t<div class=\"elementor-widget-container\">\n\t\t\t\t\t\t\t<div class=\"ot-icon-box box-content\">\r\n\t\t\t\t        <div class=\"ot-icon-box__content\">\r\n\t        \t<h2 class=\"icon-box-title\">Verslo kelioni\u0173 valdymo sistema<\/h2>\t\t\t\t<div class=\"icon-box-des\"><p>\n    Verslo kelioni\u0173 u\u017esakymas per <a href=\"https:\/\/bpctravel.lt\/en\/verslui\/ismanus-kelioniu-valdymas\/\">BPC Travel kelioni\u0173 valdymo sistem\u0105 (Atriis)<\/a>\n    leid\u017eia savaranki\u0161kai u\u017esakyti <strong>skryd\u017eius<\/strong>, <strong>vie\u0161bu\u010dius<\/strong>, <strong>automobili\u0173 nuom\u0105<\/strong>\n    (ir kitus kelion\u0117s komponentus) bei visk\u0105 valdyti vienoje vietoje. Tai patogus sprendimas \u012fmon\u0117ms, kurios nori greito u\u017esakymo,\n    ai\u0161kios kontrol\u0117s ir skaidrumo.\n  <\/p><\/div>\t\t\t\t\t        \t<div class=\"icon-box-btn\">\r\n\t        \t\t<a href=\"mailto:E.Zvonkovaite@bpctravel.lt?subject=Verslo%20kelion\u0117s%20u\u017eklausa&#038;body=Nor\u0117\u010diau%20su\u017einoti%20daugiau%20apie%20J\u016bs\u0173%20paslaugas.\" class=\"more hover\">I\u0161bandyti<\/a>\r\n\t        \t<\/div>\r\n\t        \t\t\t\t<\/div>\t\r\n\t    <\/div>\r\n\t    \t\t\t\t<\/div>\n\t\t\t\t<\/div>\n\t\t\t\t<div class=\"elementor-element elementor-element-cb801b6 lift elementor-widget elementor-widget-image\" data-id=\"cb801b6\" data-element_type=\"widget\" data-e-type=\"widget\" data-widget_type=\"image.default\">\n\t\t\t\t<div class=\"elementor-widget-container\">\n\t\t\t\t\t\t\t\t\t\t\t\t\t\t\t<img decoding=\"async\" width=\"1024\" height=\"576\" src=\"https:\/\/bpctravel.lt\/wp-content\/uploads\/2022\/09\/Untitled-Presentation-3.svg\" class=\"attachment-large size-large wp-image-23150\" alt=\"BPC Travel kelioni\u0173 valdymo sprendimas\" \/>\t\t\t\t\t\t\t\t\t\t\t\t\t\t\t<\/div>\n\t\t\t\t<\/div>\n\t\t\t\t\t<\/div>\n\t\t\t\t<\/div>\n\t\t<div class=\"elementor-element elementor-element-7150e49 e-grid e-con-boxed e-con e-parent\" data-id=\"7150e49\" data-element_type=\"container\" data-e-type=\"container\">\n\t\t\t\t\t<div class=\"e-con-inner\">\n\t\t\t\t<div class=\"elementor-element elementor-element-ddc699a lift ot-view-default elementor-widget elementor-widget-ot-iconbox\" data-id=\"ddc699a\" data-element_type=\"widget\" data-e-type=\"widget\" data-widget_type=\"ot-iconbox.default\">\n\t\t\t\t<div class=\"elementor-widget-container\">\n\t\t\t\t\t\t\t<div class=\"ot-icon-box box-content\">\r\n\t\t\t\t        <div class=\"ot-icon-box__content\">\r\n\t        \t<h2 class=\"icon-box-title\">Mobilioji program\u0117l\u0117<\/h2>\t\t\t\t<div class=\"icon-box-des\">\n  <p>\n    Verslo kelioni\u0173 u\u017esakymas per program\u0117l\u0119 leid\u017eia patogiai u\u017esakyti skryd\u017eius, vie\u0161bu\u010dius ir automobili\u0173 nuom\u0105 tiesiai i\u0161 telefono.\n    Visus kelion\u0117s elementus galite valdyti <strong>bet kuriuo metu<\/strong> ir <strong>i\u0161 bet kurios vietos<\/strong>.\n    Program\u0117l\u0117 suteikia galimyb\u0119 steb\u0117ti kelion\u0117s eig\u0105, atlikti pakeitimus ir gauti realaus laiko informacij\u0105.\n  <\/p>\n\n  <ul>\n    <li><strong>Kelion\u0117s dokumentai telefone:<\/strong> bilietai, rezervacijos, kontaktai vienoje vietoje.<\/li>\n   \n    <li><strong>Pakeitim\u0173 valdymas:<\/strong> greitas reagavimas, kai kei\u010diasi planai.<\/li>\n    <li><strong>24\/7 pagalba:<\/strong> pagalba kritin\u0117se situacijose \u2013 ypa\u010d keliaujant tarptautiniu mastu.<\/li>\n  <\/ul>\n\n  <p>\n    Kelioni\u0173 u\u017esakymas per mobili\u0105j\u0105 program\u0117l\u0119 \u2013 tai greitas ir paprastas b\u016bdas valdyti verslo keliones,\n    kad J\u016bs gal\u0117tum\u0117te sutelkti d\u0117mes\u012f \u012f savo darbo u\u017eduotis.\n  <\/p><\/div>\t\t\t\t\t        \t<div class=\"icon-box-btn\">\r\n\t        \t\t<a href=\"mailto:E.Zvonkovaite@bpctravel.lt?subject=Verslo%20kelion\u0117s%20u\u017eklausa&#038;body=Nor\u0117\u010diau%20su\u017einoti%20daugiau%20apie%20J\u016bs\u0173%20paslaugas.\" class=\"more hover\">I\u0161bandyti<\/a>\r\n\t        \t<\/div>\r\n\t        \t\t\t\t<\/div>\t\r\n\t    <\/div>\r\n\t    \t\t\t\t<\/div>\n\t\t\t\t<\/div>\n\t\t\t\t<div class=\"elementor-element elementor-element-fe29aca lift elementor-widget elementor-widget-image\" data-id=\"fe29aca\" data-element_type=\"widget\" data-e-type=\"widget\" data-widget_type=\"image.default\">\n\t\t\t\t<div class=\"elementor-widget-container\">\n\t\t\t\t\t\t\t\t\t\t\t\t\t\t\t<img decoding=\"async\" width=\"1024\" height=\"576\" src=\"https:\/\/bpctravel.lt\/wp-content\/uploads\/2026\/02\/Untitled-Presentation-4-1024x576.png\" class=\"attachment-large size-large wp-image-23165\" alt=\"BPC TRAVEL KELIONI\u0172 VALDYMO MOBILI PROGRAM\u0116L\u0116\" srcset=\"https:\/\/bpctravel.lt\/wp-content\/uploads\/2026\/02\/Untitled-Presentation-4-1024x576.png 1024w, https:\/\/bpctravel.lt\/wp-content\/uploads\/2026\/02\/Untitled-Presentation-4-300x169.png 300w, https:\/\/bpctravel.lt\/wp-content\/uploads\/2026\/02\/Untitled-Presentation-4-768x432.png 768w, https:\/\/bpctravel.lt\/wp-content\/uploads\/2026\/02\/Untitled-Presentation-4-1536x864.png 1536w, https:\/\/bpctravel.lt\/wp-content\/uploads\/2026\/02\/Untitled-Presentation-4-2048x1152.png 2048w, https:\/\/bpctravel.lt\/wp-content\/uploads\/2026\/02\/Untitled-Presentation-4-18x10.png 18w\" sizes=\"(max-width: 1024px) 100vw, 1024px\" \/>\t\t\t\t\t\t\t\t\t\t\t\t\t\t\t<\/div>\n\t\t\t\t<\/div>\n\t\t\t\t\t<\/div>\n\t\t\t\t<\/div>\n\t\t\t\t<section class=\"elementor-section elementor-inner-section elementor-element elementor-element-3112a4cd elementor-section-content-middle elementor-section-boxed elementor-section-height-default elementor-section-height-default\" data-id=\"3112a4cd\" data-element_type=\"section\" data-e-type=\"section\">\n\t\t\t\t\t\t<div class=\"elementor-container elementor-column-gap-no\">\n\t\t\t\t\t<div class=\"elementor-column elementor-col-100 elementor-inner-column elementor-element elementor-element-14e42354\" data-id=\"14e42354\" data-element_type=\"column\" data-e-type=\"column\" data-settings=\"{&quot;background_background&quot;:&quot;classic&quot;}\">\n\t\t\t<div class=\"elementor-widget-wrap elementor-element-populated\">\n\t\t\t\t\t\t<div class=\"elementor-element elementor-element-65324b12 elementor-widget elementor-widget-heading\" data-id=\"65324b12\" data-element_type=\"widget\" data-e-type=\"widget\" data-widget_type=\"heading.default\">\n\t\t\t\t<div class=\"elementor-widget-container\">\n\t\t\t\t\t<h2 class=\"elementor-heading-title elementor-size-default\">Turite klausim\u0173 ?<\/h2>\t\t\t\t<\/div>\n\t\t\t\t<\/div>\n\t\t\t\t<div class=\"elementor-element elementor-element-513a80eb elementor-widget elementor-widget-text-editor\" data-id=\"513a80eb\" data-element_type=\"widget\" data-e-type=\"widget\" data-widget_type=\"text-editor.default\">\n\t\t\t\t<div class=\"elementor-widget-container\">\n\t\t\t\t\t\t\t\t\t<p>Para\u0161ykite mums ir mes su Jumis susisieksime!<\/p>\t\t\t\t\t\t\t\t<\/div>\n\t\t\t\t<\/div>\n\t\t\t\t<div class=\"elementor-element elementor-element-f2d2c25 elementor-widget elementor-widget-shortcode\" data-id=\"f2d2c25\" data-element_type=\"widget\" data-e-type=\"widget\" data-widget_type=\"shortcode.default\">\n\t\t\t\t<div class=\"elementor-widget-container\">\n\t\t\t\t\t\t\t<div class=\"elementor-shortcode\">\n<div class=\"wpcf7 no-js\" id=\"wpcf7-f2414-o1\" lang=\"en-US\" dir=\"ltr\" data-wpcf7-id=\"2414\">\n<div class=\"screen-reader-response\"><p role=\"status\" aria-live=\"polite\" aria-atomic=\"true\"><\/p> <ul><\/ul><\/div>\n<form action=\"\/en\/wp-json\/wp\/v2\/pages\/22334#wpcf7-f2414-o1\" method=\"post\" class=\"wpcf7-form init\" aria-label=\"Contact form\" novalidate=\"novalidate\" data-status=\"init\" data-trp-original-action=\"\/en\/wp-json\/wp\/v2\/pages\/22334#wpcf7-f2414-o1\">\n<fieldset class=\"hidden-fields-container\"><input type=\"hidden\" name=\"_wpcf7\" value=\"2414\" \/><input type=\"hidden\" name=\"_wpcf7_version\" value=\"6.1.5\" \/><input type=\"hidden\" name=\"_wpcf7_locale\" value=\"en_US\" \/><input type=\"hidden\" name=\"_wpcf7_unit_tag\" value=\"wpcf7-f2414-o1\" \/><input type=\"hidden\" name=\"_wpcf7_container_post\" value=\"0\" \/><input type=\"hidden\" name=\"_wpcf7_posted_data_hash\" value=\"\" \/><input type=\"hidden\" name=\"_wpcf7_recaptcha_response\" value=\"\" \/>\n<\/fieldset>\n<div class=\"row gap-20\">\n\t<div class=\"col-md-12\">\n\t\t<div class=\"form-floating\">\n\t\t\t<p><input size=\"40\" maxlength=\"400\" class=\"wpcf7-form-control wpcf7-text wpcf7-validates-as-required form-control\" aria-required=\"true\" aria-invalid=\"false\" placeholder=\"Vardas *\" value=\"\" type=\"text\" name=\"your-fname\" \/>\n\t\t\t<\/p>\n\t\t<\/div>\n\t<\/div>\n\t<div class=\"col-md-6\">\n\t\t<div class=\"form-floating\">\n\t\t\t<p><input size=\"40\" maxlength=\"400\" class=\"wpcf7-form-control wpcf7-email wpcf7-validates-as-required wpcf7-text wpcf7-validates-as-email form-control\" aria-required=\"true\" aria-invalid=\"false\" placeholder=\"El. pa\u0161tas *\" value=\"\" type=\"email\" name=\"your-email\" \/>\n\t\t\t<\/p>\n\t\t<\/div>\n\t<\/div>\n\t<div class=\"col-md-6\">\n\t\t<div class=\"form-floating\">\n\t\t\t<p><input size=\"40\" maxlength=\"400\" class=\"wpcf7-form-control wpcf7-text form-control\" aria-invalid=\"false\" placeholder=\"Tel. nr\" value=\"\" type=\"text\" name=\"your-phone\" \/>\n\t\t\t<\/p>\n\t\t<\/div>\n\t<\/div>\n<\/div>\n<div class=\"form-floating h150\">\n\t<p><textarea cols=\"40\" rows=\"2\" maxlength=\"2000\" class=\"wpcf7-form-control wpcf7-textarea form-control\" aria-invalid=\"false\" placeholder=\"\u017dinut\u0117 *\" name=\"your-message\"><\/textarea>\n\t<\/p>\n<\/div>\n<div class=\"form-floating h150\">\n\t<p><span class=\"wpcf7-form-control wpcf7-acceptance\"><span class=\"wpcf7-list-item\"><label><input type=\"checkbox\" name=\"acceptance-209\" value=\"1\" aria-invalid=\"false\" \/><span class=\"wpcf7-list-item-label\">Patvirtinu, kad susipa\u017einau su <a href=\"\/en\/privatumo-politika\/\" target=\"_blank\">Privatumo politika<\/a><\/span><\/label><\/span><\/span>\n\t<\/p>\n<\/div>\n<p class=\"text-center\">\n<input class=\"wpcf7-form-control wpcf7-submit has-spinner octf-btn\" type=\"submit\" value=\"Si\u0173sti\" \/>\n<\/p>\n<p class=\"text-muted text-center\">* \u0160ie laukai yra privalomi.\n<\/p><div class=\"wpcf7-response-output\" aria-hidden=\"true\"><\/div>\n<input type=\"hidden\" name=\"trp-form-language\" value=\"en\"\/><\/form>\n<\/div>\n<\/div>\n\t\t\t\t\t\t<\/div>\n\t\t\t\t<\/div>\n\t\t\t\t\t<\/div>\n\t\t<\/div>\n\t\t\t\t\t<\/div>\n\t\t<\/section>\n\t\t\t\t<\/div>","protected":false},"excerpt":{"rendered":"<p>Verslo kelioni\u0173 u\u017esakymas U\u017esakykite verslo kelion\u0119 pagal savo poreikius \u2013 patog\u016bs ir lankst\u016bs kelioni\u0173 u\u017esakymo metodai Verslo kelioni\u0173 u\u017esakymas per BPC TRAVEL sujungia agent\u016bros pagalb\u0105 su savaranki\u0161ku u\u017esakymu perBPC Travel kelioni\u0173 valdymo sistem\u0105 (Atriis), mobiliaj\u0105 program\u0117l\u0119 arba asmenin\u012f kelioni\u0173 vadybinink\u0105.Tai suteikia \u012fmon\u0117ms lankstum\u0105 ir kontrol\u0119: darbuotojai gali u\u017esakyti keliones patys, o prireikus \u2013 greitai gauti [&hellip;]<\/p>\n","protected":false},"author":1,"featured_media":0,"parent":0,"menu_order":0,"comment_status":"closed","ping_status":"closed","template":"","meta":{"footnotes":""},"class_list":["post-22334","page","type-page","status-publish","hentry"],"yoast_head":"<!-- This site is optimized with the Yoast SEO plugin v27.3 - https:\/\/yoast.com\/product\/yoast-seo-wordpress\/ -->\n<title>Verslo kelioni\u0173 u\u017esakymas \u2013 I\u0161man\u016bs \u012frankiai ir asmenin\u0117 pagalba<\/title>\n<meta name=\"description\" content=\"Verslo kelioni\u0173 u\u017esakymas per Cytric, Teams ar mobili\u0105j\u0105 program\u0117l\u0119 su BPC Travel \u2013 patogiai ir efektyviai, su asmenine pagalba ir lankstumu\" \/>\n<meta name=\"robots\" content=\"index, follow, max-snippet:-1, max-image-preview:large, max-video-preview:-1\" \/>\n<link rel=\"canonical\" href=\"https:\/\/bpctravel.lt\/en\/verslo-kelioniu-uzsakymas\/\" \/>\n<meta property=\"og:locale\" content=\"en_GB\" \/>\n<meta property=\"og:type\" content=\"article\" \/>\n<meta property=\"og:title\" content=\"Verslo kelioni\u0173 u\u017esakymas \u2013 I\u0161man\u016bs \u012frankiai ir asmenin\u0117 pagalba\" \/>\n<meta property=\"og:description\" content=\"Verslo kelioni\u0173 u\u017esakymas per Cytric, Teams ar mobili\u0105j\u0105 program\u0117l\u0119 su BPC Travel \u2013 patogiai ir efektyviai, su asmenine pagalba ir lankstumu\" \/>\n<meta property=\"og:url\" content=\"https:\/\/bpctravel.lt\/en\/verslo-kelioniu-uzsakymas\/\" \/>\n<meta property=\"og:site_name\" content=\"BPC travel\" \/>\n<meta property=\"article:publisher\" content=\"https:\/\/www.facebook.com\/BPCtravelKeliones\" \/>\n<meta property=\"article:modified_time\" content=\"2026-03-02T13:23:37+00:00\" \/>\n<meta property=\"og:image\" content=\"https:\/\/bpctravel.lt\/wp-content\/uploads\/2025\/01\/DSC8894-copy-scaled.jpg\" \/>\n\t<meta property=\"og:image:width\" content=\"2560\" \/>\n\t<meta property=\"og:image:height\" content=\"2461\" \/>\n\t<meta property=\"og:image:type\" content=\"image\/jpeg\" \/>\n<meta name=\"twitter:card\" content=\"summary_large_image\" \/>\n<meta name=\"twitter:label1\" content=\"Estimated reading time\" \/>\n\t<meta name=\"twitter:data1\" content=\"3 minutes\" \/>\n<script type=\"application\/ld+json\" class=\"yoast-schema-graph\">{\"@context\":\"https:\\\/\\\/schema.org\",\"@graph\":[{\"@type\":\"WebPage\",\"@id\":\"https:\\\/\\\/bpctravel.lt\\\/verslo-kelioniu-uzsakymas\\\/\",\"url\":\"https:\\\/\\\/bpctravel.lt\\\/verslo-kelioniu-uzsakymas\\\/\",\"name\":\"Verslo kelioni\u0173 u\u017esakymas \u2013 I\u0161man\u016bs \u012frankiai ir asmenin\u0117 pagalba\",\"isPartOf\":{\"@id\":\"https:\\\/\\\/bpctravel.lt\\\/#website\"},\"primaryImageOfPage\":{\"@id\":\"https:\\\/\\\/bpctravel.lt\\\/verslo-kelioniu-uzsakymas\\\/#primaryimage\"},\"image\":{\"@id\":\"https:\\\/\\\/bpctravel.lt\\\/verslo-kelioniu-uzsakymas\\\/#primaryimage\"},\"thumbnailUrl\":\"https:\\\/\\\/bpctravel.lt\\\/wp-content\\\/uploads\\\/2025\\\/01\\\/DSC8894-copy-768x738.jpg\",\"datePublished\":\"2025-01-25T08:27:17+00:00\",\"dateModified\":\"2026-03-02T13:23:37+00:00\",\"description\":\"Verslo kelioni\u0173 u\u017esakymas per Cytric, Teams ar mobili\u0105j\u0105 program\u0117l\u0119 su BPC Travel \u2013 patogiai ir efektyviai, su asmenine pagalba ir lankstumu\",\"breadcrumb\":{\"@id\":\"https:\\\/\\\/bpctravel.lt\\\/verslo-kelioniu-uzsakymas\\\/#breadcrumb\"},\"inLanguage\":\"en-GB\",\"potentialAction\":[{\"@type\":\"ReadAction\",\"target\":[\"https:\\\/\\\/bpctravel.lt\\\/verslo-kelioniu-uzsakymas\\\/\"]}]},{\"@type\":\"ImageObject\",\"inLanguage\":\"en-GB\",\"@id\":\"https:\\\/\\\/bpctravel.lt\\\/verslo-kelioniu-uzsakymas\\\/#primaryimage\",\"url\":\"https:\\\/\\\/bpctravel.lt\\\/wp-content\\\/uploads\\\/2025\\\/01\\\/DSC8894-copy-768x738.jpg\",\"contentUrl\":\"https:\\\/\\\/bpctravel.lt\\\/wp-content\\\/uploads\\\/2025\\\/01\\\/DSC8894-copy-768x738.jpg\"},{\"@type\":\"BreadcrumbList\",\"@id\":\"https:\\\/\\\/bpctravel.lt\\\/verslo-kelioniu-uzsakymas\\\/#breadcrumb\",\"itemListElement\":[{\"@type\":\"ListItem\",\"position\":1,\"name\":\"Home\",\"item\":\"https:\\\/\\\/bpctravel.lt\\\/\"},{\"@type\":\"ListItem\",\"position\":2,\"name\":\"Verslo kelioni\u0173 u\u017esakymas\"}]},{\"@type\":\"WebSite\",\"@id\":\"https:\\\/\\\/bpctravel.lt\\\/#website\",\"url\":\"https:\\\/\\\/bpctravel.lt\\\/\",\"name\":\"BPC travel\",\"description\":\"\",\"potentialAction\":[{\"@type\":\"SearchAction\",\"target\":{\"@type\":\"EntryPoint\",\"urlTemplate\":\"https:\\\/\\\/bpctravel.lt\\\/?s={search_term_string}\"},\"query-input\":{\"@type\":\"PropertyValueSpecification\",\"valueRequired\":true,\"valueName\":\"search_term_string\"}}],\"inLanguage\":\"en-GB\"}]}<\/script>\n<!-- \/ Yoast SEO plugin. -->","yoast_head_json":{"title":"Verslo kelioni\u0173 u\u017esakymas \u2013 I\u0161man\u016bs \u012frankiai ir asmenin\u0117 pagalba","description":"Verslo kelioni\u0173 u\u017esakymas per Cytric, Teams ar mobili\u0105j\u0105 program\u0117l\u0119 su BPC Travel \u2013 patogiai ir efektyviai, su asmenine pagalba ir lankstumu","robots":{"index":"index","follow":"follow","max-snippet":"max-snippet:-1","max-image-preview":"max-image-preview:large","max-video-preview":"max-video-preview:-1"},"canonical":"https:\/\/bpctravel.lt\/en\/verslo-kelioniu-uzsakymas\/","og_locale":"en_GB","og_type":"article","og_title":"Verslo kelioni\u0173 u\u017esakymas \u2013 I\u0161man\u016bs \u012frankiai ir asmenin\u0117 pagalba","og_description":"Verslo kelioni\u0173 u\u017esakymas per Cytric, Teams ar mobili\u0105j\u0105 program\u0117l\u0119 su BPC Travel \u2013 patogiai ir efektyviai, su asmenine pagalba ir lankstumu","og_url":"https:\/\/bpctravel.lt\/en\/verslo-kelioniu-uzsakymas\/","og_site_name":"BPC travel","article_publisher":"https:\/\/www.facebook.com\/BPCtravelKeliones","article_modified_time":"2026-03-02T13:23:37+00:00","og_image":[{"width":2560,"height":2461,"url":"https:\/\/bpctravel.lt\/wp-content\/uploads\/2025\/01\/DSC8894-copy-scaled.jpg","type":"image\/jpeg"}],"twitter_card":"summary_large_image","twitter_misc":{"Estimated reading time":"3 minutes"},"schema":{"@context":"https:\/\/schema.org","@graph":[{"@type":"WebPage","@id":"https:\/\/bpctravel.lt\/verslo-kelioniu-uzsakymas\/","url":"https:\/\/bpctravel.lt\/verslo-kelioniu-uzsakymas\/","name":"Verslo kelioni\u0173 u\u017esakymas \u2013 I\u0161man\u016bs \u012frankiai ir asmenin\u0117 pagalba","isPartOf":{"@id":"https:\/\/bpctravel.lt\/#website"},"primaryImageOfPage":{"@id":"https:\/\/bpctravel.lt\/verslo-kelioniu-uzsakymas\/#primaryimage"},"image":{"@id":"https:\/\/bpctravel.lt\/verslo-kelioniu-uzsakymas\/#primaryimage"},"thumbnailUrl":"https:\/\/bpctravel.lt\/wp-content\/uploads\/2025\/01\/DSC8894-copy-768x738.jpg","datePublished":"2025-01-25T08:27:17+00:00","dateModified":"2026-03-02T13:23:37+00:00","description":"Verslo kelioni\u0173 u\u017esakymas per Cytric, Teams ar mobili\u0105j\u0105 program\u0117l\u0119 su BPC Travel \u2013 patogiai ir efektyviai, su asmenine pagalba ir lankstumu","breadcrumb":{"@id":"https:\/\/bpctravel.lt\/verslo-kelioniu-uzsakymas\/#breadcrumb"},"inLanguage":"en-GB","potentialAction":[{"@type":"ReadAction","target":["https:\/\/bpctravel.lt\/verslo-kelioniu-uzsakymas\/"]}]},{"@type":"ImageObject","inLanguage":"en-GB","@id":"https:\/\/bpctravel.lt\/verslo-kelioniu-uzsakymas\/#primaryimage","url":"https:\/\/bpctravel.lt\/wp-content\/uploads\/2025\/01\/DSC8894-copy-768x738.jpg","contentUrl":"https:\/\/bpctravel.lt\/wp-content\/uploads\/2025\/01\/DSC8894-copy-768x738.jpg"},{"@type":"BreadcrumbList","@id":"https:\/\/bpctravel.lt\/verslo-kelioniu-uzsakymas\/#breadcrumb","itemListElement":[{"@type":"ListItem","position":1,"name":"Home","item":"https:\/\/bpctravel.lt\/"},{"@type":"ListItem","position":2,"name":"Verslo kelioni\u0173 u\u017esakymas"}]},{"@type":"WebSite","@id":"https:\/\/bpctravel.lt\/#website","url":"https:\/\/bpctravel.lt\/","name":"BPC travel","description":"","potentialAction":[{"@type":"SearchAction","target":{"@type":"EntryPoint","urlTemplate":"https:\/\/bpctravel.lt\/?s={search_term_string}"},"query-input":{"@type":"PropertyValueSpecification","valueRequired":true,"valueName":"search_term_string"}}],"inLanguage":"en-GB"}]}},"_links":{"self":[{"href":"https:\/\/bpctravel.lt\/en\/wp-json\/wp\/v2\/pages\/22334","targetHints":{"allow":["GET"]}}],"collection":[{"href":"https:\/\/bpctravel.lt\/en\/wp-json\/wp\/v2\/pages"}],"about":[{"href":"https:\/\/bpctravel.lt\/en\/wp-json\/wp\/v2\/types\/page"}],"author":[{"embeddable":true,"href":"https:\/\/bpctravel.lt\/en\/wp-json\/wp\/v2\/users\/1"}],"replies":[{"embeddable":true,"href":"https:\/\/bpctravel.lt\/en\/wp-json\/wp\/v2\/comments?post=22334"}],"version-history":[{"count":18,"href":"https:\/\/bpctravel.lt\/en\/wp-json\/wp\/v2\/pages\/22334\/revisions"}],"predecessor-version":[{"id":23233,"href":"https:\/\/bpctravel.lt\/en\/wp-json\/wp\/v2\/pages\/22334\/revisions\/23233"}],"wp:attachment":[{"href":"https:\/\/bpctravel.lt\/en\/wp-json\/wp\/v2\/media?parent=22334"}],"curies":[{"name":"wp","href":"https:\/\/api.w.org\/{rel}","templated":true}]}}