{"id":22354,"date":"2025-01-25T08:49:59","date_gmt":"2025-01-25T08:49:59","guid":{"rendered":"https:\/\/bpctravel.lt\/?page_id=22354"},"modified":"2025-01-29T10:58:27","modified_gmt":"2025-01-29T10:58:27","slug":"motyvacines-keliones-kolektyvams","status":"publish","type":"page","link":"https:\/\/bpctravel.lt\/en\/motyvacines-keliones-kolektyvams\/","title":{"rendered":"Motyvacin\u0117s kelion\u0117s kolektyvams"},"content":{"rendered":"<div data-elementor-type=\"wp-page\" data-elementor-id=\"22354\" class=\"elementor elementor-22354\">\n\t\t\t\t\t\t<section class=\"elementor-section elementor-top-section elementor-element elementor-element-d7f06e8 elementor-section-boxed elementor-section-height-default elementor-section-height-default\" data-id=\"d7f06e8\" data-element_type=\"section\" data-e-type=\"section\" data-settings=\"{&quot;background_background&quot;:&quot;classic&quot;}\">\n\t\t\t\t\t\t<div class=\"elementor-container elementor-column-gap-default\">\n\t\t\t\t\t<div class=\"elementor-column elementor-col-100 elementor-top-column elementor-element elementor-element-36ef0dd\" data-id=\"36ef0dd\" data-element_type=\"column\" data-e-type=\"column\">\n\t\t\t<div class=\"elementor-widget-wrap elementor-element-populated\">\n\t\t\t\t\t\t<div class=\"elementor-element elementor-element-d3399e6 display-1 elementor-widget elementor-widget-ot-heading\" data-id=\"d3399e6\" data-element_type=\"widget\" data-e-type=\"widget\" data-widget_type=\"ot-heading.default\">\n\t\t\t\t<div class=\"elementor-widget-container\">\n\t\t\t\t\t\t\t<div class=\"ot-heading\">\r\n\t        \t        <h1 class=\"ot-heading__title h1\">Motyvacin\u0117s kelion\u0117s kolektyvams<\/h1>\t    <\/div>\r\n\t    \t\t\t\t<\/div>\n\t\t\t\t<\/div>\n\t\t\t\t<div class=\"elementor-element elementor-element-d427906 display-1 elementor-widget elementor-widget-ot-heading\" data-id=\"d427906\" data-element_type=\"widget\" data-e-type=\"widget\" data-widget_type=\"ot-heading.default\">\n\t\t\t\t<div class=\"elementor-widget-container\">\n\t\t\t\t\t\t\t<div class=\"ot-heading\">\r\n\t        \t        <h2 class=\"ot-heading__title h1\">Motyvacin\u0117s kelion\u0117s komandai \u2013 stiprinkite ry\u0161ius ir \u012fkv\u0117pkite tikslams<\/h2>\t    <\/div>\r\n\t    \t\t\t\t<\/div>\n\t\t\t\t<\/div>\n\t\t\t\t\t<\/div>\n\t\t<\/div>\n\t\t\t\t\t<\/div>\n\t\t<\/section>\n\t\t<div class=\"elementor-element elementor-element-efaa7d2 e-flex e-con-boxed e-con e-parent\" data-id=\"efaa7d2\" data-element_type=\"container\" data-e-type=\"container\">\n\t\t\t\t\t<div class=\"e-con-inner\">\n\t\t\t\t<div class=\"elementor-element elementor-element-5a3019d elementor-widget elementor-widget-video\" data-id=\"5a3019d\" data-element_type=\"widget\" data-e-type=\"widget\" data-settings=\"{&quot;video_type&quot;:&quot;hosted&quot;,&quot;start&quot;:&quot;0&quot;,&quot;autoplay&quot;:&quot;yes&quot;,&quot;play_on_mobile&quot;:&quot;yes&quot;,&quot;controls&quot;:&quot;yes&quot;}\" data-widget_type=\"video.default\">\n\t\t\t\t<div class=\"elementor-widget-container\">\n\t\t\t\t\t\t\t<div class=\"e-hosted-video elementor-wrapper elementor-open-inline\">\n\t\t\t\t\t<video class=\"elementor-video\" src=\"https:\/\/bpctravel.lt\/wp-content\/uploads\/2025\/01\/motyvacine-kelione.mp4\" autoplay=\"\" controls=\"\" playsinline=\"\" controlslist=\"nodownload\"><\/video>\n\t\t\t\t<\/div>\n\t\t\t\t\t\t<\/div>\n\t\t\t\t<\/div>\n\t\t\t\t\t<\/div>\n\t\t\t\t<\/div>\n\t\t\t\t<\/div>","protected":false},"excerpt":{"rendered":"<p>Motyvacin\u0117s kelion\u0117s kolektyvams Motyvacin\u0117s kelion\u0117s komandai \u2013 stiprinkite ry\u0161ius ir \u012fkv\u0117pkite tikslams https:\/\/bpctravel.lt\/wp-content\/uploads\/2025\/01\/motyvacine-kelione.mp4<\/p>","protected":false},"author":1,"featured_media":0,"parent":0,"menu_order":0,"comment_status":"closed","ping_status":"closed","template":"","meta":{"footnotes":""},"class_list":["post-22354","page","type-page","status-publish","hentry"],"yoast_head":"<!-- This site is optimized with the Yoast SEO plugin v27.3 - https:\/\/yoast.com\/product\/yoast-seo-wordpress\/ -->\n<title>Motyvacin\u0117s kelion\u0117s kolektyvams - BPC travel<\/title>\n<meta name=\"robots\" content=\"index, follow, max-snippet:-1, max-image-preview:large, max-video-preview:-1\" \/>\n<link rel=\"canonical\" href=\"https:\/\/bpctravel.lt\/en\/motyvacines-keliones-kolektyvams\/\" \/>\n<meta property=\"og:locale\" content=\"en_GB\" \/>\n<meta property=\"og:type\" content=\"article\" \/>\n<meta property=\"og:title\" content=\"Motyvacin\u0117s kelion\u0117s kolektyvams - BPC travel\" \/>\n<meta property=\"og:description\" content=\"Motyvacin\u0117s kelion\u0117s kolektyvams Motyvacin\u0117s kelion\u0117s komandai \u2013 stiprinkite ry\u0161ius ir \u012fkv\u0117pkite tikslams https:\/\/bpctravel.lt\/wp-content\/uploads\/2025\/01\/motyvacine-kelione.mp4\" \/>\n<meta property=\"og:url\" content=\"https:\/\/bpctravel.lt\/en\/motyvacines-keliones-kolektyvams\/\" \/>\n<meta property=\"og:site_name\" content=\"BPC travel\" \/>\n<meta property=\"article:publisher\" content=\"https:\/\/www.facebook.com\/BPCtravelKeliones\" \/>\n<meta property=\"article:modified_time\" content=\"2025-01-29T10:58:27+00:00\" \/>\n<meta name=\"twitter:card\" content=\"summary_large_image\" \/>\n<meta name=\"twitter:label1\" content=\"Estimated reading time\" \/>\n\t<meta name=\"twitter:data1\" content=\"1 minute\" \/>\n<script type=\"application\/ld+json\" class=\"yoast-schema-graph\">{\"@context\":\"https:\\\/\\\/schema.org\",\"@graph\":[{\"@type\":\"WebPage\",\"@id\":\"https:\\\/\\\/bpctravel.lt\\\/motyvacines-keliones-kolektyvams\\\/\",\"url\":\"https:\\\/\\\/bpctravel.lt\\\/motyvacines-keliones-kolektyvams\\\/\",\"name\":\"Motyvacin\u0117s kelion\u0117s kolektyvams - BPC travel\",\"isPartOf\":{\"@id\":\"https:\\\/\\\/bpctravel.lt\\\/#website\"},\"datePublished\":\"2025-01-25T08:49:59+00:00\",\"dateModified\":\"2025-01-29T10:58:27+00:00\",\"breadcrumb\":{\"@id\":\"https:\\\/\\\/bpctravel.lt\\\/motyvacines-keliones-kolektyvams\\\/#breadcrumb\"},\"inLanguage\":\"en-GB\",\"potentialAction\":[{\"@type\":\"ReadAction\",\"target\":[\"https:\\\/\\\/bpctravel.lt\\\/motyvacines-keliones-kolektyvams\\\/\"]}]},{\"@type\":\"BreadcrumbList\",\"@id\":\"https:\\\/\\\/bpctravel.lt\\\/motyvacines-keliones-kolektyvams\\\/#breadcrumb\",\"itemListElement\":[{\"@type\":\"ListItem\",\"position\":1,\"name\":\"Home\",\"item\":\"https:\\\/\\\/bpctravel.lt\\\/\"},{\"@type\":\"ListItem\",\"position\":2,\"name\":\"Motyvacin\u0117s kelion\u0117s kolektyvams\"}]},{\"@type\":\"WebSite\",\"@id\":\"https:\\\/\\\/bpctravel.lt\\\/#website\",\"url\":\"https:\\\/\\\/bpctravel.lt\\\/\",\"name\":\"BPC travel\",\"description\":\"\",\"potentialAction\":[{\"@type\":\"SearchAction\",\"target\":{\"@type\":\"EntryPoint\",\"urlTemplate\":\"https:\\\/\\\/bpctravel.lt\\\/?s={search_term_string}\"},\"query-input\":{\"@type\":\"PropertyValueSpecification\",\"valueRequired\":true,\"valueName\":\"search_term_string\"}}],\"inLanguage\":\"en-GB\"}]}<\/script>\n<!-- \/ Yoast SEO plugin. -->","yoast_head_json":{"title":"Motyvacin\u0117s kelion\u0117s kolektyvams - BPC travel","robots":{"index":"index","follow":"follow","max-snippet":"max-snippet:-1","max-image-preview":"max-image-preview:large","max-video-preview":"max-video-preview:-1"},"canonical":"https:\/\/bpctravel.lt\/en\/motyvacines-keliones-kolektyvams\/","og_locale":"en_GB","og_type":"article","og_title":"Motyvacin\u0117s kelion\u0117s kolektyvams - BPC travel","og_description":"Motyvacin\u0117s kelion\u0117s kolektyvams Motyvacin\u0117s kelion\u0117s komandai \u2013 stiprinkite ry\u0161ius ir \u012fkv\u0117pkite tikslams https:\/\/bpctravel.lt\/wp-content\/uploads\/2025\/01\/motyvacine-kelione.mp4","og_url":"https:\/\/bpctravel.lt\/en\/motyvacines-keliones-kolektyvams\/","og_site_name":"BPC travel","article_publisher":"https:\/\/www.facebook.com\/BPCtravelKeliones","article_modified_time":"2025-01-29T10:58:27+00:00","twitter_card":"summary_large_image","twitter_misc":{"Estimated reading time":"1 minute"},"schema":{"@context":"https:\/\/schema.org","@graph":[{"@type":"WebPage","@id":"https:\/\/bpctravel.lt\/motyvacines-keliones-kolektyvams\/","url":"https:\/\/bpctravel.lt\/motyvacines-keliones-kolektyvams\/","name":"Motyvacin\u0117s kelion\u0117s kolektyvams - BPC travel","isPartOf":{"@id":"https:\/\/bpctravel.lt\/#website"},"datePublished":"2025-01-25T08:49:59+00:00","dateModified":"2025-01-29T10:58:27+00:00","breadcrumb":{"@id":"https:\/\/bpctravel.lt\/motyvacines-keliones-kolektyvams\/#breadcrumb"},"inLanguage":"en-GB","potentialAction":[{"@type":"ReadAction","target":["https:\/\/bpctravel.lt\/motyvacines-keliones-kolektyvams\/"]}]},{"@type":"BreadcrumbList","@id":"https:\/\/bpctravel.lt\/motyvacines-keliones-kolektyvams\/#breadcrumb","itemListElement":[{"@type":"ListItem","position":1,"name":"Home","item":"https:\/\/bpctravel.lt\/"},{"@type":"ListItem","position":2,"name":"Motyvacin\u0117s kelion\u0117s kolektyvams"}]},{"@type":"WebSite","@id":"https:\/\/bpctravel.lt\/#website","url":"https:\/\/bpctravel.lt\/","name":"BPC travel","description":"","potentialAction":[{"@type":"SearchAction","target":{"@type":"EntryPoint","urlTemplate":"https:\/\/bpctravel.lt\/?s={search_term_string}"},"query-input":{"@type":"PropertyValueSpecification","valueRequired":true,"valueName":"search_term_string"}}],"inLanguage":"en-GB"}]}},"_links":{"self":[{"href":"https:\/\/bpctravel.lt\/en\/wp-json\/wp\/v2\/pages\/22354","targetHints":{"allow":["GET"]}}],"collection":[{"href":"https:\/\/bpctravel.lt\/en\/wp-json\/wp\/v2\/pages"}],"about":[{"href":"https:\/\/bpctravel.lt\/en\/wp-json\/wp\/v2\/types\/page"}],"author":[{"embeddable":true,"href":"https:\/\/bpctravel.lt\/en\/wp-json\/wp\/v2\/users\/1"}],"replies":[{"embeddable":true,"href":"https:\/\/bpctravel.lt\/en\/wp-json\/wp\/v2\/comments?post=22354"}],"version-history":[{"count":7,"href":"https:\/\/bpctravel.lt\/en\/wp-json\/wp\/v2\/pages\/22354\/revisions"}],"predecessor-version":[{"id":22668,"href":"https:\/\/bpctravel.lt\/en\/wp-json\/wp\/v2\/pages\/22354\/revisions\/22668"}],"wp:attachment":[{"href":"https:\/\/bpctravel.lt\/en\/wp-json\/wp\/v2\/media?parent=22354"}],"curies":[{"name":"wp","href":"https:\/\/api.w.org\/{rel}","templated":true}]}}