{"id":6767,"date":"2022-09-16T10:11:11","date_gmt":"2022-09-16T10:11:11","guid":{"rendered":"https:\/\/demo.oceanthemes.site\/sandbox\/?page_id=6767"},"modified":"2024-02-07T10:22:12","modified_gmt":"2024-02-07T10:22:12","slug":"verslo-kelioniu-konsultantas","status":"publish","type":"page","link":"https:\/\/bpctravel.lt\/en\/verslo-kelioniu-konsultantas\/","title":{"rendered":"Verslo kelioni\u0173 konsultantas\/-\u0117"},"content":{"rendered":"<div data-elementor-type=\"wp-page\" data-elementor-id=\"6767\" class=\"elementor elementor-6767\">\n\t\t\t\t\t\t<section class=\"elementor-section elementor-top-section elementor-element elementor-element-68ed6d0 elementor-section-boxed elementor-section-height-default elementor-section-height-default\" data-id=\"68ed6d0\" data-element_type=\"section\" data-e-type=\"section\" data-settings=\"{&quot;background_background&quot;:&quot;classic&quot;}\">\n\t\t\t\t\t\t<div class=\"elementor-container elementor-column-gap-default\">\n\t\t\t\t\t<div class=\"elementor-column elementor-col-100 elementor-top-column elementor-element elementor-element-a36d965\" data-id=\"a36d965\" data-element_type=\"column\" data-e-type=\"column\">\n\t\t\t<div class=\"elementor-widget-wrap elementor-element-populated\">\n\t\t\t\t\t\t<div class=\"elementor-element elementor-element-d6d14b3 display-1 elementor-widget elementor-widget-heading\" data-id=\"d6d14b3\" data-element_type=\"widget\" data-e-type=\"widget\" data-widget_type=\"heading.default\">\n\t\t\t\t<div class=\"elementor-widget-container\">\n\t\t\t\t\t<h1 class=\"elementor-heading-title elementor-size-default\">Verslo kelioni\u0173 konsultantas\/-\u0117<\/h1>\t\t\t\t<\/div>\n\t\t\t\t<\/div>\n\t\t\t\t<div class=\"elementor-element elementor-element-b916808 post-meta  ot-view-default elementor-widget elementor-widget-ot-icon-list\" data-id=\"b916808\" data-element_type=\"widget\" data-e-type=\"widget\" data-widget_type=\"ot-icon-list.default\">\n\t\t\t\t<div class=\"elementor-widget-container\">\n\t\t\t\t\t\t        <div class=\"ot-icon-list-wrapper\">\r\n\t        \t<ul class=\"unstyle ot-icon-list-items --inline-items\">\r\n\t        \t\t\t        \t\t\t<li class=\"ot-icon-list-item --inline-item\">\r\n\t        \t\t\t\t\r\n\t\t\t\t\t\t\t<span class=\"ot-icon-list-icon\">\r\n\t\t\t\t\t\t\t\t<i aria-hidden=\"true\" class=\"uil-clock\"><\/i>\t\t\t\t\t\t\t<\/span>\r\n\t\t\t\t\t\t\t\t\t\t\t\t\t\t<span class=\"ot-icon-list-text\">Pilnas etatas<\/span>\r\n\t\t\t\t\t\t\t\t        \t\t\t<\/li>\r\n\t        \t\t\t        \t\t\t<li class=\"ot-icon-list-item --inline-item\">\r\n\t        \t\t\t\t\r\n\t\t\t\t\t\t\t<span class=\"ot-icon-list-icon\">\r\n\t\t\t\t\t\t\t\t<i aria-hidden=\"true\" class=\"uil-location-arrow\"><\/i>\t\t\t\t\t\t\t<\/span>\r\n\t\t\t\t\t\t\t\t\t\t\t\t\t\t<span class=\"ot-icon-list-text\">Vilnius<\/span>\r\n\t\t\t\t\t\t\t\t        \t\t\t<\/li>\r\n\t        \t\t\t        \t\t\t<li class=\"ot-icon-list-item --inline-item\">\r\n\t        \t\t\t\t\r\n\t\t\t\t\t\t\t<span class=\"ot-icon-list-icon\">\r\n\t\t\t\t\t\t\t\t<i aria-hidden=\"true\" class=\"uil-suitcase-alt\"><\/i>\t\t\t\t\t\t\t<\/span>\r\n\t\t\t\t\t\t\t\t\t\t\t\t\t\t<span class=\"ot-icon-list-text\">B2B<\/span>\r\n\t\t\t\t\t\t\t\t        \t\t\t<\/li>\r\n\t        \t\t\t        \t<\/ul>\r\n\t        <\/div>\r\n\t    \t\t\t\t<\/div>\n\t\t\t\t<\/div>\n\t\t\t\t\t<\/div>\n\t\t<\/div>\n\t\t\t\t\t<\/div>\n\t\t<\/section>\n\t\t\t\t<section class=\"elementor-section elementor-top-section elementor-element elementor-element-bbdc9e9 elementor-section-boxed elementor-section-height-default elementor-section-height-default\" data-id=\"bbdc9e9\" data-element_type=\"section\" data-e-type=\"section\">\n\t\t\t\t\t\t<div class=\"elementor-container elementor-column-gap-default\">\n\t\t\t\t\t<div class=\"elementor-column elementor-col-33 elementor-top-column elementor-element elementor-element-9a3ab37\" data-id=\"9a3ab37\" data-element_type=\"column\" data-e-type=\"column\">\n\t\t\t<div class=\"elementor-widget-wrap\">\n\t\t\t\t\t\t\t<\/div>\n\t\t<\/div>\n\t\t\t\t<div class=\"elementor-column elementor-col-33 elementor-top-column elementor-element elementor-element-77968c3 card shadow-lg\" data-id=\"77968c3\" data-element_type=\"column\" data-e-type=\"column\" data-settings=\"{&quot;background_background&quot;:&quot;classic&quot;}\">\n\t\t\t<div class=\"elementor-widget-wrap elementor-element-populated\">\n\t\t\t\t\t\t<section class=\"elementor-section elementor-inner-section elementor-element elementor-element-1ade1ed elementor-section-boxed elementor-section-height-default elementor-section-height-default\" data-id=\"1ade1ed\" data-element_type=\"section\" data-e-type=\"section\">\n\t\t\t\t\t\t<div class=\"elementor-container elementor-column-gap-default\">\n\t\t\t\t\t<div class=\"elementor-column elementor-col-100 elementor-inner-column elementor-element elementor-element-3c501d6\" data-id=\"3c501d6\" data-element_type=\"column\" data-e-type=\"column\">\n\t\t\t<div class=\"elementor-widget-wrap elementor-element-populated\">\n\t\t\t\t\t\t<div class=\"elementor-element elementor-element-f7433d0 elementor-widget elementor-widget-heading\" data-id=\"f7433d0\" data-element_type=\"widget\" data-e-type=\"widget\" data-widget_type=\"heading.default\">\n\t\t\t\t<div class=\"elementor-widget-container\">\n\t\t\t\t\t<h2 class=\"elementor-heading-title elementor-size-default\">Darbo pob\u016bdis<\/h2>\t\t\t\t<\/div>\n\t\t\t\t<\/div>\n\t\t\t\t<div class=\"elementor-element elementor-element-13f664d custom-list-padding-24 elementor-widget elementor-widget-text-editor\" data-id=\"13f664d\" data-element_type=\"widget\" data-e-type=\"widget\" data-widget_type=\"text-editor.default\">\n\t\t\t\t<div class=\"elementor-widget-container\">\n\t\t\t\t\t\t\t\t\t<ul><li>Verslo kelioni\u0173 paslaug\u0173 pristatymas ir pardavimas (l\u0117ktuv\u0173, kelt\u0173, autobus\u0173, traukini\u0173<br \/>biliet\u0173, vie\u0161bu\u010di\u0173 rezervavimas ir t.t.);<\/li><li>Darbas su l\u0117ktuvo biliet\u0173 rezervacine sistema &#8211; Amadeus;<\/li><li>Operatyvus bendravimas su esamais ir b\u016bsimais klientais el. pa\u0161tu ir telefonu;<\/li><li>Klient\u0173 poreiki\u0173 i\u0161siai\u0161kinimas, pasi\u016blym\u0173 rengimas;<\/li><li>Papildom\u0173 kelioni\u0173 paslaug\u0173 si\u016blymas ir kiti darbai.<\/li><\/ul>\t\t\t\t\t\t\t\t<\/div>\n\t\t\t\t<\/div>\n\t\t\t\t<div class=\"elementor-element elementor-element-a55943b elementor-widget elementor-widget-heading\" data-id=\"a55943b\" data-element_type=\"widget\" data-e-type=\"widget\" data-widget_type=\"heading.default\">\n\t\t\t\t<div class=\"elementor-widget-container\">\n\t\t\t\t\t<h2 class=\"elementor-heading-title elementor-size-default\">Reikalavimai darbuotojui<\/h2>\t\t\t\t<\/div>\n\t\t\t\t<\/div>\n\t\t\t\t<div class=\"elementor-element elementor-element-f0f4c5a custom-list-padding-24 elementor-widget elementor-widget-text-editor\" data-id=\"f0f4c5a\" data-element_type=\"widget\" data-e-type=\"widget\" data-widget_type=\"text-editor.default\">\n\t\t\t\t<div class=\"elementor-widget-container\">\n\t\t\t\t\t\t\t\t\t<ul><li>Auk\u0161tasis arba auk\u0161tesnysis i\u0161silavinimas (turizmo srityje \u2013 b\u016bt\u0173 privalumas);<\/li><li>Ne trumpesn\u0117 nei 1 met\u0173 darbo patirtis kelioni\u0173 agent\u016broje;<\/li><li>Dalykinio bendravimo \u012fg\u016bd\u017eiai, paslaugumas, greita orientacija;<\/li><li>Geros angl\u0173 kalbos \u017einios;<\/li><li>Puik\u016bs darbo kompiuteriu \u012fg\u016bd\u017eiai.<\/li><\/ul>\t\t\t\t\t\t\t\t<\/div>\n\t\t\t\t<\/div>\n\t\t\t\t\t<\/div>\n\t\t<\/div>\n\t\t\t\t\t<\/div>\n\t\t<\/section>\n\t\t\t\t<div class=\"elementor-element elementor-element-342d6ee elementor-widget elementor-widget-heading\" data-id=\"342d6ee\" data-element_type=\"widget\" data-e-type=\"widget\" data-widget_type=\"heading.default\">\n\t\t\t\t<div class=\"elementor-widget-container\">\n\t\t\t\t\t<h2 class=\"elementor-heading-title elementor-size-default\">\u012emon\u0117 si\u016blo<\/h2>\t\t\t\t<\/div>\n\t\t\t\t<\/div>\n\t\t\t\t<section class=\"elementor-section elementor-inner-section elementor-element elementor-element-3492917 elementor-section-boxed elementor-section-height-default elementor-section-height-default\" data-id=\"3492917\" data-element_type=\"section\" data-e-type=\"section\" data-settings=\"{&quot;background_background&quot;:&quot;classic&quot;}\">\n\t\t\t\t\t\t<div class=\"elementor-container elementor-column-gap-default\">\n\t\t\t\t\t<div class=\"elementor-column elementor-col-50 elementor-inner-column elementor-element elementor-element-8dd3202\" data-id=\"8dd3202\" data-element_type=\"column\" data-e-type=\"column\" data-settings=\"{&quot;background_background&quot;:&quot;classic&quot;}\">\n\t\t\t<div class=\"elementor-widget-wrap elementor-element-populated\">\n\t\t\t\t\t\t<div class=\"elementor-element elementor-element-2282b73 ot-view-stacked ot-position-left ot-vertical-align-top elementor-widget elementor-widget-ot-iconbox\" data-id=\"2282b73\" data-element_type=\"widget\" data-e-type=\"widget\" data-widget_type=\"ot-iconbox.default\">\n\t\t\t\t<div class=\"elementor-widget-container\">\n\t\t\t\t\t\t\t<div class=\"ot-icon-box box-content\">\r\n\t\t\t\t\t\t<div class=\"ot-icon-box__icon flex-gap\">\r\n\t\t\t\t<i aria-hidden=\"true\" class=\"uil-check\"><\/i>\t        <\/div>\r\n\t        \t        <div class=\"ot-icon-box__content\">\r\n\t        \t<span class=\"icon-box-title\">Galimyb\u0119 laisvai rinktis savo darbo viet\u0105 ir darbo laik\u0105;<\/span>\t\t\t\t\t\t\t\t\t\t\t<\/div>\t\r\n\t    <\/div>\r\n\t    \t\t\t\t<\/div>\n\t\t\t\t<\/div>\n\t\t\t\t<div class=\"elementor-element elementor-element-142e617 ot-view-stacked ot-position-left ot-vertical-align-top elementor-widget elementor-widget-ot-iconbox\" data-id=\"142e617\" data-element_type=\"widget\" data-e-type=\"widget\" data-widget_type=\"ot-iconbox.default\">\n\t\t\t\t<div class=\"elementor-widget-container\">\n\t\t\t\t\t\t\t<div class=\"ot-icon-box box-content\">\r\n\t\t\t\t\t\t<div class=\"ot-icon-box__icon flex-gap\">\r\n\t\t\t\t<i aria-hidden=\"true\" class=\"uil-check\"><\/i>\t        <\/div>\r\n\t        \t        <div class=\"ot-icon-box__content\">\r\n\t        \t<span class=\"icon-box-title\">Apmokymus bei galimybes kryptingai tobulinti profesines \u017einias ir \u012fg\u016bd\u017eius;<\/span>\t\t\t\t\t\t\t\t\t\t\t<\/div>\t\r\n\t    <\/div>\r\n\t    \t\t\t\t<\/div>\n\t\t\t\t<\/div>\n\t\t\t\t\t<\/div>\n\t\t<\/div>\n\t\t\t\t<div class=\"elementor-column elementor-col-50 elementor-inner-column elementor-element elementor-element-7d6b7e9\" data-id=\"7d6b7e9\" data-element_type=\"column\" data-e-type=\"column\" data-settings=\"{&quot;background_background&quot;:&quot;classic&quot;}\">\n\t\t\t<div class=\"elementor-widget-wrap elementor-element-populated\">\n\t\t\t\t\t\t<div class=\"elementor-element elementor-element-9c5f01e ot-view-stacked ot-position-left ot-vertical-align-top elementor-widget elementor-widget-ot-iconbox\" data-id=\"9c5f01e\" data-element_type=\"widget\" data-e-type=\"widget\" data-widget_type=\"ot-iconbox.default\">\n\t\t\t\t<div class=\"elementor-widget-container\">\n\t\t\t\t\t\t\t<div class=\"ot-icon-box box-content\">\r\n\t\t\t\t\t\t<div class=\"ot-icon-box__icon flex-gap\">\r\n\t\t\t\t<i aria-hidden=\"true\" class=\"uil-check\"><\/i>\t        <\/div>\r\n\t        \t        <div class=\"ot-icon-box__content\">\r\n\t        \t<span class=\"icon-box-title\">Darbo atlyg\u012f, tiesiogiai priklausant\u012f nuo darbo rezultat\u0173;<\/span>\t\t\t\t\t\t\t\t\t\t\t<\/div>\t\r\n\t    <\/div>\r\n\t    \t\t\t\t<\/div>\n\t\t\t\t<\/div>\n\t\t\t\t<div class=\"elementor-element elementor-element-9328c6e ot-view-stacked ot-position-left ot-vertical-align-top elementor-widget elementor-widget-ot-iconbox\" data-id=\"9328c6e\" data-element_type=\"widget\" data-e-type=\"widget\" data-widget_type=\"ot-iconbox.default\">\n\t\t\t\t<div class=\"elementor-widget-container\">\n\t\t\t\t\t\t\t<div class=\"ot-icon-box box-content\">\r\n\t\t\t\t\t\t<div class=\"ot-icon-box__icon flex-gap\">\r\n\t\t\t\t<i aria-hidden=\"true\" class=\"uil-check\"><\/i>\t        <\/div>\r\n\t        \t        <div class=\"ot-icon-box__content\">\r\n\t        \t<span class=\"icon-box-title\">Nemokam\u0105 automobilio parkavim\u0105.<\/span>\t\t\t\t\t\t\t\t\t\t\t<\/div>\t\r\n\t    <\/div>\r\n\t    \t\t\t\t<\/div>\n\t\t\t\t<\/div>\n\t\t\t\t\t<\/div>\n\t\t<\/div>\n\t\t\t\t\t<\/div>\n\t\t<\/section>\n\t\t\t\t<section class=\"elementor-section elementor-inner-section elementor-element elementor-element-4c3352b elementor-section-boxed elementor-section-height-default elementor-section-height-default\" data-id=\"4c3352b\" data-element_type=\"section\" data-e-type=\"section\" data-settings=\"{&quot;background_background&quot;:&quot;classic&quot;}\">\n\t\t\t\t\t\t<div class=\"elementor-container elementor-column-gap-default\">\n\t\t\t\t\t<div class=\"elementor-column elementor-col-100 elementor-inner-column elementor-element elementor-element-3fa8cd1\" data-id=\"3fa8cd1\" data-element_type=\"column\" data-e-type=\"column\" data-settings=\"{&quot;background_background&quot;:&quot;classic&quot;}\">\n\t\t\t<div class=\"elementor-widget-wrap elementor-element-populated\">\n\t\t\t\t\t\t<div class=\"elementor-element elementor-element-b8c661b elementor-widget elementor-widget-heading\" data-id=\"b8c661b\" data-element_type=\"widget\" data-e-type=\"widget\" data-widget_type=\"heading.default\">\n\t\t\t\t<div class=\"elementor-widget-container\">\n\t\t\t\t\t<h2 class=\"elementor-heading-title elementor-size-default\">Atlyginimas<\/h2>\t\t\t\t<\/div>\n\t\t\t\t<\/div>\n\t\t\t\t<div class=\"elementor-element elementor-element-e0f9bea elementor-widget elementor-widget-text-editor\" data-id=\"e0f9bea\" data-element_type=\"widget\" data-e-type=\"widget\" data-widget_type=\"text-editor.default\">\n\t\t\t\t<div class=\"elementor-widget-container\">\n\t\t\t\t\t\t\t\t\t<p>900-2100 \u20ac\/m\u0117n. \u012f rankas<\/p>\t\t\t\t\t\t\t\t<\/div>\n\t\t\t\t<\/div>\n\t\t\t\t\t<\/div>\n\t\t<\/div>\n\t\t\t\t\t<\/div>\n\t\t<\/section>\n\t\t\t\t<div class=\"elementor-element elementor-element-7021e09 sg-popup-id-20086 elementor-widget elementor-widget-ot-btn\" data-id=\"7021e09\" data-element_type=\"widget\" data-e-type=\"widget\" data-widget_type=\"ot-btn.default\">\n\t\t\t\t<div class=\"elementor-widget-container\">\n\t\t\t\t\t\t\t<div class=\"ot-button-wrapper\">\r\n\t\t\t<a class=\"octf-btn\">\r\n\t\t\t\tAplikuoti\t\t\t\t\t\t\t<\/a>\r\n\t    <\/div>\r\n\t    \t\t\t\t<\/div>\n\t\t\t\t<\/div>\n\t\t\t\t\t<\/div>\n\t\t<\/div>\n\t\t\t\t<div class=\"elementor-column elementor-col-33 elementor-top-column elementor-element elementor-element-aa4bf75\" data-id=\"aa4bf75\" data-element_type=\"column\" data-e-type=\"column\">\n\t\t\t<div class=\"elementor-widget-wrap\">\n\t\t\t\t\t\t\t<\/div>\n\t\t<\/div>\n\t\t\t\t\t<\/div>\n\t\t<\/section>\n\t\t\t\t<\/div>","protected":false},"excerpt":{"rendered":"<p>Verslo kelioni\u0173 konsultantas\/-\u0117 Pilnas etatas Vilnius B2B Darbo pob\u016bdis Verslo kelioni\u0173 paslaug\u0173 pristatymas ir pardavimas (l\u0117ktuv\u0173, kelt\u0173, autobus\u0173, traukini\u0173biliet\u0173, vie\u0161bu\u010di\u0173 rezervavimas ir t.t.); Darbas su l\u0117ktuvo biliet\u0173 rezervacine sistema &#8211; Amadeus; Operatyvus bendravimas su esamais ir b\u016bsimais klientais el. pa\u0161tu ir telefonu; Klient\u0173 poreiki\u0173 i\u0161siai\u0161kinimas, pasi\u016blym\u0173 rengimas; Papildom\u0173 kelioni\u0173 paslaug\u0173 si\u016blymas ir kiti darbai. Reikalavimai [&hellip;]<\/p>\n","protected":false},"author":1,"featured_media":0,"parent":0,"menu_order":0,"comment_status":"closed","ping_status":"closed","template":"","meta":{"footnotes":""},"class_list":["post-6767","page","type-page","status-publish","hentry"],"yoast_head":"<!-- This site is optimized with the Yoast SEO plugin v27.3 - https:\/\/yoast.com\/product\/yoast-seo-wordpress\/ -->\n<title>Verslo kelioni\u0173 konsultantas\/-\u0117 - BPC travel<\/title>\n<meta name=\"robots\" content=\"index, follow, max-snippet:-1, max-image-preview:large, max-video-preview:-1\" \/>\n<link rel=\"canonical\" href=\"https:\/\/bpctravel.lt\/en\/verslo-kelioniu-konsultantas\/\" \/>\n<meta property=\"og:locale\" content=\"en_GB\" \/>\n<meta property=\"og:type\" content=\"article\" \/>\n<meta property=\"og:title\" content=\"Verslo kelioni\u0173 konsultantas\/-\u0117 - BPC travel\" \/>\n<meta property=\"og:description\" content=\"Verslo kelioni\u0173 konsultantas\/-\u0117 Pilnas etatas Vilnius B2B Darbo pob\u016bdis Verslo kelioni\u0173 paslaug\u0173 pristatymas ir pardavimas (l\u0117ktuv\u0173, kelt\u0173, autobus\u0173, traukini\u0173biliet\u0173, vie\u0161bu\u010di\u0173 rezervavimas ir t.t.); Darbas su l\u0117ktuvo biliet\u0173 rezervacine sistema &#8211; Amadeus; Operatyvus bendravimas su esamais ir b\u016bsimais klientais el. pa\u0161tu ir telefonu; Klient\u0173 poreiki\u0173 i\u0161siai\u0161kinimas, pasi\u016blym\u0173 rengimas; Papildom\u0173 kelioni\u0173 paslaug\u0173 si\u016blymas ir kiti darbai. Reikalavimai [&hellip;]\" \/>\n<meta property=\"og:url\" content=\"https:\/\/bpctravel.lt\/en\/verslo-kelioniu-konsultantas\/\" \/>\n<meta property=\"og:site_name\" content=\"BPC travel\" \/>\n<meta property=\"article:publisher\" content=\"https:\/\/www.facebook.com\/BPCtravelKeliones\" \/>\n<meta property=\"article:modified_time\" content=\"2024-02-07T10:22:12+00:00\" \/>\n<meta name=\"twitter:card\" content=\"summary_large_image\" \/>\n<meta name=\"twitter:label1\" content=\"Estimated reading time\" \/>\n\t<meta name=\"twitter:data1\" content=\"1 minute\" \/>\n<script type=\"application\/ld+json\" class=\"yoast-schema-graph\">{\"@context\":\"https:\\\/\\\/schema.org\",\"@graph\":[{\"@type\":\"WebPage\",\"@id\":\"https:\\\/\\\/bpctravel.lt\\\/verslo-kelioniu-konsultantas\\\/\",\"url\":\"https:\\\/\\\/bpctravel.lt\\\/verslo-kelioniu-konsultantas\\\/\",\"name\":\"Verslo kelioni\u0173 konsultantas\\\/-\u0117 - BPC travel\",\"isPartOf\":{\"@id\":\"https:\\\/\\\/bpctravel.lt\\\/#website\"},\"datePublished\":\"2022-09-16T10:11:11+00:00\",\"dateModified\":\"2024-02-07T10:22:12+00:00\",\"breadcrumb\":{\"@id\":\"https:\\\/\\\/bpctravel.lt\\\/verslo-kelioniu-konsultantas\\\/#breadcrumb\"},\"inLanguage\":\"en-GB\",\"potentialAction\":[{\"@type\":\"ReadAction\",\"target\":[\"https:\\\/\\\/bpctravel.lt\\\/verslo-kelioniu-konsultantas\\\/\"]}]},{\"@type\":\"BreadcrumbList\",\"@id\":\"https:\\\/\\\/bpctravel.lt\\\/verslo-kelioniu-konsultantas\\\/#breadcrumb\",\"itemListElement\":[{\"@type\":\"ListItem\",\"position\":1,\"name\":\"Home\",\"item\":\"https:\\\/\\\/bpctravel.lt\\\/\"},{\"@type\":\"ListItem\",\"position\":2,\"name\":\"Verslo kelioni\u0173 konsultantas\\\/-\u0117\"}]},{\"@type\":\"WebSite\",\"@id\":\"https:\\\/\\\/bpctravel.lt\\\/#website\",\"url\":\"https:\\\/\\\/bpctravel.lt\\\/\",\"name\":\"BPC travel\",\"description\":\"\",\"potentialAction\":[{\"@type\":\"SearchAction\",\"target\":{\"@type\":\"EntryPoint\",\"urlTemplate\":\"https:\\\/\\\/bpctravel.lt\\\/?s={search_term_string}\"},\"query-input\":{\"@type\":\"PropertyValueSpecification\",\"valueRequired\":true,\"valueName\":\"search_term_string\"}}],\"inLanguage\":\"en-GB\"}]}<\/script>\n<!-- \/ Yoast SEO plugin. -->","yoast_head_json":{"title":"Verslo kelioni\u0173 konsultantas\/-\u0117 - BPC travel","robots":{"index":"index","follow":"follow","max-snippet":"max-snippet:-1","max-image-preview":"max-image-preview:large","max-video-preview":"max-video-preview:-1"},"canonical":"https:\/\/bpctravel.lt\/en\/verslo-kelioniu-konsultantas\/","og_locale":"en_GB","og_type":"article","og_title":"Verslo kelioni\u0173 konsultantas\/-\u0117 - BPC travel","og_description":"Verslo kelioni\u0173 konsultantas\/-\u0117 Pilnas etatas Vilnius B2B Darbo pob\u016bdis Verslo kelioni\u0173 paslaug\u0173 pristatymas ir pardavimas (l\u0117ktuv\u0173, kelt\u0173, autobus\u0173, traukini\u0173biliet\u0173, vie\u0161bu\u010di\u0173 rezervavimas ir t.t.); Darbas su l\u0117ktuvo biliet\u0173 rezervacine sistema &#8211; Amadeus; Operatyvus bendravimas su esamais ir b\u016bsimais klientais el. pa\u0161tu ir telefonu; Klient\u0173 poreiki\u0173 i\u0161siai\u0161kinimas, pasi\u016blym\u0173 rengimas; Papildom\u0173 kelioni\u0173 paslaug\u0173 si\u016blymas ir kiti darbai. Reikalavimai [&hellip;]","og_url":"https:\/\/bpctravel.lt\/en\/verslo-kelioniu-konsultantas\/","og_site_name":"BPC travel","article_publisher":"https:\/\/www.facebook.com\/BPCtravelKeliones","article_modified_time":"2024-02-07T10:22:12+00:00","twitter_card":"summary_large_image","twitter_misc":{"Estimated reading time":"1 minute"},"schema":{"@context":"https:\/\/schema.org","@graph":[{"@type":"WebPage","@id":"https:\/\/bpctravel.lt\/verslo-kelioniu-konsultantas\/","url":"https:\/\/bpctravel.lt\/verslo-kelioniu-konsultantas\/","name":"Verslo kelioni\u0173 konsultantas\/-\u0117 - BPC travel","isPartOf":{"@id":"https:\/\/bpctravel.lt\/#website"},"datePublished":"2022-09-16T10:11:11+00:00","dateModified":"2024-02-07T10:22:12+00:00","breadcrumb":{"@id":"https:\/\/bpctravel.lt\/verslo-kelioniu-konsultantas\/#breadcrumb"},"inLanguage":"en-GB","potentialAction":[{"@type":"ReadAction","target":["https:\/\/bpctravel.lt\/verslo-kelioniu-konsultantas\/"]}]},{"@type":"BreadcrumbList","@id":"https:\/\/bpctravel.lt\/verslo-kelioniu-konsultantas\/#breadcrumb","itemListElement":[{"@type":"ListItem","position":1,"name":"Home","item":"https:\/\/bpctravel.lt\/"},{"@type":"ListItem","position":2,"name":"Verslo kelioni\u0173 konsultantas\/-\u0117"}]},{"@type":"WebSite","@id":"https:\/\/bpctravel.lt\/#website","url":"https:\/\/bpctravel.lt\/","name":"BPC travel","description":"","potentialAction":[{"@type":"SearchAction","target":{"@type":"EntryPoint","urlTemplate":"https:\/\/bpctravel.lt\/?s={search_term_string}"},"query-input":{"@type":"PropertyValueSpecification","valueRequired":true,"valueName":"search_term_string"}}],"inLanguage":"en-GB"}]}},"_links":{"self":[{"href":"https:\/\/bpctravel.lt\/en\/wp-json\/wp\/v2\/pages\/6767","targetHints":{"allow":["GET"]}}],"collection":[{"href":"https:\/\/bpctravel.lt\/en\/wp-json\/wp\/v2\/pages"}],"about":[{"href":"https:\/\/bpctravel.lt\/en\/wp-json\/wp\/v2\/types\/page"}],"author":[{"embeddable":true,"href":"https:\/\/bpctravel.lt\/en\/wp-json\/wp\/v2\/users\/1"}],"replies":[{"embeddable":true,"href":"https:\/\/bpctravel.lt\/en\/wp-json\/wp\/v2\/comments?post=6767"}],"version-history":[{"count":0,"href":"https:\/\/bpctravel.lt\/en\/wp-json\/wp\/v2\/pages\/6767\/revisions"}],"wp:attachment":[{"href":"https:\/\/bpctravel.lt\/en\/wp-json\/wp\/v2\/media?parent=6767"}],"curies":[{"name":"wp","href":"https:\/\/api.w.org\/{rel}","templated":true}]}}